{"id":21162,"date":"2023-05-02T09:55:43","date_gmt":"2023-05-02T09:55:43","guid":{"rendered":"https:\/\/occasions-teile.ch\/product\/audi-a4-fensterheberschalter-schalter-aussenspiegel-3\/"},"modified":"2024-05-29T16:39:46","modified_gmt":"2024-05-29T16:39:46","slug":"audi-a4-fensterheberschalter-schalter-aussenspiegel-3","status":"publish","type":"product","link":"https:\/\/occasions-teile.ch\/fr\/produkt\/audi-a4-fensterheberschalter-schalter-aussenspiegel-3\/","title":{"rendered":"Audi A4  Fensterheberschalter Schalter Aussenspiegel"},"content":{"rendered":"<p><span><b>Technische Daten<\/b><\/p>\n<p> Fahrzeug: Audi A4<br \/>\n Chassis Nr.: WAUZZZ8K5BA118871<br \/>\n Baujahr: 2011<br \/>\n Kilometer: 208925 KM<br \/>\n Leistung: 170 KW<br \/>\n Hubraum: 1968 ccm<br \/>\n Typ: x<br \/>\n Farbcode: White\/Weiss<br \/>\n Hinweise: &#8211;<\/p>\n<p> Versand: Versand nur in der Schweiz m\u00f6glich.Im Ausland ist der Transport k\u00e4uferseits.<br \/>\n Garantie: 3 Monate Garantie. Bitte beachten Sie, dass die Gew\u00e4hrleistung nur g\u00fcltig ist, wenn der Ersatzteileinbau durch eine Fachwerkstatt\/Meisterwerkstatt erfolgt. Das Ein- und Ausbau des Ersatzteiles kann nicht an uns verrechnet werden. <\/p>\n<p> Ersatzteil: f\u00fcr andere Fahrzeugen (Marken) verf\u00fcgbar auf anfrage. Tel.041 980 27 47. Mobil. 076 589 27 47<\/p>\n<p> Kontakt<br \/>\n  Adresse: Autoverwertung Brun AG<br \/>\n           M\u00f6\u00f6slimatten 13<br \/>\n           6218 Ettiswil<br \/>\n  Telefon: 0041 (041) 980 27 47<br \/>\n  Telefax: 0041 (041) 980 03 47<\/p>\n<p> Wir bieten Ihnen weitere gebrauchte Autoteile zum Kauf an.<br \/>\n<\/span><\/p>\n","protected":false},"excerpt":{"rendered":"<p>Technische Daten Fahrzeug: Audi A4 Chassis Nr.: WAUZZZ8K5BA118871 Baujahr: 2011 Kilometer: 208925 KM Leistung: 170 KW Hubraum: 1968 ccm Typ: x Farbcode: White\/Weiss Hinweise: &#8211; Versand: Versand nur in der Schweiz m\u00f6glich.Im Ausland ist der Transport k\u00e4uferseits. Garantie: 3 Monate Garantie. Bitte beachten Sie, dass die Gew\u00e4hrleistung nur g\u00fcltig ist, wenn der Ersatzteileinbau durch eine&hellip; <a class=\"more-link\" href=\"https:\/\/occasions-teile.ch\/fr\/produkt\/audi-a4-fensterheberschalter-schalter-aussenspiegel-3\/\">Poursuivre la lecture <span class=\"screen-reader-text\">Audi A4  Fensterheberschalter Schalter Aussenspiegel<\/span><\/a><\/p>\n","protected":false},"featured_media":21159,"template":"","meta":[],"product_brand":[],"product_cat":[23540,465,459,462,461,464,458,627,624,621,774,628,776,622,625,775,1531,1532,1533],"product_tag":[],"class_list":{"0":"post-21162","1":"product","2":"type-product","3":"status-publish","4":"has-post-thumbnail","6":"product_cat-de-2-0tdi-8w-de_a4-de_audi-manufacturer-42","7":"product_cat-fr_a4","8":"product_cat-de_a4","9":"product_cat-en_a4","10":"product_cat-en_audi","11":"product_cat-fr_audi","12":"product_cat-de_audi","13":"product_cat-fr-electricite-dispositifs-de-commande","14":"product_cat-en-electrics-control-units","15":"product_cat-de-elektrik-steuergeraete","16":"product_cat-de-fensterheberschalter-schalter-aussenspiegel","17":"product_cat-fr-interrupteur","18":"product_cat-fr-interrupteur-retroviseur-exterieur","19":"product_cat-de-schalter","20":"product_cat-en-switch","21":"product_cat-en-switch-exterior-mirror","22":"product_cat-de-wauzzz8k5ba118871","23":"product_cat-en-wauzzz8k5ba118871","24":"product_cat-fr-wauzzz8k5ba118871","25":"product_shipping_class-tarif-1","26":"entry","28":"first","29":"instock","30":"taxable","31":"shipping-taxable","32":"purchasable","33":"product-type-simple"},"jetpack_sharing_enabled":true,"_links":{"self":[{"href":"https:\/\/occasions-teile.ch\/fr\/wp-json\/wp\/v2\/product\/21162","targetHints":{"allow":["GET"]}}],"collection":[{"href":"https:\/\/occasions-teile.ch\/fr\/wp-json\/wp\/v2\/product"}],"about":[{"href":"https:\/\/occasions-teile.ch\/fr\/wp-json\/wp\/v2\/types\/product"}],"wp:featuredmedia":[{"embeddable":true,"href":"https:\/\/occasions-teile.ch\/fr\/wp-json\/wp\/v2\/media\/21159"}],"wp:attachment":[{"href":"https:\/\/occasions-teile.ch\/fr\/wp-json\/wp\/v2\/media?parent=21162"}],"wp:term":[{"taxonomy":"product_brand","embeddable":true,"href":"https:\/\/occasions-teile.ch\/fr\/wp-json\/wp\/v2\/product_brand?post=21162"},{"taxonomy":"product_cat","embeddable":true,"href":"https:\/\/occasions-teile.ch\/fr\/wp-json\/wp\/v2\/product_cat?post=21162"},{"taxonomy":"product_tag","embeddable":true,"href":"https:\/\/occasions-teile.ch\/fr\/wp-json\/wp\/v2\/product_tag?post=21162"}],"curies":[{"name":"wp","href":"https:\/\/api.w.org\/{rel}","templated":true}]}}