{"id":198210,"date":"2023-11-07T11:50:36","date_gmt":"2023-11-07T11:50:36","guid":{"rendered":"https:\/\/occasions-teile.ch\/product\/4e0919887d-navigationsrechner-audi-a6-3-0tdi\/"},"modified":"2023-11-07T11:50:36","modified_gmt":"2023-11-07T11:50:36","slug":"4e0919887d-navigationsrechner-audi-a6-3-0tdi","status":"publish","type":"product","link":"https:\/\/occasions-teile.ch\/fr\/produkt\/4e0919887d-navigationsrechner-audi-a6-3-0tdi\/","title":{"rendered":"4E0919887D Navigationsrechner Audi A6 3.0TDI"},"content":{"rendered":"<p>Technische Daten<\/p>\n<p>Fahrzeug: Audi A6 Quattro 3.0TDI<br \/>\nChassis Nr.: WAUZZZ4F56N176003<br \/>\nBaujahr: 21.04.2006<br \/>\nKilometer: 176475 KM<br \/>\nLeistung: * KW * PS<br \/>\nHubraum: 2966 ccm<br \/>\nTyp: X<br \/>\nFarbcode: LZ9Y Schwarz<br \/>\nHinweise: Das Ersatzteil wurde gepr\u00fcft und ist selbstverst\u00e4ndlich voll funktionst\u00fcchtig!<\/p>\n<p>Versand: Versand nur in der Schweiz m\u00f6glich. Im Ausland ist der Transport k\u00e4uferseits.<br \/>\nGarantie: 3 Monate Garantie. Bitte beachten Sie, dass die Gew\u00e4hrleistung nur g\u00fcltig ist, wenn der Ersatzteileinbau durch eine Fachwerkstatt\/Meisterwerkstatt erfolgt. Das Ein- und Ausbau des Ersatzteiles kann nicht an uns verrechnet werden.<\/p>\n<p>Ersatzteil: f\u00fcr andere Fahrzeugen (Marken) verf\u00fcgbar auf anfrage. Tel.041 980 27 47. Mobil. 076 589 27 47<\/p>\n<p>Kontakt<br \/>\nAdresse: Autoverwertung Brun AG<br \/>\nM\u00f6\u00f6slimatten 13<br \/>\n6218 Ettiswil<br \/>\nTelefon: 0041 (041) 980 27 47<br \/>\nTelefax: 0041 (041) 980 03 47<\/p>\n<p>Wir bieten Ihnen weitere gebrauchte Autoteile zum Kauf an.<\/p>\n","protected":false},"excerpt":{"rendered":"<p>Technische Daten Fahrzeug: Audi A6 Quattro 3.0TDI Chassis Nr.: WAUZZZ4F56N176003 Baujahr: 21.04.2006 Kilometer: 176475 KM Leistung: * KW * PS Hubraum: 2966 ccm Typ: X Farbcode: LZ9Y Schwarz Hinweise: Das Ersatzteil wurde gepr\u00fcft und ist selbstverst\u00e4ndlich voll funktionst\u00fcchtig! Versand: Versand nur in der Schweiz m\u00f6glich. Im Ausland ist der Transport k\u00e4uferseits. Garantie: 3 Monate Garantie.&hellip; <a class=\"more-link\" href=\"https:\/\/occasions-teile.ch\/fr\/produkt\/4e0919887d-navigationsrechner-audi-a6-3-0tdi\/\">Poursuivre la lecture <span class=\"screen-reader-text\">4E0919887D Navigationsrechner Audi A6 3.0TDI<\/span><\/a><\/p>\n","protected":false},"featured_media":198204,"template":"","meta":[],"product_brand":[],"product_cat":[2469,458,621,865,864],"product_tag":[],"class_list":{"0":"post-198210","1":"product","2":"type-product","3":"status-publish","4":"has-post-thumbnail","6":"product_cat-de_a6","7":"product_cat-de_audi","8":"product_cat-de-elektrik-steuergeraete","9":"product_cat-de-navigationssysteme","10":"product_cat-de-radio-navigation-telefon","11":"product_shipping_class-tarif-1","12":"entry","14":"first","15":"instock","16":"sold-individually","17":"taxable","18":"shipping-taxable","19":"purchasable","20":"product-type-simple"},"jetpack_sharing_enabled":true,"_links":{"self":[{"href":"https:\/\/occasions-teile.ch\/fr\/wp-json\/wp\/v2\/product\/198210","targetHints":{"allow":["GET"]}}],"collection":[{"href":"https:\/\/occasions-teile.ch\/fr\/wp-json\/wp\/v2\/product"}],"about":[{"href":"https:\/\/occasions-teile.ch\/fr\/wp-json\/wp\/v2\/types\/product"}],"wp:featuredmedia":[{"embeddable":true,"href":"https:\/\/occasions-teile.ch\/fr\/wp-json\/wp\/v2\/media\/198204"}],"wp:attachment":[{"href":"https:\/\/occasions-teile.ch\/fr\/wp-json\/wp\/v2\/media?parent=198210"}],"wp:term":[{"taxonomy":"product_brand","embeddable":true,"href":"https:\/\/occasions-teile.ch\/fr\/wp-json\/wp\/v2\/product_brand?post=198210"},{"taxonomy":"product_cat","embeddable":true,"href":"https:\/\/occasions-teile.ch\/fr\/wp-json\/wp\/v2\/product_cat?post=198210"},{"taxonomy":"product_tag","embeddable":true,"href":"https:\/\/occasions-teile.ch\/fr\/wp-json\/wp\/v2\/product_tag?post=198210"}],"curies":[{"name":"wp","href":"https:\/\/api.w.org\/{rel}","templated":true}]}}