{"id":195178,"date":"2023-11-07T07:03:57","date_gmt":"2023-11-07T07:03:57","guid":{"rendered":"https:\/\/occasions-teile.ch\/product\/xm-n1004-verstaerker-nissan-350z\/"},"modified":"2023-11-07T07:03:57","modified_gmt":"2023-11-07T07:03:57","slug":"xm-n1004-verstaerker-nissan-350z","status":"publish","type":"product","link":"https:\/\/occasions-teile.ch\/fr\/produkt\/xm-n1004-verstaerker-nissan-350z\/","title":{"rendered":"XM-N1004 Verst\u00e4rker Nissan 350Z"},"content":{"rendered":"<p>Technische Daten<br \/>\nSony Verst\u00e4rker<br \/>\nFahrzeug: Nissan 350Z<br \/>\nChassis Nr.: JN1GAAZ33U0007458<br \/>\nBaujahr: 26.04.2005<br \/>\nKilometer: 186646 KM<br \/>\nLeistung: 206 KW 280 PS<br \/>\nHubraum: 3498 ccm<br \/>\nTyp: 1NA259<br \/>\nFarbcode: Blau<br \/>\nHinweise: Das Ersatzteil wurde gepr\u00fcft und ist selbstverst\u00e4ndlich voll funktionst\u00fcchtig!<\/p>\n<p>Versand: Versand nur in der Schweiz m\u00f6glich. Im Ausland ist der Transport k\u00e4uferseits.<br \/>\nGarantie: 3 Monate Garantie. Bitte beachten Sie, dass die Gew\u00e4hrleistung nur g\u00fcltig ist, wenn der Ersatzteileinbau durch eine Fachwerkstatt\/Meisterwerkstatt erfolgt. Das Ein- und Ausbau des Ersatzteiles kann nicht an uns verrechnet werden.<\/p>\n<p>Ersatzteil: f\u00fcr andere Fahrzeugen (Marken) verf\u00fcgbar auf anfrage. Tel.041 980 27 47. Mobil. 076 589 27 47<\/p>\n<p>Kontakt:<br \/>\nAutoverwertung Brun AG<br \/>\nM\u00f6\u00f6slimatten 13<br \/>\n6218 Ettiswil<br \/>\nTelefon: 0041 (041) 980 27 47<br \/>\nTelefax: 0041 (041) 980 03 47<\/p>\n<p>Wir bieten Ihnen weitere gebrauchte Autoteile zum Kauf an.<\/p>\n","protected":false},"excerpt":{"rendered":"<p>Technische Daten Sony Verst\u00e4rker Fahrzeug: Nissan 350Z Chassis Nr.: JN1GAAZ33U0007458 Baujahr: 26.04.2005 Kilometer: 186646 KM Leistung: 206 KW 280 PS Hubraum: 3498 ccm Typ: 1NA259 Farbcode: Blau Hinweise: Das Ersatzteil wurde gepr\u00fcft und ist selbstverst\u00e4ndlich voll funktionst\u00fcchtig! Versand: Versand nur in der Schweiz m\u00f6glich. Im Ausland ist der Transport k\u00e4uferseits. Garantie: 3 Monate Garantie. Bitte&hellip; <a class=\"more-link\" href=\"https:\/\/occasions-teile.ch\/fr\/produkt\/xm-n1004-verstaerker-nissan-350z\/\">Poursuivre la lecture <span class=\"screen-reader-text\">XM-N1004 Verst\u00e4rker Nissan 350Z<\/span><\/a><\/p>\n","protected":false},"featured_media":195172,"template":"","meta":[],"product_brand":[],"product_cat":[1752,621,1751,864,6786],"product_tag":[],"class_list":{"0":"post-195178","1":"product","2":"type-product","3":"status-publish","4":"has-post-thumbnail","6":"product_cat-de_350-z","7":"product_cat-de-elektrik-steuergeraete","8":"product_cat-de_nissan","9":"product_cat-de-radio-navigation-telefon","10":"product_cat-telefon-bluetooth","11":"product_shipping_class-tarif-1","12":"entry","14":"first","15":"instock","16":"sold-individually","17":"taxable","18":"shipping-taxable","19":"purchasable","20":"product-type-simple"},"jetpack_sharing_enabled":true,"_links":{"self":[{"href":"https:\/\/occasions-teile.ch\/fr\/wp-json\/wp\/v2\/product\/195178","targetHints":{"allow":["GET"]}}],"collection":[{"href":"https:\/\/occasions-teile.ch\/fr\/wp-json\/wp\/v2\/product"}],"about":[{"href":"https:\/\/occasions-teile.ch\/fr\/wp-json\/wp\/v2\/types\/product"}],"wp:featuredmedia":[{"embeddable":true,"href":"https:\/\/occasions-teile.ch\/fr\/wp-json\/wp\/v2\/media\/195172"}],"wp:attachment":[{"href":"https:\/\/occasions-teile.ch\/fr\/wp-json\/wp\/v2\/media?parent=195178"}],"wp:term":[{"taxonomy":"product_brand","embeddable":true,"href":"https:\/\/occasions-teile.ch\/fr\/wp-json\/wp\/v2\/product_brand?post=195178"},{"taxonomy":"product_cat","embeddable":true,"href":"https:\/\/occasions-teile.ch\/fr\/wp-json\/wp\/v2\/product_cat?post=195178"},{"taxonomy":"product_tag","embeddable":true,"href":"https:\/\/occasions-teile.ch\/fr\/wp-json\/wp\/v2\/product_tag?post=195178"}],"curies":[{"name":"wp","href":"https:\/\/api.w.org\/{rel}","templated":true}]}}