{"id":19400,"date":"2023-05-01T08:53:20","date_gmt":"2023-05-01T08:53:20","guid":{"rendered":"https:\/\/occasions-teile.ch\/product\/subaru-subaru-levorg-klimakompressor-kompressor-klima\/"},"modified":"2024-05-25T23:37:01","modified_gmt":"2024-05-25T23:37:01","slug":"subaru-subaru-levorg-klimakompressor-kompressor-klima","status":"publish","type":"product","link":"https:\/\/occasions-teile.ch\/fr\/produkt\/subaru-subaru-levorg-klimakompressor-kompressor-klima\/","title":{"rendered":"Subaru Subaru Levorg Klimakompressor Kompressor Klima"},"content":{"rendered":"<p><span><b>Technische Daten<\/b><\/p>\n<p> Fahrzeug: Subaru Subaru Levorg<br \/>\n Chassis Nr.: JF1VM4L55JG016488<br \/>\n Baujahr: 2018<br \/>\n Kilometer: 63000 KM<br \/>\n Leistung: 170 KW<br \/>\n Hubraum: 1599 ccm<br \/>\n Typ: 1SC804<br \/>\n Farbcode: White\/Weiss<br \/>\n Hinweise: &#8211;<\/p>\n<p> Versand: Versand nur in der Schweiz m\u00f6glich.Im Ausland ist der Transport k\u00e4uferseits.<br \/>\n Garantie: 3 Monate Garantie. Bitte beachten Sie, dass die Gew\u00e4hrleistung nur g\u00fcltig ist, wenn der Ersatzteileinbau durch eine Fachwerkstatt\/Meisterwerkstatt erfolgt. Das Ein- und Ausbau des Ersatzteiles kann nicht an uns verrechnet werden. <\/p>\n<p> Ersatzteil: f\u00fcr andere Fahrzeugen (Marken) verf\u00fcgbar auf anfrage. Tel.041 980 27 47. Mobil. 076 589 27 47<\/p>\n<p> Kontakt<br \/>\n  Adresse: Autoverwertung Brun AG<br \/>\n           M\u00f6\u00f6slimatten 13<br \/>\n           6218 Ettiswil<br \/>\n  Telefon: 0041 (041) 980 27 47<br \/>\n  Telefax: 0041 (041) 980 03 47<\/p>\n<p> Wir bieten Ihnen weitere gebrauchte Autoteile zum Kauf an.<br \/>\n<\/span><\/p>\n","protected":false},"excerpt":{"rendered":"<p>Technische Daten Fahrzeug: Subaru Subaru Levorg Chassis Nr.: JF1VM4L55JG016488 Baujahr: 2018 Kilometer: 63000 KM Leistung: 170 KW Hubraum: 1599 ccm Typ: 1SC804 Farbcode: White\/Weiss Hinweise: &#8211; Versand: Versand nur in der Schweiz m\u00f6glich.Im Ausland ist der Transport k\u00e4uferseits. Garantie: 3 Monate Garantie. Bitte beachten Sie, dass die Gew\u00e4hrleistung nur g\u00fcltig ist, wenn der Ersatzteileinbau durch&hellip; <a class=\"more-link\" href=\"https:\/\/occasions-teile.ch\/fr\/produkt\/subaru-subaru-levorg-klimakompressor-kompressor-klima\/\">Poursuivre la lecture <span class=\"screen-reader-text\">Subaru Subaru Levorg Klimakompressor Kompressor Klima<\/span><\/a><\/p>\n","protected":false},"featured_media":19397,"template":"","meta":[],"product_brand":[],"product_cat":[23633,717,719,718,1879,1205,1880],"product_tag":[],"class_list":{"0":"post-19400","1":"product","2":"type-product","3":"status-publish","4":"has-post-thumbnail","6":"product_cat-de-1-6dit-awd-vm4-de_subaru-levorg-de_subaru-manufacturer-5","7":"product_cat-fr-chauffage-climatisation","8":"product_cat-fr-compresseur-climatisation","9":"product_cat-fr-compresseurclimatisation","10":"product_cat-fr-jf1vm4l55jg016488","11":"product_cat-fr_subaru","12":"product_cat-fr_subaru-levorg","13":"product_shipping_class-tarif-1-fr","14":"entry","16":"first","17":"instock","18":"taxable","19":"shipping-taxable","20":"purchasable","21":"product-type-simple"},"jetpack_sharing_enabled":true,"_links":{"self":[{"href":"https:\/\/occasions-teile.ch\/fr\/wp-json\/wp\/v2\/product\/19400","targetHints":{"allow":["GET"]}}],"collection":[{"href":"https:\/\/occasions-teile.ch\/fr\/wp-json\/wp\/v2\/product"}],"about":[{"href":"https:\/\/occasions-teile.ch\/fr\/wp-json\/wp\/v2\/types\/product"}],"wp:featuredmedia":[{"embeddable":true,"href":"https:\/\/occasions-teile.ch\/fr\/wp-json\/wp\/v2\/media\/19397"}],"wp:attachment":[{"href":"https:\/\/occasions-teile.ch\/fr\/wp-json\/wp\/v2\/media?parent=19400"}],"wp:term":[{"taxonomy":"product_brand","embeddable":true,"href":"https:\/\/occasions-teile.ch\/fr\/wp-json\/wp\/v2\/product_brand?post=19400"},{"taxonomy":"product_cat","embeddable":true,"href":"https:\/\/occasions-teile.ch\/fr\/wp-json\/wp\/v2\/product_cat?post=19400"},{"taxonomy":"product_tag","embeddable":true,"href":"https:\/\/occasions-teile.ch\/fr\/wp-json\/wp\/v2\/product_tag?post=19400"}],"curies":[{"name":"wp","href":"https:\/\/api.w.org\/{rel}","templated":true}]}}