{"id":19250,"date":"2023-04-28T15:47:09","date_gmt":"2023-04-28T15:47:09","guid":{"rendered":"https:\/\/occasions-teile.ch\/product\/opel-insignia-elektroluefter-lueftermotor-kuehler\/"},"modified":"2024-05-24T07:13:58","modified_gmt":"2024-05-24T07:13:58","slug":"opel-insignia-elektroluefter-lueftermotor-kuehler","status":"publish","type":"product","link":"https:\/\/occasions-teile.ch\/fr\/produkt\/opel-insignia-elektroluefter-lueftermotor-kuehler\/","title":{"rendered":"Opel Insignia  Elektrol\u00fcfter\/L\u00fcftermotor (K\u00fchler)"},"content":{"rendered":"<p><span><b>Technische Daten<\/b><\/p>\n<p> Fahrzeug: Opel Insignia<br \/>\n Chassis Nr.: W0LGS8EU7E1186199<br \/>\n Baujahr: 2014<br \/>\n Kilometer: 105888 KM<br \/>\n Leistung: 250 KW<br \/>\n Hubraum: 1998 ccm<br \/>\n Typ: 1OC158<br \/>\n Farbcode: grau<br \/>\n Hinweise: &#8211;<\/p>\n<p> Versand: Versand nur in der Schweiz m\u00f6glich.Im Ausland ist der Transport k\u00e4uferseits.<br \/>\n Garantie: 3 Monate Garantie. Bitte beachten Sie, dass die Gew\u00e4hrleistung nur g\u00fcltig ist, wenn der Ersatzteileinbau durch eine Fachwerkstatt\/Meisterwerkstatt erfolgt. Das Ein- und Ausbau des Ersatzteiles kann nicht an uns verrechnet werden. <\/p>\n<p> Ersatzteil: f\u00fcr andere Fahrzeugen (Marken) verf\u00fcgbar auf anfrage. Tel.041 980 27 47. Mobil. 076 589 27 47<\/p>\n<p> Kontakt<br \/>\n  Adresse: Autoverwertung Brun AG<br \/>\n           M\u00f6\u00f6slimatten 13<br \/>\n           6218 Ettiswil<br \/>\n  Telefon: 0041 (041) 980 27 47<br \/>\n  Telefax: 0041 (041) 980 03 47<\/p>\n<p> Wir bieten Ihnen weitere gebrauchte Autoteile zum Kauf an.<br \/>\n<\/span><\/p>\n","protected":false},"excerpt":{"rendered":"<p>Technische Daten Fahrzeug: Opel Insignia Chassis Nr.: W0LGS8EU7E1186199 Baujahr: 2014 Kilometer: 105888 KM Leistung: 250 KW Hubraum: 1998 ccm Typ: 1OC158 Farbcode: grau Hinweise: &#8211; Versand: Versand nur in der Schweiz m\u00f6glich.Im Ausland ist der Transport k\u00e4uferseits. Garantie: 3 Monate Garantie. Bitte beachten Sie, dass die Gew\u00e4hrleistung nur g\u00fcltig ist, wenn der Ersatzteileinbau durch eine&hellip; <a class=\"more-link\" href=\"https:\/\/occasions-teile.ch\/fr\/produkt\/opel-insignia-elektroluefter-lueftermotor-kuehler\/\">Poursuivre la lecture <span class=\"screen-reader-text\">Opel Insignia  Elektrol\u00fcfter\/L\u00fcftermotor (K\u00fchler)<\/span><\/a><\/p>\n","protected":false},"featured_media":19247,"template":"","meta":[],"product_brand":[],"product_cat":[1001,1323,1322,23546,1871,1867,1869,999,500,494,497,616,619,613,1324,1003,1868,1870,1866],"product_tag":[],"class_list":{"0":"post-19250","1":"product","2":"type-product","3":"status-publish","4":"has-post-thumbnail","6":"product_cat-en-coolingmotor","7":"product_cat-en-electric-fan-fan-motor-cooler","8":"product_cat-de-elektroluefter-lueftermotor-kuehler","9":"product_cat-de-g09-2-0-turbo-4x4-de_insignia-de_opel-manufacturer-18","10":"product_cat-fr_insignia","11":"product_cat-de_insignia","12":"product_cat-en_insignia","13":"product_cat-de-kuehlungmotor","14":"product_cat-fr-moteur","15":"product_cat-de-motor","16":"product_cat-en-motor","17":"product_cat-en_opel","18":"product_cat-fr_opel","19":"product_cat-de_opel","20":"product_cat-fr-pompes-a-eau-pompes-a-eau-supplementaires","21":"product_cat-fr-refroidissement-moteur","22":"product_cat-en-w0lgs8eu7e1186199","23":"product_cat-fr-w0lgs8eu7e1186199","24":"product_cat-de-w0lgs8eu7e1186199","25":"product_shipping_class-tarif-1","26":"entry","28":"first","29":"instock","30":"taxable","31":"shipping-taxable","32":"purchasable","33":"product-type-simple"},"jetpack_sharing_enabled":true,"_links":{"self":[{"href":"https:\/\/occasions-teile.ch\/fr\/wp-json\/wp\/v2\/product\/19250","targetHints":{"allow":["GET"]}}],"collection":[{"href":"https:\/\/occasions-teile.ch\/fr\/wp-json\/wp\/v2\/product"}],"about":[{"href":"https:\/\/occasions-teile.ch\/fr\/wp-json\/wp\/v2\/types\/product"}],"wp:featuredmedia":[{"embeddable":true,"href":"https:\/\/occasions-teile.ch\/fr\/wp-json\/wp\/v2\/media\/19247"}],"wp:attachment":[{"href":"https:\/\/occasions-teile.ch\/fr\/wp-json\/wp\/v2\/media?parent=19250"}],"wp:term":[{"taxonomy":"product_brand","embeddable":true,"href":"https:\/\/occasions-teile.ch\/fr\/wp-json\/wp\/v2\/product_brand?post=19250"},{"taxonomy":"product_cat","embeddable":true,"href":"https:\/\/occasions-teile.ch\/fr\/wp-json\/wp\/v2\/product_cat?post=19250"},{"taxonomy":"product_tag","embeddable":true,"href":"https:\/\/occasions-teile.ch\/fr\/wp-json\/wp\/v2\/product_tag?post=19250"}],"curies":[{"name":"wp","href":"https:\/\/api.w.org\/{rel}","templated":true}]}}