{"id":18495,"date":"2023-04-27T13:19:05","date_gmt":"2023-04-27T13:19:05","guid":{"rendered":"https:\/\/occasions-teile.ch\/product\/bmw-3-serien-316-motorhaube-3\/"},"modified":"2023-04-27T13:19:07","modified_gmt":"2023-04-27T13:19:07","slug":"bmw-3-serien-316-motorhaube-3","status":"publish","type":"product","link":"https:\/\/occasions-teile.ch\/fr\/produkt\/bmw-3-serien-316-motorhaube-3\/","title":{"rendered":"BMW 3-serien 316 Motorhaube"},"content":{"rendered":"<p><span><b>Donn\u00e9es techniques<\/b><\/p>\n<p> V\u00e9hicule: BMW 3-serien 316<br \/>\n N\u00b0 de ch\u00e2ssis: WBA3K91090F912551<br \/>\n Ann\u00e9e de production: 2014<br \/>\n Kilom\u00e9trage: 135000 KM<br \/>\n Puissance: 116 KW<br \/>\n Cylindr\u00e9e du moteur: 1995 ccm<br \/>\n Typ: 1bd874<br \/>\n Code couleur: &#8211;<br \/>\n Remarques: &#8211;<\/p>\n<p> Exp\u00e9dition : L&rsquo;exp\u00e9dition n&rsquo;est disponible qu&rsquo;en Suisse. Dans d&rsquo;autres pays, l&rsquo;acheteur est responsable du transport.<br \/>\n Garantie : 3 mois de garantie. Veuillez noter que la garantie n&rsquo;est valable que si les pi\u00e8ces de rechange sont install\u00e9es par un atelier sp\u00e9cialis\u00e9\/ma\u00eetre. Le montage et le d\u00e9montage de la pi\u00e8ce de rechange ne peuvent pas nous \u00eatre factur\u00e9s.<\/p>\n<p> Pi\u00e8ce de rechange : pour d&rsquo;autres v\u00e9hicules (marques) disponible sur demande. T\u00e9l. 041 980 27 47. Portable. 076 589 27 47<\/p>\n<p>  Contact<br \/>\n   Adresse : Autoverwertung Brun AG<br \/>\n              M\u00f6\u00f6slimatten 13<br \/>\n              6218 Ettiswil<br \/>\n   T\u00e9l\u00e9phone : 0041 (041) 980 27 47<br \/>\n   T\u00e9l\u00e9fax : 0041 (041) 980 03 47<\/p>\n<p>  Nous proposons \u00e9galement d&rsquo;autres pi\u00e8ces automobiles d&rsquo;occasion \u00e0 vendre.<br \/>\n<\/span><\/p>\n","protected":false},"excerpt":{"rendered":"<p>Donn\u00e9es techniques V\u00e9hicule: BMW 3-serien 316 N\u00b0 de ch\u00e2ssis: WBA3K91090F912551 Ann\u00e9e de production: 2014 Kilom\u00e9trage: 135000 KM Puissance: 116 KW Cylindr\u00e9e du moteur: 1995 ccm Typ: 1bd874 Code couleur: &#8211; Remarques: &#8211; Exp\u00e9dition : L&rsquo;exp\u00e9dition n&rsquo;est disponible qu&rsquo;en Suisse. Dans d&rsquo;autres pays, l&rsquo;acheteur est responsable du transport. Garantie : 3 mois de garantie. Veuillez noter&hellip; <a class=\"more-link\" href=\"https:\/\/occasions-teile.ch\/fr\/produkt\/bmw-3-serien-316-motorhaube-3\/\">Poursuivre la lecture <span class=\"screen-reader-text\">BMW 3-serien 316 Motorhaube<\/span><\/a><\/p>\n","protected":false},"featured_media":18492,"template":"","meta":[],"product_brand":[],"product_cat":[1840,1840,1840,1509,1509,1509,512,513,514,512,514,513,512,514,513,1839,1839,1839],"product_tag":[],"class_list":{"0":"post-18495","1":"product","2":"type-product","3":"status-publish","4":"has-post-thumbnail","6":"product_cat-de_3-serien-316","9":"product_cat-de_bmw","12":"product_cat-de-karosserie-front","13":"product_cat-de-motorhaubeteile","14":"product_cat-de-motorhaube","21":"product_cat-de-wba3k91090f912551","24":"product_shipping_class-tarif-4","25":"entry","27":"first","28":"outofstock","29":"taxable","30":"shipping-taxable","31":"purchasable","32":"product-type-simple"},"jetpack_sharing_enabled":true,"_links":{"self":[{"href":"https:\/\/occasions-teile.ch\/fr\/wp-json\/wp\/v2\/product\/18495","targetHints":{"allow":["GET"]}}],"collection":[{"href":"https:\/\/occasions-teile.ch\/fr\/wp-json\/wp\/v2\/product"}],"about":[{"href":"https:\/\/occasions-teile.ch\/fr\/wp-json\/wp\/v2\/types\/product"}],"wp:featuredmedia":[{"embeddable":true,"href":"https:\/\/occasions-teile.ch\/fr\/wp-json\/wp\/v2\/media\/18492"}],"wp:attachment":[{"href":"https:\/\/occasions-teile.ch\/fr\/wp-json\/wp\/v2\/media?parent=18495"}],"wp:term":[{"taxonomy":"product_brand","embeddable":true,"href":"https:\/\/occasions-teile.ch\/fr\/wp-json\/wp\/v2\/product_brand?post=18495"},{"taxonomy":"product_cat","embeddable":true,"href":"https:\/\/occasions-teile.ch\/fr\/wp-json\/wp\/v2\/product_cat?post=18495"},{"taxonomy":"product_tag","embeddable":true,"href":"https:\/\/occasions-teile.ch\/fr\/wp-json\/wp\/v2\/product_tag?post=18495"}],"curies":[{"name":"wp","href":"https:\/\/api.w.org\/{rel}","templated":true}]}}