{"id":180958,"date":"2023-11-05T13:57:16","date_gmt":"2023-11-05T13:57:16","guid":{"rendered":"https:\/\/occasions-teile.ch\/product\/nebellampe-abdeckung-vorne-rechts-audi-a4-2-0tdi\/"},"modified":"2023-11-05T13:57:16","modified_gmt":"2023-11-05T13:57:16","slug":"nebellampe-abdeckung-vorne-rechts-audi-a4-2-0tdi","status":"publish","type":"product","link":"https:\/\/occasions-teile.ch\/fr\/produkt\/nebellampe-abdeckung-vorne-rechts-audi-a4-2-0tdi\/","title":{"rendered":"Nebellampe Abdeckung Vorne Rechts Audi A4 2.0TDI"},"content":{"rendered":"<p>Technische Daten<\/p>\n<p>Fahrzeug: Audi A4 Avant 2.0TDI<br \/>\nChassis Nr.: WAUZZZ8E47A276250<br \/>\nBaujahr: 10.05.2007<br \/>\nKilometer: 148000 KM<br \/>\nLeistung: 125 KW 170 PS<br \/>\nHubraum: 1968 ccm<br \/>\nTyp: *<br \/>\nFarbcode: Schwarz<br \/>\nHinweise: Das Ersatzteil wurde gepr\u00fcft und ist selbstverst\u00e4ndlich voll funktionst\u00fcchtig!<\/p>\n<p>Versand: Versand nur in der Schweiz m\u00f6glich. Im Ausland ist der Transport k\u00e4uferseits.<br \/>\nGarantie: 3 Monate Garantie. Bitte beachten Sie, dass die Gew\u00e4hrleistung nur g\u00fcltig ist, wenn der Ersatzteileinbau durch eine Fachwerkstatt\/Meisterwerkstatt erfolgt. Das Ein- und Ausbau des Ersatzteiles kann nicht an uns verrechnet werden.<\/p>\n<p>Ersatzteil: f\u00fcr andere Fahrzeugen (Marken) verf\u00fcgbar auf anfrage. Tel.041 980 27 47. Mobil. 076 589 27 47<\/p>\n<p>Kontakt<br \/>\nAdresse: Autoverwertung Brun AG<br \/>\nM\u00f6\u00f6slimatten 13<br \/>\n6218 Ettiswil<br \/>\nTelefon: 0041 (041) 980 27 47<br \/>\nTelefax: 0041 (041) 980 03 47<\/p>\n<p>Wir bieten Ihnen weitere gebrauchte Autoteile zum Kauf an.<\/p>\n","protected":false},"excerpt":{"rendered":"<p>Technische Daten Fahrzeug: Audi A4 Avant 2.0TDI Chassis Nr.: WAUZZZ8E47A276250 Baujahr: 10.05.2007 Kilometer: 148000 KM Leistung: 125 KW 170 PS Hubraum: 1968 ccm Typ: * Farbcode: Schwarz Hinweise: Das Ersatzteil wurde gepr\u00fcft und ist selbstverst\u00e4ndlich voll funktionst\u00fcchtig! Versand: Versand nur in der Schweiz m\u00f6glich. Im Ausland ist der Transport k\u00e4uferseits. Garantie: 3 Monate Garantie. Bitte&hellip; <a class=\"more-link\" href=\"https:\/\/occasions-teile.ch\/fr\/produkt\/nebellampe-abdeckung-vorne-rechts-audi-a4-2-0tdi\/\">Poursuivre la lecture <span class=\"screen-reader-text\">Nebellampe Abdeckung Vorne Rechts Audi A4 2.0TDI<\/span><\/a><\/p>\n","protected":false},"featured_media":180955,"template":"","meta":[],"product_brand":[],"product_cat":[459,458,512,1243,1244],"product_tag":[],"class_list":{"0":"post-180958","1":"product","2":"type-product","3":"status-publish","4":"has-post-thumbnail","6":"product_cat-de_a4","7":"product_cat-de_audi","8":"product_cat-de-karosserie-front","9":"product_cat-de-nebelscheinwerfer","10":"product_cat-de-nebelscheinwerfer-de-nebelscheinwerfer","11":"product_shipping_class-tarif-1","12":"entry","14":"first","15":"instock","16":"sold-individually","17":"taxable","18":"shipping-taxable","19":"purchasable","20":"product-type-simple"},"jetpack_sharing_enabled":true,"_links":{"self":[{"href":"https:\/\/occasions-teile.ch\/fr\/wp-json\/wp\/v2\/product\/180958","targetHints":{"allow":["GET"]}}],"collection":[{"href":"https:\/\/occasions-teile.ch\/fr\/wp-json\/wp\/v2\/product"}],"about":[{"href":"https:\/\/occasions-teile.ch\/fr\/wp-json\/wp\/v2\/types\/product"}],"wp:featuredmedia":[{"embeddable":true,"href":"https:\/\/occasions-teile.ch\/fr\/wp-json\/wp\/v2\/media\/180955"}],"wp:attachment":[{"href":"https:\/\/occasions-teile.ch\/fr\/wp-json\/wp\/v2\/media?parent=180958"}],"wp:term":[{"taxonomy":"product_brand","embeddable":true,"href":"https:\/\/occasions-teile.ch\/fr\/wp-json\/wp\/v2\/product_brand?post=180958"},{"taxonomy":"product_cat","embeddable":true,"href":"https:\/\/occasions-teile.ch\/fr\/wp-json\/wp\/v2\/product_cat?post=180958"},{"taxonomy":"product_tag","embeddable":true,"href":"https:\/\/occasions-teile.ch\/fr\/wp-json\/wp\/v2\/product_tag?post=180958"}],"curies":[{"name":"wp","href":"https:\/\/api.w.org\/{rel}","templated":true}]}}