{"id":173888,"date":"2023-11-04T20:24:17","date_gmt":"2023-11-04T20:24:17","guid":{"rendered":"https:\/\/occasions-teile.ch\/product\/stahlhfelgen-subaru-forester-2-0st-2018\/"},"modified":"2023-11-04T20:24:17","modified_gmt":"2023-11-04T20:24:17","slug":"stahlhfelgen-subaru-forester-2-0st-2018","status":"publish","type":"product","link":"https:\/\/occasions-teile.ch\/fr\/produkt\/stahlhfelgen-subaru-forester-2-0st-2018\/","title":{"rendered":"Stahlhfelgen Subaru Forester 2.0ST 2018"},"content":{"rendered":"<p>Technische Daten<br \/>\nAchtung die Reifen m\u00fcssen ersetzt werden nur noch 40%. ET48.<br \/>\nFahrzeug: Subaru Forester 2.0XT AWD<br \/>\nChassis Nr.:<br \/>\nBaujahr: 2018<br \/>\nKilometer: 10414 KM<br \/>\nLeistung:  KW  PS<br \/>\nHubraum: 1998 ccm<br \/>\nTyp: 1SC786<br \/>\nFarbcode: Silber met.<br \/>\nHinweise: Das Ersatzteil wurde gepr\u00fcft und ist selbstverst\u00e4ndlich voll funktionst\u00fcchtig!<\/p>\n<p>Versand: Versand nur in der Schweiz m\u00f6glich. Im Ausland ist der Transport k\u00e4uferseits.<br \/>\nGarantie: 3 Monate Garantie. Bitte beachten Sie, dass die Gew\u00e4hrleistung nur g\u00fcltig ist, wenn der Ersatzteileinbau durch eine Fachwerkstatt\/Meisterwerkstatt erfolgt. Das Ein- und Ausbau des Ersatzteiles kann nicht an uns verrechnet werden.<\/p>\n<p>Ersatzteil: f\u00fcr andere Fahrzeugen (Marken) verf\u00fcgbar auf anfrage. Tel.041 980 27 47. Mobil. 076 589 27 47<\/p>\n<p>Kontakt<br \/>\nAdresse: Autoverwertung Brun AG<br \/>\nM\u00f6\u00f6slimatten 13<br \/>\n6218 Ettiswil<br \/>\nTelefon: 0041 (041) 980 27 47<br \/>\nTelefax: 0041 (041) 980 03 47<\/p>\n<p>Wir bieten Ihnen weitere gebrauchte Autoteile zum Kauf an.<\/p>\n","protected":false},"excerpt":{"rendered":"<p>Technische Daten Achtung die Reifen m\u00fcssen ersetzt werden nur noch 40%. ET48. Fahrzeug: Subaru Forester 2.0XT AWD Chassis Nr.: Baujahr: 2018 Kilometer: 10414 KM Leistung: KW PS Hubraum: 1998 ccm Typ: 1SC786 Farbcode: Silber met. Hinweise: Das Ersatzteil wurde gepr\u00fcft und ist selbstverst\u00e4ndlich voll funktionst\u00fcchtig! Versand: Versand nur in der Schweiz m\u00f6glich. Im Ausland ist&hellip; <a class=\"more-link\" href=\"https:\/\/occasions-teile.ch\/fr\/produkt\/stahlhfelgen-subaru-forester-2-0st-2018\/\">Poursuivre la lecture <span class=\"screen-reader-text\">Stahlhfelgen Subaru Forester 2.0ST 2018<\/span><\/a><\/p>\n","protected":false},"featured_media":173879,"template":"","meta":[],"product_brand":[],"product_cat":[3078,553,551,552,1202],"product_tag":[],"class_list":{"0":"post-173888","1":"product","2":"type-product","3":"status-publish","4":"has-post-thumbnail","6":"product_cat-en_forester","7":"product_cat-en-wheels-tires-rims","8":"product_cat-de-reifen","9":"product_cat-de-reifen-de-reifen","10":"product_cat-en_subaru","11":"product_shipping_class-tarif-3-en","12":"entry","14":"first","15":"instock","16":"sold-individually","17":"taxable","18":"shipping-taxable","19":"purchasable","20":"product-type-simple"},"jetpack_sharing_enabled":true,"_links":{"self":[{"href":"https:\/\/occasions-teile.ch\/fr\/wp-json\/wp\/v2\/product\/173888","targetHints":{"allow":["GET"]}}],"collection":[{"href":"https:\/\/occasions-teile.ch\/fr\/wp-json\/wp\/v2\/product"}],"about":[{"href":"https:\/\/occasions-teile.ch\/fr\/wp-json\/wp\/v2\/types\/product"}],"wp:featuredmedia":[{"embeddable":true,"href":"https:\/\/occasions-teile.ch\/fr\/wp-json\/wp\/v2\/media\/173879"}],"wp:attachment":[{"href":"https:\/\/occasions-teile.ch\/fr\/wp-json\/wp\/v2\/media?parent=173888"}],"wp:term":[{"taxonomy":"product_brand","embeddable":true,"href":"https:\/\/occasions-teile.ch\/fr\/wp-json\/wp\/v2\/product_brand?post=173888"},{"taxonomy":"product_cat","embeddable":true,"href":"https:\/\/occasions-teile.ch\/fr\/wp-json\/wp\/v2\/product_cat?post=173888"},{"taxonomy":"product_tag","embeddable":true,"href":"https:\/\/occasions-teile.ch\/fr\/wp-json\/wp\/v2\/product_tag?post=173888"}],"curies":[{"name":"wp","href":"https:\/\/api.w.org\/{rel}","templated":true}]}}