{"id":171470,"date":"2023-11-04T11:01:12","date_gmt":"2023-11-04T11:01:12","guid":{"rendered":"https:\/\/occasions-teile.ch\/product\/bmw-7-serien-735-tuere-hinten\/"},"modified":"2024-05-29T11:30:15","modified_gmt":"2024-05-29T11:30:15","slug":"bmw-7-serien-735-tuere-hinten","status":"publish","type":"product","link":"https:\/\/occasions-teile.ch\/fr\/produkt\/bmw-7-serien-735-tuere-hinten\/","title":{"rendered":"BMW 7-serien 735 T\u00fcre hinten"},"content":{"rendered":"<p><span><b>Technische Daten<\/b><\/p>\n<p> Fahrzeug: BMW 7-serien 735<br \/>\n Chassis Nr.: WBAGL41050DL94225<br \/>\n Baujahr: 2002<br \/>\n Kilometer: 185987 KM<br \/>\n Leistung: 272 KW<br \/>\n Hubraum: 3600 ccm<br \/>\n Typ: 1BB155<br \/>\n Farbcode: Green<br \/>\n Hinweise: &#8211;<\/p>\n<p> Versand: Versand nur in der Schweiz m\u00f6glich.Im Ausland ist der Transport k\u00e4uferseits.<br \/>\n Garantie: 3 Monate Garantie. Bitte beachten Sie, dass die Gew\u00e4hrleistung nur g\u00fcltig ist, wenn der Ersatzteileinbau durch eine Fachwerkstatt\/Meisterwerkstatt erfolgt. Das Ein- und Ausbau des Ersatzteiles kann nicht an uns verrechnet werden. <\/p>\n<p> Ersatzteil: f\u00fcr andere Fahrzeugen (Marken) verf\u00fcgbar auf anfrage. Tel.041 980 27 47. Mobil. 076 589 27 47<\/p>\n<p> Kontakt<br \/>\n  Adresse: Autoverwertung Brun AG<br \/>\n           M\u00f6\u00f6slimatten 13<br \/>\n           6218 Ettiswil<br \/>\n  Telefon: 0041 (041) 980 27 47<br \/>\n  Telefax: 0041 (041) 980 03 47<\/p>\n<p> Wir bieten Ihnen weitere gebrauchte Autoteile zum Kauf an.<br \/>\n<\/span><\/p>\n","protected":false},"excerpt":{"rendered":"<p>Technische Daten Fahrzeug: BMW 7-serien 735 Chassis Nr.: WBAGL41050DL94225 Baujahr: 2002 Kilometer: 185987 KM Leistung: 272 KW Hubraum: 3600 ccm Typ: 1BB155 Farbcode: Green Hinweise: &#8211; Versand: Versand nur in der Schweiz m\u00f6glich.Im Ausland ist der Transport k\u00e4uferseits. Garantie: 3 Monate Garantie. Bitte beachten Sie, dass die Gew\u00e4hrleistung nur g\u00fcltig ist, wenn der Ersatzteileinbau durch&hellip; <a class=\"more-link\" href=\"https:\/\/occasions-teile.ch\/fr\/produkt\/bmw-7-serien-735-tuere-hinten\/\">Poursuivre la lecture <span class=\"screen-reader-text\">BMW 7-serien 735 T\u00fcre hinten<\/span><\/a><\/p>\n","protected":false},"featured_media":171467,"template":"","meta":[],"product_brand":[],"product_cat":[4907,4907,4907,732,1509,1509,1509,485,485,486,732,7005,23832,485,486,732,486,6997,6997,6997],"product_tag":[],"class_list":{"0":"post-171470","1":"product","2":"type-product","3":"status-publish","4":"has-post-thumbnail","6":"product_cat-de_slug_bmw_7-serien-735_796","9":"product_cat-de-tuere-hinten","10":"product_cat-de_bmw","13":"product_cat-de-karosserie-mitte","15":"product_cat-de-tueren","17":"product_cat-de-e65-v8-de_slug_bmw_7-serien-735_796-de_bmw-manufacturer","18":"product_cat-de-e65-v8-de_slug_bmw_7-serien-735_796-de_bmw-manufacturer-108","23":"product_cat-de-wbagl41050dl94225-200000231","26":"product_shipping_class-tarif-4","27":"entry","29":"first","30":"instock","31":"taxable","32":"shipping-taxable","33":"purchasable","34":"product-type-simple"},"jetpack_sharing_enabled":true,"_links":{"self":[{"href":"https:\/\/occasions-teile.ch\/fr\/wp-json\/wp\/v2\/product\/171470","targetHints":{"allow":["GET"]}}],"collection":[{"href":"https:\/\/occasions-teile.ch\/fr\/wp-json\/wp\/v2\/product"}],"about":[{"href":"https:\/\/occasions-teile.ch\/fr\/wp-json\/wp\/v2\/types\/product"}],"wp:featuredmedia":[{"embeddable":true,"href":"https:\/\/occasions-teile.ch\/fr\/wp-json\/wp\/v2\/media\/171467"}],"wp:attachment":[{"href":"https:\/\/occasions-teile.ch\/fr\/wp-json\/wp\/v2\/media?parent=171470"}],"wp:term":[{"taxonomy":"product_brand","embeddable":true,"href":"https:\/\/occasions-teile.ch\/fr\/wp-json\/wp\/v2\/product_brand?post=171470"},{"taxonomy":"product_cat","embeddable":true,"href":"https:\/\/occasions-teile.ch\/fr\/wp-json\/wp\/v2\/product_cat?post=171470"},{"taxonomy":"product_tag","embeddable":true,"href":"https:\/\/occasions-teile.ch\/fr\/wp-json\/wp\/v2\/product_tag?post=171470"}],"curies":[{"name":"wp","href":"https:\/\/api.w.org\/{rel}","templated":true}]}}