{"id":16932,"date":"2023-04-26T09:52:51","date_gmt":"2023-04-26T09:52:51","guid":{"rendered":"https:\/\/occasions-teile.ch\/product\/seat-leon-kombiinstrument-tacho-4\/"},"modified":"2023-04-26T09:52:53","modified_gmt":"2023-04-26T09:52:53","slug":"seat-leon-kombiinstrument-tacho-4","status":"publish","type":"product","link":"https:\/\/occasions-teile.ch\/fr\/produkt\/seat-leon-kombiinstrument-tacho-4\/","title":{"rendered":"SEAT Leon  Kombiinstrument, Tacho"},"content":{"rendered":"<p><span><b>Donn\u00e9es techniques<\/b><\/p>\n<p> V\u00e9hicule: SEAT Leon<br \/>\n N\u00b0 de ch\u00e2ssis: VSSZZZ5FZLR092585<br \/>\n Ann\u00e9e de production: 2020<br \/>\n Kilom\u00e9trage: 45610 KM<br \/>\n Puissance: 136 KW<br \/>\n Cylindr\u00e9e du moteur: 1495 ccm<br \/>\n Typ: 1sh866<br \/>\n Code couleur: Black<br \/>\n Remarques: &#8211;<\/p>\n<p> Exp\u00e9dition : L&rsquo;exp\u00e9dition n&rsquo;est disponible qu&rsquo;en Suisse. Dans d&rsquo;autres pays, l&rsquo;acheteur est responsable du transport.<br \/>\n Garantie : 3 mois de garantie. Veuillez noter que la garantie n&rsquo;est valable que si les pi\u00e8ces de rechange sont install\u00e9es par un atelier sp\u00e9cialis\u00e9\/ma\u00eetre. Le montage et le d\u00e9montage de la pi\u00e8ce de rechange ne peuvent pas nous \u00eatre factur\u00e9s.<\/p>\n<p> Pi\u00e8ce de rechange : pour d&rsquo;autres v\u00e9hicules (marques) disponible sur demande. T\u00e9l. 041 980 27 47. Portable. 076 589 27 47<\/p>\n<p>  Contact<br \/>\n   Adresse : Autoverwertung Brun AG<br \/>\n              M\u00f6\u00f6slimatten 13<br \/>\n              6218 Ettiswil<br \/>\n   T\u00e9l\u00e9phone : 0041 (041) 980 27 47<br \/>\n   T\u00e9l\u00e9fax : 0041 (041) 980 03 47<\/p>\n<p>  Nous proposons \u00e9galement d&rsquo;autres pi\u00e8ces automobiles d&rsquo;occasion \u00e0 vendre.<br \/>\n<\/span><\/p>\n","protected":false},"excerpt":{"rendered":"<p>Donn\u00e9es techniques V\u00e9hicule: SEAT Leon N\u00b0 de ch\u00e2ssis: VSSZZZ5FZLR092585 Ann\u00e9e de production: 2020 Kilom\u00e9trage: 45610 KM Puissance: 136 KW Cylindr\u00e9e du moteur: 1495 ccm Typ: 1sh866 Code couleur: Black Remarques: &#8211; Exp\u00e9dition : L&rsquo;exp\u00e9dition n&rsquo;est disponible qu&rsquo;en Suisse. Dans d&rsquo;autres pays, l&rsquo;acheteur est responsable du transport. Garantie : 3 mois de garantie. Veuillez noter que&hellip; <a class=\"more-link\" href=\"https:\/\/occasions-teile.ch\/fr\/produkt\/seat-leon-kombiinstrument-tacho-4\/\">Poursuivre la lecture <span class=\"screen-reader-text\">SEAT Leon  Kombiinstrument, Tacho<\/span><\/a><\/p>\n","protected":false},"featured_media":16926,"template":"","meta":[],"product_brand":[],"product_cat":[827,627,624,621,825,823,1501,1495,1498,1497,1500,1494,824,822,826,1821,1822,1823],"product_tag":[],"class_list":{"0":"post-16932","1":"product","2":"type-product","3":"status-publish","4":"has-post-thumbnail","6":"product_cat-fr-combine-d-instruments-tachymetre","7":"product_cat-fr-electricite-dispositifs-de-commande","8":"product_cat-en-electrics-control-units","9":"product_cat-de-elektrik-steuergeraete","10":"product_cat-en-instrument-clusterspeedometer","11":"product_cat-de-kombiinstrument-tacho","12":"product_cat-fr_leon","13":"product_cat-de_leon","14":"product_cat-en_leon","15":"product_cat-en_seat","16":"product_cat-fr_seat","17":"product_cat-de_seat","18":"product_cat-en-speedometerindicators","19":"product_cat-de-tachoanzeigegeraete","20":"product_cat-fr-tachymetreindicateurs","21":"product_cat-de-vsszzz5fzlr092585","22":"product_cat-en-vsszzz5fzlr092585","23":"product_cat-fr-vsszzz5fzlr092585","24":"product_shipping_class-tarif-1-fr","25":"entry","27":"first","28":"outofstock","29":"taxable","30":"shipping-taxable","31":"purchasable","32":"product-type-simple"},"jetpack_sharing_enabled":true,"_links":{"self":[{"href":"https:\/\/occasions-teile.ch\/fr\/wp-json\/wp\/v2\/product\/16932","targetHints":{"allow":["GET"]}}],"collection":[{"href":"https:\/\/occasions-teile.ch\/fr\/wp-json\/wp\/v2\/product"}],"about":[{"href":"https:\/\/occasions-teile.ch\/fr\/wp-json\/wp\/v2\/types\/product"}],"wp:featuredmedia":[{"embeddable":true,"href":"https:\/\/occasions-teile.ch\/fr\/wp-json\/wp\/v2\/media\/16926"}],"wp:attachment":[{"href":"https:\/\/occasions-teile.ch\/fr\/wp-json\/wp\/v2\/media?parent=16932"}],"wp:term":[{"taxonomy":"product_brand","embeddable":true,"href":"https:\/\/occasions-teile.ch\/fr\/wp-json\/wp\/v2\/product_brand?post=16932"},{"taxonomy":"product_cat","embeddable":true,"href":"https:\/\/occasions-teile.ch\/fr\/wp-json\/wp\/v2\/product_cat?post=16932"},{"taxonomy":"product_tag","embeddable":true,"href":"https:\/\/occasions-teile.ch\/fr\/wp-json\/wp\/v2\/product_tag?post=16932"}],"curies":[{"name":"wp","href":"https:\/\/api.w.org\/{rel}","templated":true}]}}