{"id":162528,"date":"2023-11-03T14:21:42","date_gmt":"2023-11-03T14:21:42","guid":{"rendered":"https:\/\/occasions-teile.ch\/product\/03l906461-luftmassenmesser-seat-ibiza-1-6tdi-2015\/"},"modified":"2023-11-03T14:21:42","modified_gmt":"2023-11-03T14:21:42","slug":"03l906461-luftmassenmesser-seat-ibiza-1-6tdi-2015","status":"publish","type":"product","link":"https:\/\/occasions-teile.ch\/fr\/produkt\/03l906461-luftmassenmesser-seat-ibiza-1-6tdi-2015\/","title":{"rendered":"03L906461 Luftmassenmesser Seat Ibiza 1.6TDI 2015"},"content":{"rendered":"<p>Technische Daten<\/p>\n<p>Fahrzeug: Seat Ibiza 1.6TDI Kombi<br \/>\nChassis Nr.: VSSZZZ6JZFR155915<br \/>\nBaujahr: 20.07.2015<br \/>\nKilometer: 146898 KM<br \/>\nLeistung: 66 KW 90 PS<br \/>\nHubraum: 1598 ccm<br \/>\nTyp: 1xl370<br \/>\nFarbcode: Schwarz Y9T<br \/>\nHinweise: Das Ersatzteil wurde gepr\u00fcft und ist selbstverst\u00e4ndlich voll funktionst\u00fcchtig!<\/p>\n<p>Versand: Versand nur in der Schweiz m\u00f6glich. Im Ausland ist der Transport k\u00e4uferseits.<br \/>\nGarantie: 3 Monate Garantie. Bitte beachten Sie, dass die Gew\u00e4hrleistung nur g\u00fcltig ist, wenn der Ersatzteileinbau durch eine Fachwerkstatt\/Meisterwerkstatt erfolgt. Das Ein- und Ausbau des Ersatzteiles kann nicht an uns verrechnet werden.<\/p>\n<p>Ersatzteil: f\u00fcr andere Fahrzeugen (Marken) verf\u00fcgbar auf anfrage. Tel.041 980 27 47. Mobil. 076 589 27 47<\/p>\n<p>Kontakt:<br \/>\nAutoverwertung Brun AG<br \/>\nM\u00f6\u00f6slimatten 13<br \/>\n6218 Ettiswil<br \/>\nTelefon: 0041 (041) 980 27 47<br \/>\nTelefax: 0041 (041) 980 03 47<\/p>\n<p>Wir bieten Ihnen weitere gebrauchte Autoteile zum Kauf an<\/p>\n","protected":false},"excerpt":{"rendered":"<p>Technische Daten Fahrzeug: Seat Ibiza 1.6TDI Kombi Chassis Nr.: VSSZZZ6JZFR155915 Baujahr: 20.07.2015 Kilometer: 146898 KM Leistung: 66 KW 90 PS Hubraum: 1598 ccm Typ: 1xl370 Farbcode: Schwarz Y9T Hinweise: Das Ersatzteil wurde gepr\u00fcft und ist selbstverst\u00e4ndlich voll funktionst\u00fcchtig! Versand: Versand nur in der Schweiz m\u00f6glich. Im Ausland ist der Transport k\u00e4uferseits. Garantie: 3 Monate Garantie.&hellip; <a class=\"more-link\" href=\"https:\/\/occasions-teile.ch\/fr\/produkt\/03l906461-luftmassenmesser-seat-ibiza-1-6tdi-2015\/\">Poursuivre la lecture <span class=\"screen-reader-text\">03L906461 Luftmassenmesser Seat Ibiza 1.6TDI 2015<\/span><\/a><\/p>\n","protected":false},"featured_media":162525,"template":"","meta":[],"product_brand":[],"product_cat":[1622,663,664,494,1494],"product_tag":[],"class_list":{"0":"post-162528","1":"product","2":"type-product","3":"status-publish","4":"has-post-thumbnail","6":"product_cat-de_ibiza","7":"product_cat-de-luft-kraftstoffsystem","8":"product_cat-de-luftmengenmesser","9":"product_cat-de-motor","10":"product_cat-de_seat","11":"product_shipping_class-tarif-1","12":"entry","14":"first","15":"instock","16":"sold-individually","17":"taxable","18":"shipping-taxable","19":"purchasable","20":"product-type-simple"},"jetpack_sharing_enabled":true,"_links":{"self":[{"href":"https:\/\/occasions-teile.ch\/fr\/wp-json\/wp\/v2\/product\/162528","targetHints":{"allow":["GET"]}}],"collection":[{"href":"https:\/\/occasions-teile.ch\/fr\/wp-json\/wp\/v2\/product"}],"about":[{"href":"https:\/\/occasions-teile.ch\/fr\/wp-json\/wp\/v2\/types\/product"}],"wp:featuredmedia":[{"embeddable":true,"href":"https:\/\/occasions-teile.ch\/fr\/wp-json\/wp\/v2\/media\/162525"}],"wp:attachment":[{"href":"https:\/\/occasions-teile.ch\/fr\/wp-json\/wp\/v2\/media?parent=162528"}],"wp:term":[{"taxonomy":"product_brand","embeddable":true,"href":"https:\/\/occasions-teile.ch\/fr\/wp-json\/wp\/v2\/product_brand?post=162528"},{"taxonomy":"product_cat","embeddable":true,"href":"https:\/\/occasions-teile.ch\/fr\/wp-json\/wp\/v2\/product_cat?post=162528"},{"taxonomy":"product_tag","embeddable":true,"href":"https:\/\/occasions-teile.ch\/fr\/wp-json\/wp\/v2\/product_tag?post=162528"}],"curies":[{"name":"wp","href":"https:\/\/api.w.org\/{rel}","templated":true}]}}