{"id":15937,"date":"2023-04-24T15:08:19","date_gmt":"2023-04-24T15:08:19","guid":{"rendered":"https:\/\/occasions-teile.ch\/product\/kia-stonic-frontkamera\/"},"modified":"2024-05-27T05:49:48","modified_gmt":"2024-05-27T05:49:48","slug":"kia-stonic-frontkamera","status":"publish","type":"product","link":"https:\/\/occasions-teile.ch\/fr\/produkt\/kia-stonic-frontkamera\/","title":{"rendered":"Kia Stonic  Frontkamera"},"content":{"rendered":"<p><span><b>Technische Daten<\/b><\/p>\n<p> Fahrzeug: Kia Stonic<br \/>\n Chassis Nr.: KNAD6817GN6625035<br \/>\n Baujahr: 2022<br \/>\n Kilometer: 10587 KM<br \/>\n Leistung: 120 KW<br \/>\n Hubraum: 998 ccm<br \/>\n Typ: 1KA624<br \/>\n Farbcode: Black<br \/>\n Hinweise: &#8211;<\/p>\n<p> Versand: Versand nur in der Schweiz m\u00f6glich.Im Ausland ist der Transport k\u00e4uferseits.<br \/>\n Garantie: 3 Monate Garantie. Bitte beachten Sie, dass die Gew\u00e4hrleistung nur g\u00fcltig ist, wenn der Ersatzteileinbau durch eine Fachwerkstatt\/Meisterwerkstatt erfolgt. Das Ein- und Ausbau des Ersatzteiles kann nicht an uns verrechnet werden. <\/p>\n<p> Ersatzteil: f\u00fcr andere Fahrzeugen (Marken) verf\u00fcgbar auf anfrage. Tel.041 980 27 47. Mobil. 076 589 27 47<\/p>\n<p> Kontakt<br \/>\n  Adresse: Autoverwertung Brun AG<br \/>\n           M\u00f6\u00f6slimatten 13<br \/>\n           6218 Ettiswil<br \/>\n  Telefon: 0041 (041) 980 27 47<br \/>\n  Telefax: 0041 (041) 980 03 47<\/p>\n<p> Wir bieten Ihnen weitere gebrauchte Autoteile zum Kauf an.<br \/>\n<\/span><\/p>\n","protected":false},"excerpt":{"rendered":"<p>Technische Daten Fahrzeug: Kia Stonic Chassis Nr.: KNAD6817GN6625035 Baujahr: 2022 Kilometer: 10587 KM Leistung: 120 KW Hubraum: 998 ccm Typ: 1KA624 Farbcode: Black Hinweise: &#8211; Versand: Versand nur in der Schweiz m\u00f6glich.Im Ausland ist der Transport k\u00e4uferseits. Garantie: 3 Monate Garantie. Bitte beachten Sie, dass die Gew\u00e4hrleistung nur g\u00fcltig ist, wenn der Ersatzteileinbau durch eine&hellip; <a class=\"more-link\" href=\"https:\/\/occasions-teile.ch\/fr\/produkt\/kia-stonic-frontkamera\/\">Poursuivre la lecture <span class=\"screen-reader-text\">Kia Stonic  Frontkamera<\/span><\/a><\/p>\n","protected":false},"featured_media":15934,"template":"","meta":[],"product_brand":[],"product_cat":[941,941,942,624,624,624,942,942,586,586,586,1799,1799,1799,1800,1800,1800,941,23678],"product_tag":[],"class_list":{"0":"post-15937","1":"product","2":"type-product","3":"status-publish","4":"has-post-thumbnail","6":"product_cat-en-assistance-systems","8":"product_cat-en-front-camera","9":"product_cat-en-electrics-control-units","14":"product_cat-en_kia","17":"product_cat-en-knad6817gn6625035","20":"product_cat-en_stonic","24":"product_cat-de-yb-1-0-t-gdi-mhev-de_stonic-de_kia-manufacturer-31","25":"product_shipping_class-tarif-1-en","26":"entry","28":"first","29":"instock","30":"taxable","31":"shipping-taxable","32":"purchasable","33":"product-type-simple"},"jetpack_sharing_enabled":true,"_links":{"self":[{"href":"https:\/\/occasions-teile.ch\/fr\/wp-json\/wp\/v2\/product\/15937","targetHints":{"allow":["GET"]}}],"collection":[{"href":"https:\/\/occasions-teile.ch\/fr\/wp-json\/wp\/v2\/product"}],"about":[{"href":"https:\/\/occasions-teile.ch\/fr\/wp-json\/wp\/v2\/types\/product"}],"wp:featuredmedia":[{"embeddable":true,"href":"https:\/\/occasions-teile.ch\/fr\/wp-json\/wp\/v2\/media\/15934"}],"wp:attachment":[{"href":"https:\/\/occasions-teile.ch\/fr\/wp-json\/wp\/v2\/media?parent=15937"}],"wp:term":[{"taxonomy":"product_brand","embeddable":true,"href":"https:\/\/occasions-teile.ch\/fr\/wp-json\/wp\/v2\/product_brand?post=15937"},{"taxonomy":"product_cat","embeddable":true,"href":"https:\/\/occasions-teile.ch\/fr\/wp-json\/wp\/v2\/product_cat?post=15937"},{"taxonomy":"product_tag","embeddable":true,"href":"https:\/\/occasions-teile.ch\/fr\/wp-json\/wp\/v2\/product_tag?post=15937"}],"curies":[{"name":"wp","href":"https:\/\/api.w.org\/{rel}","templated":true}]}}