{"id":1516,"date":"2023-03-08T15:49:28","date_gmt":"2023-03-08T15:49:28","guid":{"rendered":"https:\/\/occasions-teile.ch\/product\/alfa-romeo-giulia-federbeine-stossdaempfer-vorne\/"},"modified":"2024-05-25T14:17:33","modified_gmt":"2024-05-25T14:17:33","slug":"alfa-romeo-giulia-federbeine-stossdaempfer-vorne","status":"publish","type":"product","link":"https:\/\/occasions-teile.ch\/fr\/produkt\/alfa-romeo-giulia-federbeine-stossdaempfer-vorne\/","title":{"rendered":"Alfa Romeo Giulia  Federbeine\/Sto\u00dfd\u00e4mpfer vorne"},"content":{"rendered":"<p><span><b>Technische Daten<\/b><\/p>\n<p> Fahrzeug: Alfa Romeo Giulia<br \/>\n Chassis Nr.: ZAREAEGU4H7529453<br \/>\n Baujahr: 2016<br \/>\n Kilometer: 87841 KM<br \/>\n Leistung: 209 KW<br \/>\n Hubraum: 2143 ccm<br \/>\n Typ: 1AA570<br \/>\n Farbcode: White\/Weiss<br \/>\n Hinweise: &#8211;<\/p>\n<p> Versand: Versand nur in der Schweiz m\u00f6glich.Im Ausland ist der Transport k\u00e4uferseits.<br \/>\n Garantie: 3 Monate Garantie. Bitte beachten Sie, dass die Gew\u00e4hrleistung nur g\u00fcltig ist, wenn der Ersatzteileinbau durch eine Fachwerkstatt\/Meisterwerkstatt erfolgt. Das Ein- und Ausbau des Ersatzteiles kann nicht an uns verrechnet werden. <\/p>\n<p> Ersatzteil: f\u00fcr andere Fahrzeugen (Marken) verf\u00fcgbar auf anfrage. Tel.041 980 27 47. Mobil. 076 589 27 47<\/p>\n<p> Kontakt<br \/>\n  Adresse: Autoverwertung Brun AG<br \/>\n           M\u00f6\u00f6slimatten 13<br \/>\n           6218 Ettiswil<br \/>\n  Telefon: 0041 (041) 980 27 47<br \/>\n  Telefax: 0041 (041) 980 03 47<\/p>\n<p> Wir bieten Ihnen weitere gebrauchte Autoteile zum Kauf an.<br \/>\n<\/span><\/p>\n","protected":false},"excerpt":{"rendered":"<p>Technische Daten Fahrzeug: Alfa Romeo Giulia Chassis Nr.: ZAREAEGU4H7529453 Baujahr: 2016 Kilometer: 87841 KM Leistung: 209 KW Hubraum: 2143 ccm Typ: 1AA570 Farbcode: White\/Weiss Hinweise: &#8211; Versand: Versand nur in der Schweiz m\u00f6glich.Im Ausland ist der Transport k\u00e4uferseits. Garantie: 3 Monate Garantie. Bitte beachten Sie, dass die Gew\u00e4hrleistung nur g\u00fcltig ist, wenn der Ersatzteileinbau durch&hellip; <a class=\"more-link\" href=\"https:\/\/occasions-teile.ch\/fr\/produkt\/alfa-romeo-giulia-federbeine-stossdaempfer-vorne\/\">Poursuivre la lecture <span class=\"screen-reader-text\">Alfa Romeo Giulia  Federbeine\/Sto\u00dfd\u00e4mpfer vorne<\/span><\/a><\/p>\n","protected":false},"featured_media":1513,"template":"","meta":[],"product_brand":[],"product_cat":[474,731,766,767,547,23617,730],"product_tag":[],"class_list":{"0":"post-1516","1":"product","2":"type-product","3":"status-publish","4":"has-post-thumbnail","6":"product_cat-fr_alfa-romeo","7":"product_cat-fr_giulia","8":"product_cat-fr-jambes-de-force-amortisseurs","9":"product_cat-fr-jambes-de-force-amortisseurs-avant","10":"product_cat-fr-train-de-roulement-direction","11":"product_cat-de-veloce-q4-de_giulia-de_alfa-romeo-manufacturer-50","12":"product_cat-fr-zareaegu4h7529453","13":"product_shipping_class-tarif-2-fr","14":"entry","16":"first","17":"instock","18":"taxable","19":"shipping-taxable","20":"purchasable","21":"product-type-simple"},"jetpack_sharing_enabled":true,"_links":{"self":[{"href":"https:\/\/occasions-teile.ch\/fr\/wp-json\/wp\/v2\/product\/1516","targetHints":{"allow":["GET"]}}],"collection":[{"href":"https:\/\/occasions-teile.ch\/fr\/wp-json\/wp\/v2\/product"}],"about":[{"href":"https:\/\/occasions-teile.ch\/fr\/wp-json\/wp\/v2\/types\/product"}],"wp:featuredmedia":[{"embeddable":true,"href":"https:\/\/occasions-teile.ch\/fr\/wp-json\/wp\/v2\/media\/1513"}],"wp:attachment":[{"href":"https:\/\/occasions-teile.ch\/fr\/wp-json\/wp\/v2\/media?parent=1516"}],"wp:term":[{"taxonomy":"product_brand","embeddable":true,"href":"https:\/\/occasions-teile.ch\/fr\/wp-json\/wp\/v2\/product_brand?post=1516"},{"taxonomy":"product_cat","embeddable":true,"href":"https:\/\/occasions-teile.ch\/fr\/wp-json\/wp\/v2\/product_cat?post=1516"},{"taxonomy":"product_tag","embeddable":true,"href":"https:\/\/occasions-teile.ch\/fr\/wp-json\/wp\/v2\/product_tag?post=1516"}],"curies":[{"name":"wp","href":"https:\/\/api.w.org\/{rel}","templated":true}]}}