{"id":14407,"date":"2023-04-21T12:37:34","date_gmt":"2023-04-21T12:37:34","guid":{"rendered":"https:\/\/occasions-teile.ch\/product\/ford-mustang-heckklappe-heckdeckel\/"},"modified":"2024-05-26T13:47:42","modified_gmt":"2024-05-26T13:47:42","slug":"ford-mustang-heckklappe-heckdeckel","status":"publish","type":"product","link":"https:\/\/occasions-teile.ch\/fr\/produkt\/ford-mustang-heckklappe-heckdeckel\/","title":{"rendered":"Ford Mustang  Heckklappe Heckdeckel"},"content":{"rendered":"<p><span><b>Technische Daten<\/b><\/p>\n<p> Fahrzeug: Ford Mustang<br \/>\n Chassis Nr.: 1ZVBP8AM5E5213991<br \/>\n Baujahr: 2013<br \/>\n Kilometer: 126171 KM<br \/>\n Leistung: 308 KW<br \/>\n Hubraum: 3731 ccm<br \/>\n Typ: x<br \/>\n Farbcode: White\/Weiss<br \/>\n Hinweise: &#8211;<\/p>\n<p> Versand: Versand nur in der Schweiz m\u00f6glich.Im Ausland ist der Transport k\u00e4uferseits.<br \/>\n Garantie: 3 Monate Garantie. Bitte beachten Sie, dass die Gew\u00e4hrleistung nur g\u00fcltig ist, wenn der Ersatzteileinbau durch eine Fachwerkstatt\/Meisterwerkstatt erfolgt. Das Ein- und Ausbau des Ersatzteiles kann nicht an uns verrechnet werden. <\/p>\n<p> Ersatzteil: f\u00fcr andere Fahrzeugen (Marken) verf\u00fcgbar auf anfrage. Tel.041 980 27 47. Mobil. 076 589 27 47<\/p>\n<p> Kontakt<br \/>\n  Adresse: Autoverwertung Brun AG<br \/>\n           M\u00f6\u00f6slimatten 13<br \/>\n           6218 Ettiswil<br \/>\n  Telefon: 0041 (041) 980 27 47<br \/>\n  Telefax: 0041 (041) 980 03 47<\/p>\n<p> Wir bieten Ihnen weitere gebrauchte Autoteile zum Kauf an.<br \/>\n<\/span><\/p>\n","protected":false},"excerpt":{"rendered":"<p>Technische Daten Fahrzeug: Ford Mustang Chassis Nr.: 1ZVBP8AM5E5213991 Baujahr: 2013 Kilometer: 126171 KM Leistung: 308 KW Hubraum: 3731 ccm Typ: x Farbcode: White\/Weiss Hinweise: &#8211; Versand: Versand nur in der Schweiz m\u00f6glich.Im Ausland ist der Transport k\u00e4uferseits. Garantie: 3 Monate Garantie. Bitte beachten Sie, dass die Gew\u00e4hrleistung nur g\u00fcltig ist, wenn der Ersatzteileinbau durch eine&hellip; <a class=\"more-link\" href=\"https:\/\/occasions-teile.ch\/fr\/produkt\/ford-mustang-heckklappe-heckdeckel\/\">Poursuivre la lecture <span class=\"screen-reader-text\">Ford Mustang  Heckklappe Heckdeckel<\/span><\/a><\/p>\n","protected":false},"featured_media":14404,"template":"","meta":[],"product_brand":[],"product_cat":[1770,23656,521,1586,687,1771,747],"product_tag":[],"class_list":{"0":"post-14407","1":"product","2":"type-product","3":"status-publish","4":"has-post-thumbnail","6":"product_cat-de-1zvbp8am5e5213991","7":"product_cat-de-3-7-de_mustang-de_ford-manufacturer-35","8":"product_cat-de-karosserie-heck","9":"product_cat-de_ford","10":"product_cat-de-heckklappeteile","11":"product_cat-de_mustang","12":"product_cat-de-heckklappe-heckdeckel","13":"product_shipping_class-tarif-4","14":"entry","16":"first","17":"instock","18":"taxable","19":"shipping-taxable","20":"purchasable","21":"product-type-simple"},"jetpack_sharing_enabled":true,"_links":{"self":[{"href":"https:\/\/occasions-teile.ch\/fr\/wp-json\/wp\/v2\/product\/14407","targetHints":{"allow":["GET"]}}],"collection":[{"href":"https:\/\/occasions-teile.ch\/fr\/wp-json\/wp\/v2\/product"}],"about":[{"href":"https:\/\/occasions-teile.ch\/fr\/wp-json\/wp\/v2\/types\/product"}],"wp:featuredmedia":[{"embeddable":true,"href":"https:\/\/occasions-teile.ch\/fr\/wp-json\/wp\/v2\/media\/14404"}],"wp:attachment":[{"href":"https:\/\/occasions-teile.ch\/fr\/wp-json\/wp\/v2\/media?parent=14407"}],"wp:term":[{"taxonomy":"product_brand","embeddable":true,"href":"https:\/\/occasions-teile.ch\/fr\/wp-json\/wp\/v2\/product_brand?post=14407"},{"taxonomy":"product_cat","embeddable":true,"href":"https:\/\/occasions-teile.ch\/fr\/wp-json\/wp\/v2\/product_cat?post=14407"},{"taxonomy":"product_tag","embeddable":true,"href":"https:\/\/occasions-teile.ch\/fr\/wp-json\/wp\/v2\/product_tag?post=14407"}],"curies":[{"name":"wp","href":"https:\/\/api.w.org\/{rel}","templated":true}]}}