{"id":141296,"date":"2023-11-01T22:01:31","date_gmt":"2023-11-01T22:01:31","guid":{"rendered":"https:\/\/occasions-teile.ch\/product\/1k0407271fp-antriebswelle-vorn-links-vw-golf-5\/"},"modified":"2023-11-01T22:01:31","modified_gmt":"2023-11-01T22:01:31","slug":"1k0407271fp-antriebswelle-vorn-links-vw-golf-5","status":"publish","type":"product","link":"https:\/\/occasions-teile.ch\/fr\/produkt\/1k0407271fp-antriebswelle-vorn-links-vw-golf-5\/","title":{"rendered":"1k0407271FP Antriebswelle Vorn Links VW Golf 5"},"content":{"rendered":"<p>Technische Daten<\/p>\n<p>Fahrzeug: VW Golf 5<br \/>\nBaujahr: 28.06.2007<br \/>\nChassis: WVWZZZ1KZ7P0958<br \/>\nKilometer: 166131 KM<br \/>\nLeistung: 103 KW<br \/>\nHubraum: 1390 ccm<br \/>\nTyp: 1VD442<br \/>\nFarbcode: LA7W<br \/>\nHinweise: Das Ersatzteil wurde gepr\u00fcft und ist selbstverst\u00e4ndlich voll funktionst\u00fcchtig!<\/p>\n<p>Versand: Versand nur in der Schweiz m\u00f6glich. Im Ausland ist der Transport k\u00e4uferseits.<br \/>\nGarantie: 3 Monate Garantie. Bitte beachten Sie, dass die Gew\u00e4hrleistung nur g\u00fcltig ist, wenn der Ersatzteileinbau durch eine Fachwerkstatt\/Meisterwerkstatt erfolgt. Das Ein- und Ausbau des Ersatzteiles kann nicht an uns verrechnet werden. <\/p>\n<p>Ersatzteil: f\u00fcr andere Fahrzeugen (Marken) verf\u00fcgbar auf anfrage. Tel.041 980 27 47. Mobil. 076 589 27 47<\/p>\n<p>Kontakt<br \/>\nAdresse: Autoverwertung Brun AG<br \/>\nM\u00f6\u00f6slimatten 13<br \/>\n6218 Ettiswil<br \/>\nTelefon: 0041 (041) 980 27 47<br \/>\nTelefax: 0041 (041) 980 03 47<\/p>\n<p>Wir bieten Ihnen weitere gebrauchte Autoteile zum Kauf an.<\/p>\n","protected":false},"excerpt":{"rendered":"<p>Technische Daten Fahrzeug: VW Golf 5 Baujahr: 28.06.2007 Chassis: WVWZZZ1KZ7P0958 Kilometer: 166131 KM Leistung: 103 KW Hubraum: 1390 ccm Typ: 1VD442 Farbcode: LA7W Hinweise: Das Ersatzteil wurde gepr\u00fcft und ist selbstverst\u00e4ndlich voll funktionst\u00fcchtig! Versand: Versand nur in der Schweiz m\u00f6glich. Im Ausland ist der Transport k\u00e4uferseits. Garantie: 3 Monate Garantie. Bitte beachten Sie, dass die&hellip; <a class=\"more-link\" href=\"https:\/\/occasions-teile.ch\/fr\/produkt\/1k0407271fp-antriebswelle-vorn-links-vw-golf-5\/\">Poursuivre la lecture <span class=\"screen-reader-text\">1k0407271FP Antriebswelle Vorn Links VW Golf 5<\/span><\/a><\/p>\n","protected":false},"featured_media":141290,"template":"","meta":[],"product_brand":[],"product_cat":[1089,783,648,1281,1280],"product_tag":[],"class_list":{"0":"post-141296","1":"product","2":"type-product","3":"status-publish","4":"has-post-thumbnail","6":"product_cat-de-antriebswelle-hinten-links","7":"product_cat-de-antriebswellen","8":"product_cat-de-getriebe-antrieb","9":"product_cat-de_golf","10":"product_cat-de_volkswagen","11":"product_shipping_class-tarif-2","12":"entry","14":"first","15":"instock","16":"sold-individually","17":"taxable","18":"shipping-taxable","19":"purchasable","20":"product-type-simple"},"jetpack_sharing_enabled":true,"_links":{"self":[{"href":"https:\/\/occasions-teile.ch\/fr\/wp-json\/wp\/v2\/product\/141296","targetHints":{"allow":["GET"]}}],"collection":[{"href":"https:\/\/occasions-teile.ch\/fr\/wp-json\/wp\/v2\/product"}],"about":[{"href":"https:\/\/occasions-teile.ch\/fr\/wp-json\/wp\/v2\/types\/product"}],"wp:featuredmedia":[{"embeddable":true,"href":"https:\/\/occasions-teile.ch\/fr\/wp-json\/wp\/v2\/media\/141290"}],"wp:attachment":[{"href":"https:\/\/occasions-teile.ch\/fr\/wp-json\/wp\/v2\/media?parent=141296"}],"wp:term":[{"taxonomy":"product_brand","embeddable":true,"href":"https:\/\/occasions-teile.ch\/fr\/wp-json\/wp\/v2\/product_brand?post=141296"},{"taxonomy":"product_cat","embeddable":true,"href":"https:\/\/occasions-teile.ch\/fr\/wp-json\/wp\/v2\/product_cat?post=141296"},{"taxonomy":"product_tag","embeddable":true,"href":"https:\/\/occasions-teile.ch\/fr\/wp-json\/wp\/v2\/product_tag?post=141296"}],"curies":[{"name":"wp","href":"https:\/\/api.w.org\/{rel}","templated":true}]}}