{"id":13904,"date":"2023-04-20T14:12:56","date_gmt":"2023-04-20T14:12:56","guid":{"rendered":"https:\/\/occasions-teile.ch\/product\/audi-q5-antriebswelle-hinten-links-3\/"},"modified":"2023-04-20T14:12:58","modified_gmt":"2023-04-20T14:12:58","slug":"audi-q5-antriebswelle-hinten-links-3","status":"publish","type":"product","link":"https:\/\/occasions-teile.ch\/fr\/produkt\/audi-q5-antriebswelle-hinten-links-3\/","title":{"rendered":"Audi Q5  Antriebswelle hinten links"},"content":{"rendered":"<p><span><b>Donn\u00e9es techniques<\/b><\/p>\n<p> V\u00e9hicule: Audi Q5<br \/>\n N\u00b0 de ch\u00e2ssis: WAUZZZ8R2AA068670<br \/>\n Ann\u00e9e de production: 2010<br \/>\n Kilom\u00e9trage: 138624 KM<br \/>\n Puissance: 240 KW<br \/>\n Cylindr\u00e9e du moteur: 2967 ccm<br \/>\n Typ: 1AC556<br \/>\n Code couleur: blau<br \/>\n Remarques: &#8211;<\/p>\n<p> Exp\u00e9dition : L&rsquo;exp\u00e9dition n&rsquo;est disponible qu&rsquo;en Suisse. Dans d&rsquo;autres pays, l&rsquo;acheteur est responsable du transport.<br \/>\n Garantie : 3 mois de garantie. Veuillez noter que la garantie n&rsquo;est valable que si les pi\u00e8ces de rechange sont install\u00e9es par un atelier sp\u00e9cialis\u00e9\/ma\u00eetre. Le montage et le d\u00e9montage de la pi\u00e8ce de rechange ne peuvent pas nous \u00eatre factur\u00e9s.<\/p>\n<p> Pi\u00e8ce de rechange : pour d&rsquo;autres v\u00e9hicules (marques) disponible sur demande. T\u00e9l. 041 980 27 47. Portable. 076 589 27 47<\/p>\n<p>  Contact<br \/>\n   Adresse : Autoverwertung Brun AG<br \/>\n              M\u00f6\u00f6slimatten 13<br \/>\n              6218 Ettiswil<br \/>\n   T\u00e9l\u00e9phone : 0041 (041) 980 27 47<br \/>\n   T\u00e9l\u00e9fax : 0041 (041) 980 03 47<\/p>\n<p>  Nous proposons \u00e9galement d&rsquo;autres pi\u00e8ces automobiles d&rsquo;occasion \u00e0 vendre.<br \/>\n<\/span><\/p>\n","protected":false},"excerpt":{"rendered":"<p>Donn\u00e9es techniques V\u00e9hicule: Audi Q5 N\u00b0 de ch\u00e2ssis: WAUZZZ8R2AA068670 Ann\u00e9e de production: 2010 Kilom\u00e9trage: 138624 KM Puissance: 240 KW Cylindr\u00e9e du moteur: 2967 ccm Typ: 1AC556 Code couleur: blau Remarques: &#8211; Exp\u00e9dition : L&rsquo;exp\u00e9dition n&rsquo;est disponible qu&rsquo;en Suisse. Dans d&rsquo;autres pays, l&rsquo;acheteur est responsable du transport. Garantie : 3 mois de garantie. Veuillez noter que&hellip; <a class=\"more-link\" href=\"https:\/\/occasions-teile.ch\/fr\/produkt\/audi-q5-antriebswelle-hinten-links-3\/\">Poursuivre la lecture <span class=\"screen-reader-text\">Audi Q5  Antriebswelle hinten links<\/span><\/a><\/p>\n","protected":false},"featured_media":13901,"template":"","meta":[],"product_brand":[],"product_cat":[1090,785,1090,785,461,461,461,1090,785,651,651,1663,1663,1663,651,1736,1736,1736],"product_tag":[],"class_list":{"0":"post-13904","1":"product","2":"type-product","3":"status-publish","4":"has-post-thumbnail","6":"product_cat-en-drive-shaft-rear-left","7":"product_cat-en-drive-shafts","10":"product_cat-en_audi","15":"product_cat-en-gearbox-drive","17":"product_cat-en_q5","21":"product_cat-en-wauzzz8r2aa068670","24":"product_shipping_class-tarif-1-en","25":"entry","27":"first","28":"outofstock","29":"taxable","30":"shipping-taxable","31":"purchasable","32":"product-type-simple"},"jetpack_sharing_enabled":true,"_links":{"self":[{"href":"https:\/\/occasions-teile.ch\/fr\/wp-json\/wp\/v2\/product\/13904","targetHints":{"allow":["GET"]}}],"collection":[{"href":"https:\/\/occasions-teile.ch\/fr\/wp-json\/wp\/v2\/product"}],"about":[{"href":"https:\/\/occasions-teile.ch\/fr\/wp-json\/wp\/v2\/types\/product"}],"wp:featuredmedia":[{"embeddable":true,"href":"https:\/\/occasions-teile.ch\/fr\/wp-json\/wp\/v2\/media\/13901"}],"wp:attachment":[{"href":"https:\/\/occasions-teile.ch\/fr\/wp-json\/wp\/v2\/media?parent=13904"}],"wp:term":[{"taxonomy":"product_brand","embeddable":true,"href":"https:\/\/occasions-teile.ch\/fr\/wp-json\/wp\/v2\/product_brand?post=13904"},{"taxonomy":"product_cat","embeddable":true,"href":"https:\/\/occasions-teile.ch\/fr\/wp-json\/wp\/v2\/product_cat?post=13904"},{"taxonomy":"product_tag","embeddable":true,"href":"https:\/\/occasions-teile.ch\/fr\/wp-json\/wp\/v2\/product_tag?post=13904"}],"curies":[{"name":"wp","href":"https:\/\/api.w.org\/{rel}","templated":true}]}}