{"id":13528,"date":"2023-04-20T06:15:43","date_gmt":"2023-04-20T06:15:43","guid":{"rendered":"https:\/\/occasions-teile.ch\/product\/subaru-impreza-fensterheberschalter-schalter-aussenspiegel\/"},"modified":"2024-05-24T10:06:06","modified_gmt":"2024-05-24T10:06:06","slug":"subaru-impreza-fensterheberschalter-schalter-aussenspiegel","status":"publish","type":"product","link":"https:\/\/occasions-teile.ch\/fr\/produkt\/subaru-impreza-fensterheberschalter-schalter-aussenspiegel\/","title":{"rendered":"Subaru Impreza  Fensterheberschalter Schalter Aussenspiegel"},"content":{"rendered":"<p><span><b>Technische Daten<\/b><\/p>\n<p> Fahrzeug: Subaru Impreza<br \/>\n Chassis Nr.: JF1GP3LW4CG016171<br \/>\n Baujahr: 2012<br \/>\n Kilometer: 71386 KM<br \/>\n Leistung: 114 KW<br \/>\n Hubraum: 1600 ccm<br \/>\n Typ: 1SC750<br \/>\n Farbcode: White\/Weiss<br \/>\n Hinweise: &#8211;<\/p>\n<p> Versand: Versand nur in der Schweiz m\u00f6glich.Im Ausland ist der Transport k\u00e4uferseits.<br \/>\n Garantie: 3 Monate Garantie. Bitte beachten Sie, dass die Gew\u00e4hrleistung nur g\u00fcltig ist, wenn der Ersatzteileinbau durch eine Fachwerkstatt\/Meisterwerkstatt erfolgt. Das Ein- und Ausbau des Ersatzteiles kann nicht an uns verrechnet werden. <\/p>\n<p> Ersatzteil: f\u00fcr andere Fahrzeugen (Marken) verf\u00fcgbar auf anfrage. Tel.041 980 27 47. Mobil. 076 589 27 47<\/p>\n<p> Kontakt<br \/>\n  Adresse: Autoverwertung Brun AG<br \/>\n           M\u00f6\u00f6slimatten 13<br \/>\n           6218 Ettiswil<br \/>\n  Telefon: 0041 (041) 980 27 47<br \/>\n  Telefax: 0041 (041) 980 03 47<\/p>\n<p> Wir bieten Ihnen weitere gebrauchte Autoteile zum Kauf an.<br \/>\n<\/span><\/p>\n","protected":false},"excerpt":{"rendered":"<p>Technische Daten Fahrzeug: Subaru Impreza Chassis Nr.: JF1GP3LW4CG016171 Baujahr: 2012 Kilometer: 71386 KM Leistung: 114 KW Hubraum: 1600 ccm Typ: 1SC750 Farbcode: White\/Weiss Hinweise: &#8211; Versand: Versand nur in der Schweiz m\u00f6glich.Im Ausland ist der Transport k\u00e4uferseits. Garantie: 3 Monate Garantie. Bitte beachten Sie, dass die Gew\u00e4hrleistung nur g\u00fcltig ist, wenn der Ersatzteileinbau durch eine&hellip; <a class=\"more-link\" href=\"https:\/\/occasions-teile.ch\/fr\/produkt\/subaru-impreza-fensterheberschalter-schalter-aussenspiegel\/\">Poursuivre la lecture <span class=\"screen-reader-text\">Subaru Impreza  Fensterheberschalter Schalter Aussenspiegel<\/span><\/a><\/p>\n","protected":false},"featured_media":13522,"template":"","meta":[],"product_brand":[],"product_cat":[624,624,624,775,1597,1597,1597,23569,625,775,1688,1688,1688,625,1202,1202,1202,625,775],"product_tag":[],"class_list":{"0":"post-13528","1":"product","2":"type-product","3":"status-publish","4":"has-post-thumbnail","6":"product_cat-en-electrics-control-units","9":"product_cat-en-switch-exterior-mirror","10":"product_cat-en_impreza","13":"product_cat-de-impreza-1-6l-awd","14":"product_cat-en-switch","16":"product_cat-en-jf1gp3lw4cg016171","20":"product_cat-en_subaru","25":"product_shipping_class-tarif-1-en","26":"entry","28":"first","29":"instock","30":"taxable","31":"shipping-taxable","32":"purchasable","33":"product-type-simple"},"jetpack_sharing_enabled":true,"_links":{"self":[{"href":"https:\/\/occasions-teile.ch\/fr\/wp-json\/wp\/v2\/product\/13528","targetHints":{"allow":["GET"]}}],"collection":[{"href":"https:\/\/occasions-teile.ch\/fr\/wp-json\/wp\/v2\/product"}],"about":[{"href":"https:\/\/occasions-teile.ch\/fr\/wp-json\/wp\/v2\/types\/product"}],"wp:featuredmedia":[{"embeddable":true,"href":"https:\/\/occasions-teile.ch\/fr\/wp-json\/wp\/v2\/media\/13522"}],"wp:attachment":[{"href":"https:\/\/occasions-teile.ch\/fr\/wp-json\/wp\/v2\/media?parent=13528"}],"wp:term":[{"taxonomy":"product_brand","embeddable":true,"href":"https:\/\/occasions-teile.ch\/fr\/wp-json\/wp\/v2\/product_brand?post=13528"},{"taxonomy":"product_cat","embeddable":true,"href":"https:\/\/occasions-teile.ch\/fr\/wp-json\/wp\/v2\/product_cat?post=13528"},{"taxonomy":"product_tag","embeddable":true,"href":"https:\/\/occasions-teile.ch\/fr\/wp-json\/wp\/v2\/product_tag?post=13528"}],"curies":[{"name":"wp","href":"https:\/\/api.w.org\/{rel}","templated":true}]}}