{"id":13422,"date":"2023-04-19T14:28:30","date_gmt":"2023-04-19T14:28:30","guid":{"rendered":"https:\/\/occasions-teile.ch\/product\/volkswagen-tiguan-federbeine-stossdaempfer-vorne\/"},"modified":"2024-05-25T22:44:01","modified_gmt":"2024-05-25T22:44:01","slug":"volkswagen-tiguan-federbeine-stossdaempfer-vorne","status":"publish","type":"product","link":"https:\/\/occasions-teile.ch\/fr\/produkt\/volkswagen-tiguan-federbeine-stossdaempfer-vorne\/","title":{"rendered":"Volkswagen Tiguan  Federbeine\/Sto\u00dfd\u00e4mpfer vorne"},"content":{"rendered":"<p><span><b>Technische Daten<\/b><\/p>\n<p> Fahrzeug: Volkswagen Tiguan<br \/>\n Chassis Nr.: xxxxxxxxx<br \/>\n Baujahr: 2009<br \/>\n Kilometer: 111451 KM<br \/>\n Leistung: 170 KW<br \/>\n Hubraum: 1968 ccm<br \/>\n Typ: 1VD619<br \/>\n Farbcode: Black<br \/>\n Hinweise: &#8211;<\/p>\n<p> Versand: Versand nur in der Schweiz m\u00f6glich.Im Ausland ist der Transport k\u00e4uferseits.<br \/>\n Garantie: 3 Monate Garantie. Bitte beachten Sie, dass die Gew\u00e4hrleistung nur g\u00fcltig ist, wenn der Ersatzteileinbau durch eine Fachwerkstatt\/Meisterwerkstatt erfolgt. Das Ein- und Ausbau des Ersatzteiles kann nicht an uns verrechnet werden. <\/p>\n<p> Ersatzteil: f\u00fcr andere Fahrzeugen (Marken) verf\u00fcgbar auf anfrage. Tel.041 980 27 47. Mobil. 076 589 27 47<\/p>\n<p> Kontakt<br \/>\n  Adresse: Autoverwertung Brun AG<br \/>\n           M\u00f6\u00f6slimatten 13<br \/>\n           6218 Ettiswil<br \/>\n  Telefon: 0041 (041) 980 27 47<br \/>\n  Telefax: 0041 (041) 980 03 47<\/p>\n<p> Wir bieten Ihnen weitere gebrauchte Autoteile zum Kauf an.<br \/>\n<\/span><\/p>\n","protected":false},"excerpt":{"rendered":"<p>Technische Daten Fahrzeug: Volkswagen Tiguan Chassis Nr.: xxxxxxxxx Baujahr: 2009 Kilometer: 111451 KM Leistung: 170 KW Hubraum: 1968 ccm Typ: 1VD619 Farbcode: Black Hinweise: &#8211; Versand: Versand nur in der Schweiz m\u00f6glich.Im Ausland ist der Transport k\u00e4uferseits. Garantie: 3 Monate Garantie. Bitte beachten Sie, dass die Gew\u00e4hrleistung nur g\u00fcltig ist, wenn der Ersatzteileinbau durch eine&hellip; <a class=\"more-link\" href=\"https:\/\/occasions-teile.ch\/fr\/produkt\/volkswagen-tiguan-federbeine-stossdaempfer-vorne\/\">Poursuivre la lecture <span class=\"screen-reader-text\">Volkswagen Tiguan  Federbeine\/Sto\u00dfd\u00e4mpfer vorne<\/span><\/a><\/p>\n","protected":false},"featured_media":13416,"template":"","meta":[],"product_brand":[],"product_cat":[23624,544,544,764,765,764,765,764,765,1669,1669,1669,544,1283,1283,1283,1668,1668,1668],"product_tag":[],"class_list":{"0":"post-13422","1":"product","2":"type-product","3":"status-publish","4":"has-post-thumbnail","6":"product_cat-de-2-0tdi-4motion-de_tiguan-de_volkswagen-manufacturer-162","7":"product_cat-en-chassis-steering","9":"product_cat-en-struts-shock-absorbers","10":"product_cat-en-suspension-struts-shock-absorber-in-front","15":"product_cat-en_tiguan","19":"product_cat-en_volkswagen","22":"product_cat-en-xxxxxxxxx","25":"product_shipping_class-tarif-1-en","26":"entry","28":"first","29":"instock","30":"taxable","31":"shipping-taxable","32":"purchasable","33":"product-type-simple"},"jetpack_sharing_enabled":true,"_links":{"self":[{"href":"https:\/\/occasions-teile.ch\/fr\/wp-json\/wp\/v2\/product\/13422","targetHints":{"allow":["GET"]}}],"collection":[{"href":"https:\/\/occasions-teile.ch\/fr\/wp-json\/wp\/v2\/product"}],"about":[{"href":"https:\/\/occasions-teile.ch\/fr\/wp-json\/wp\/v2\/types\/product"}],"wp:featuredmedia":[{"embeddable":true,"href":"https:\/\/occasions-teile.ch\/fr\/wp-json\/wp\/v2\/media\/13416"}],"wp:attachment":[{"href":"https:\/\/occasions-teile.ch\/fr\/wp-json\/wp\/v2\/media?parent=13422"}],"wp:term":[{"taxonomy":"product_brand","embeddable":true,"href":"https:\/\/occasions-teile.ch\/fr\/wp-json\/wp\/v2\/product_brand?post=13422"},{"taxonomy":"product_cat","embeddable":true,"href":"https:\/\/occasions-teile.ch\/fr\/wp-json\/wp\/v2\/product_cat?post=13422"},{"taxonomy":"product_tag","embeddable":true,"href":"https:\/\/occasions-teile.ch\/fr\/wp-json\/wp\/v2\/product_tag?post=13422"}],"curies":[{"name":"wp","href":"https:\/\/api.w.org\/{rel}","templated":true}]}}