{"id":120551,"date":"2023-10-31T13:30:15","date_gmt":"2023-10-31T13:30:15","guid":{"rendered":"https:\/\/occasions-teile.ch\/product\/1394418080-scheinwerfer-vorne-rechts-citroen-jumper-2018\/"},"modified":"2023-10-31T13:30:15","modified_gmt":"2023-10-31T13:30:15","slug":"1394418080-scheinwerfer-vorne-rechts-citroen-jumper-2018","status":"publish","type":"product","link":"https:\/\/occasions-teile.ch\/fr\/produkt\/1394418080-scheinwerfer-vorne-rechts-citroen-jumper-2018\/","title":{"rendered":"1394418080 Scheinwerfer vorne rechts Citroen Jumper 2018"},"content":{"rendered":"<p>Technische Daten<\/p>\n<p>Fahrzeug:   Citroen Jumper Business 2.0HDI<br \/>\nChassis Nr.: VF7YC2MFC12G95338<br \/>\nBaujahr: 14.12.2018<br \/>\nKilometer: nicht bekannt Max150000<br \/>\nLeistung: 81 KW 110 PS<br \/>\nHubraum: 1997 ccm<br \/>\nTyp:<br \/>\nFarbcode: weiss<br \/>\nMotor.<br \/>\nHinweise: Das Ersatzteil wurde gepr\u00fcft und ist selbstverst\u00e4ndlich voll funktionst\u00fcchtig!<\/p>\n<p>Versand: Versand nur in der Schweiz m\u00f6glich. Im Ausland ist der Transport k\u00e4uferseits.<br \/>\nGarantie: 3 Monate Garantie. Bitte beachten Sie, dass die Gew\u00e4hrleistung nur g\u00fcltig ist, wenn der Ersatzteileinbau durch eine Fachwerkstatt\/Meisterwerkstatt erfolgt. Das Ein- und Ausbau des Ersatzteiles kann nicht an uns verrechnet werden.<\/p>\n<p>Ersatzteil: f\u00fcr andere Fahrzeugen (Marken) verf\u00fcgbar auf anfrage. Tel.041 980 27 47. Mobil. 076 589 27 47<\/p>\n<p>Kontakt<br \/>\nAdresse: Autoverwertung Brun AG<br \/>\nM\u00f6\u00f6slimatten 13<br \/>\n6218 Ettiswil<br \/>\nTelefon: 0041 (041) 980 27 47<br \/>\nTelefax: 0041 (041) 980 03 47<\/p>\n<p>Wir bieten Ihnen weitere gebrauchte Autoteile zum Kauf an<\/p>\n","protected":false},"excerpt":{"rendered":"<p>Technische Daten Fahrzeug: Citroen Jumper Business 2.0HDI Chassis Nr.: VF7YC2MFC12G95338 Baujahr: 14.12.2018 Kilometer: nicht bekannt Max150000 Leistung: 81 KW 110 PS Hubraum: 1997 ccm Typ: Farbcode: weiss Motor. Hinweise: Das Ersatzteil wurde gepr\u00fcft und ist selbstverst\u00e4ndlich voll funktionst\u00fcchtig! Versand: Versand nur in der Schweiz m\u00f6glich. Im Ausland ist der Transport k\u00e4uferseits. Garantie: 3 Monate Garantie.&hellip; <a class=\"more-link\" href=\"https:\/\/occasions-teile.ch\/fr\/produkt\/1394418080-scheinwerfer-vorne-rechts-citroen-jumper-2018\/\">Poursuivre la lecture <span class=\"screen-reader-text\">1394418080 Scheinwerfer vorne rechts Citroen Jumper 2018<\/span><\/a><\/p>\n","protected":false},"featured_media":120545,"template":"","meta":[],"product_brand":[],"product_cat":[897,3005,621,5459,898],"product_tag":[],"class_list":{"0":"post-120551","1":"product","2":"type-product","3":"status-publish","4":"has-post-thumbnail","6":"product_cat-de-beleuchtung","7":"product_cat-de_citroen","8":"product_cat-de-elektrik-steuergeraete","9":"product_cat-de_slug_citroen_jumper_986","10":"product_cat-de-scheinwerfer","11":"product_shipping_class-tarif-2","12":"entry","14":"first","15":"instock","16":"sold-individually","17":"taxable","18":"shipping-taxable","19":"purchasable","20":"product-type-simple"},"jetpack_sharing_enabled":true,"_links":{"self":[{"href":"https:\/\/occasions-teile.ch\/fr\/wp-json\/wp\/v2\/product\/120551","targetHints":{"allow":["GET"]}}],"collection":[{"href":"https:\/\/occasions-teile.ch\/fr\/wp-json\/wp\/v2\/product"}],"about":[{"href":"https:\/\/occasions-teile.ch\/fr\/wp-json\/wp\/v2\/types\/product"}],"wp:featuredmedia":[{"embeddable":true,"href":"https:\/\/occasions-teile.ch\/fr\/wp-json\/wp\/v2\/media\/120545"}],"wp:attachment":[{"href":"https:\/\/occasions-teile.ch\/fr\/wp-json\/wp\/v2\/media?parent=120551"}],"wp:term":[{"taxonomy":"product_brand","embeddable":true,"href":"https:\/\/occasions-teile.ch\/fr\/wp-json\/wp\/v2\/product_brand?post=120551"},{"taxonomy":"product_cat","embeddable":true,"href":"https:\/\/occasions-teile.ch\/fr\/wp-json\/wp\/v2\/product_cat?post=120551"},{"taxonomy":"product_tag","embeddable":true,"href":"https:\/\/occasions-teile.ch\/fr\/wp-json\/wp\/v2\/product_tag?post=120551"}],"curies":[{"name":"wp","href":"https:\/\/api.w.org\/{rel}","templated":true}]}}