{"id":113377,"date":"2023-10-31T02:34:57","date_gmt":"2023-10-31T02:34:57","guid":{"rendered":"https:\/\/occasions-teile.ch\/product\/getriebe-citroen-saxo-1-4l-jg96\/"},"modified":"2023-10-31T02:34:57","modified_gmt":"2023-10-31T02:34:57","slug":"getriebe-citroen-saxo-1-4l-jg96","status":"publish","type":"product","link":"https:\/\/occasions-teile.ch\/fr\/produkt\/getriebe-citroen-saxo-1-4l-jg96\/","title":{"rendered":"Getriebe Citroen Saxo 1.4l JG96"},"content":{"rendered":"<p>Technische Daten<\/p>\n<p>Ersatzteil: Getriebe f\u00fcr andere Fahrzeugen (Marken) verf\u00fcgbar auf anfrage: 041 980 27 47<br \/>\nCode:       <\/p>\n<p>Fahrzeug: Citroen Saxo 1.4l<br \/>\nBaujahr:    1996<br \/>\nKilometer:  68000Km<br \/>\nLeistung:   KW  PS<br \/>\nHubraum:  1400ccm <\/p>\n<p>Hinweise: Das Ersatzteil wurde gepr\u00fcft und ist selbstverst\u00e4ndlich voll funktionst\u00fcchtig!<\/p>\n<p>Versand: Versand nur in der Schweiz m\u00f6glich. Im Ausland ist der Transport k\u00e4uferseits.<br \/>\nGarantie: 3 Monate Garantie. Bitte beachten Sie, dass die Gew\u00e4hrleistung nur g\u00fcltig ist, wenn der Ersatzteileinbau durch eine Fachwerkstatt\/Meisterwerkstatt erfolgt. Das Ein- und Ausbau des Ersatzteiles kann nicht an uns verrechnet werden. <\/p>\n<p>Kontakt<br \/>\nAdresse: Autoverwertung Brun AG<br \/>\nM\u00f6\u00f6slimatten 13<br \/>\n6218 Ettiswil<br \/>\nTelefon: 0041 (041) 980 27 47<br \/>\nTelefax: 0041 (041) 980 03 47<\/p>\n<p>E-Mail:<br \/>\nWeb:<br \/>\nWir bieten Ihnen weitere gebrauchte Autoteile zum Kauf an. <\/p>\n<p>Der Preis ist verhandelbar.<\/p>\n","protected":false},"excerpt":{"rendered":"<p>Technische Daten Ersatzteil: Getriebe f\u00fcr andere Fahrzeugen (Marken) verf\u00fcgbar auf anfrage: 041 980 27 47 Code: Fahrzeug: Citroen Saxo 1.4l Baujahr: 1996 Kilometer: 68000Km Leistung: KW PS Hubraum: 1400ccm Hinweise: Das Ersatzteil wurde gepr\u00fcft und ist selbstverst\u00e4ndlich voll funktionst\u00fcchtig! Versand: Versand nur in der Schweiz m\u00f6glich. Im Ausland ist der Transport k\u00e4uferseits. Garantie: 3 Monate&hellip; <a class=\"more-link\" href=\"https:\/\/occasions-teile.ch\/fr\/produkt\/getriebe-citroen-saxo-1-4l-jg96\/\">Poursuivre la lecture <span class=\"screen-reader-text\">Getriebe Citroen Saxo 1.4l JG96<\/span><\/a><\/p>\n","protected":false},"featured_media":113376,"template":"","meta":[],"product_brand":[],"product_cat":[3005,648,5501,649,650],"product_tag":[],"class_list":{"0":"post-113377","1":"product","2":"type-product","3":"status-publish","4":"has-post-thumbnail","6":"product_cat-de_citroen","7":"product_cat-de-getriebe-antrieb","8":"product_cat-de_slug_citroen_saxo_880","9":"product_cat-de-schaltgetriebe","10":"product_cat-de-schaltgetriebe-de-schaltgetriebe","11":"product_shipping_class-tarif-4","12":"entry","14":"first","15":"instock","16":"sold-individually","17":"taxable","18":"shipping-taxable","19":"purchasable","20":"product-type-simple"},"jetpack_sharing_enabled":true,"_links":{"self":[{"href":"https:\/\/occasions-teile.ch\/fr\/wp-json\/wp\/v2\/product\/113377","targetHints":{"allow":["GET"]}}],"collection":[{"href":"https:\/\/occasions-teile.ch\/fr\/wp-json\/wp\/v2\/product"}],"about":[{"href":"https:\/\/occasions-teile.ch\/fr\/wp-json\/wp\/v2\/types\/product"}],"wp:featuredmedia":[{"embeddable":true,"href":"https:\/\/occasions-teile.ch\/fr\/wp-json\/wp\/v2\/media\/113376"}],"wp:attachment":[{"href":"https:\/\/occasions-teile.ch\/fr\/wp-json\/wp\/v2\/media?parent=113377"}],"wp:term":[{"taxonomy":"product_brand","embeddable":true,"href":"https:\/\/occasions-teile.ch\/fr\/wp-json\/wp\/v2\/product_brand?post=113377"},{"taxonomy":"product_cat","embeddable":true,"href":"https:\/\/occasions-teile.ch\/fr\/wp-json\/wp\/v2\/product_cat?post=113377"},{"taxonomy":"product_tag","embeddable":true,"href":"https:\/\/occasions-teile.ch\/fr\/wp-json\/wp\/v2\/product_tag?post=113377"}],"curies":[{"name":"wp","href":"https:\/\/api.w.org\/{rel}","templated":true}]}}