{"id":11040,"date":"2023-04-13T15:35:39","date_gmt":"2023-04-13T15:35:39","guid":{"rendered":"https:\/\/occasions-teile.ch\/product\/opel-corsa-fensterheber\/"},"modified":"2024-05-23T08:14:50","modified_gmt":"2024-05-23T08:14:50","slug":"opel-corsa-fensterheber","status":"publish","type":"product","link":"https:\/\/occasions-teile.ch\/fr\/produkt\/opel-corsa-fensterheber\/","title":{"rendered":"Opel Corsa  Fensterheber"},"content":{"rendered":"<p><span><b>Technische Daten<\/b><\/p>\n<p> Fahrzeug: Opel Corsa<br \/>\n Chassis Nr.: W0L0XEP68F4063895<br \/>\n Baujahr: 2015<br \/>\n Kilometer: 16404 KM<br \/>\n Leistung: 90 KW<br \/>\n Hubraum: 1398 ccm<br \/>\n Typ: 1OC203<br \/>\n Farbcode: Green<br \/>\n Hinweise: &#8211;<\/p>\n<p> Versand: Versand nur in der Schweiz m\u00f6glich.Im Ausland ist der Transport k\u00e4uferseits.<br \/>\n Garantie: 3 Monate Garantie. Bitte beachten Sie, dass die Gew\u00e4hrleistung nur g\u00fcltig ist, wenn der Ersatzteileinbau durch eine Fachwerkstatt\/Meisterwerkstatt erfolgt. Das Ein- und Ausbau des Ersatzteiles kann nicht an uns verrechnet werden. <\/p>\n<p> Ersatzteil: f\u00fcr andere Fahrzeugen (Marken) verf\u00fcgbar auf anfrage. Tel.041 980 27 47. Mobil. 076 589 27 47<\/p>\n<p> Kontakt<br \/>\n  Adresse: Autoverwertung Brun AG<br \/>\n           M\u00f6\u00f6slimatten 13<br \/>\n           6218 Ettiswil<br \/>\n  Telefon: 0041 (041) 980 27 47<br \/>\n  Telefax: 0041 (041) 980 03 47<\/p>\n<p> Wir bieten Ihnen weitere gebrauchte Autoteile zum Kauf an.<br \/>\n<\/span><\/p>\n","protected":false},"excerpt":{"rendered":"<p>Technische Daten Fahrzeug: Opel Corsa Chassis Nr.: W0L0XEP68F4063895 Baujahr: 2015 Kilometer: 16404 KM Leistung: 90 KW Hubraum: 1398 ccm Typ: 1OC203 Farbcode: Green Hinweise: &#8211; Versand: Versand nur in der Schweiz m\u00f6glich.Im Ausland ist der Transport k\u00e4uferseits. Garantie: 3 Monate Garantie. Bitte beachten Sie, dass die Gew\u00e4hrleistung nur g\u00fcltig ist, wenn der Ersatzteileinbau durch eine&hellip; <a class=\"more-link\" href=\"https:\/\/occasions-teile.ch\/fr\/produkt\/opel-corsa-fensterheber\/\">Poursuivre la lecture <span class=\"screen-reader-text\">Opel Corsa  Fensterheber<\/span><\/a><\/p>\n","protected":false},"featured_media":11037,"template":"","meta":[],"product_brand":[],"product_cat":[1217,23532,1349,1350,485,613,1540],"product_tag":[],"class_list":{"0":"post-11040","1":"product","2":"type-product","3":"status-publish","4":"has-post-thumbnail","6":"product_cat-de_corsa","7":"product_cat-de-e-1-4-de_corsa-de_opel-manufacturer-32","8":"product_cat-de-fensterheber","9":"product_cat-de-fensterheber-de-fensterheber","10":"product_cat-de-karosserie-mitte","11":"product_cat-de_opel","12":"product_cat-de-w0l0xep68f4063895","13":"product_shipping_class-tarif-1","14":"entry","16":"first","17":"instock","18":"taxable","19":"shipping-taxable","20":"purchasable","21":"product-type-simple"},"jetpack_sharing_enabled":true,"_links":{"self":[{"href":"https:\/\/occasions-teile.ch\/fr\/wp-json\/wp\/v2\/product\/11040","targetHints":{"allow":["GET"]}}],"collection":[{"href":"https:\/\/occasions-teile.ch\/fr\/wp-json\/wp\/v2\/product"}],"about":[{"href":"https:\/\/occasions-teile.ch\/fr\/wp-json\/wp\/v2\/types\/product"}],"wp:featuredmedia":[{"embeddable":true,"href":"https:\/\/occasions-teile.ch\/fr\/wp-json\/wp\/v2\/media\/11037"}],"wp:attachment":[{"href":"https:\/\/occasions-teile.ch\/fr\/wp-json\/wp\/v2\/media?parent=11040"}],"wp:term":[{"taxonomy":"product_brand","embeddable":true,"href":"https:\/\/occasions-teile.ch\/fr\/wp-json\/wp\/v2\/product_brand?post=11040"},{"taxonomy":"product_cat","embeddable":true,"href":"https:\/\/occasions-teile.ch\/fr\/wp-json\/wp\/v2\/product_cat?post=11040"},{"taxonomy":"product_tag","embeddable":true,"href":"https:\/\/occasions-teile.ch\/fr\/wp-json\/wp\/v2\/product_tag?post=11040"}],"curies":[{"name":"wp","href":"https:\/\/api.w.org\/{rel}","templated":true}]}}