{"id":109224,"date":"2023-10-30T18:59:49","date_gmt":"2023-10-30T18:59:49","guid":{"rendered":"https:\/\/occasions-teile.ch\/product\/206s4-motor-bmw-320i-e46-jg2000-110kw\/"},"modified":"2023-10-30T18:59:49","modified_gmt":"2023-10-30T18:59:49","slug":"206s4-motor-bmw-320i-e46-jg2000-110kw","status":"publish","type":"product","link":"https:\/\/occasions-teile.ch\/fr\/produkt\/206s4-motor-bmw-320i-e46-jg2000-110kw\/","title":{"rendered":"206S4 Motor BMW 320i E46 JG2000 110KW"},"content":{"rendered":"<p>Technische Daten<br \/>\nErsatzteil:                 Motoren f\u00fcr andere Auto (Marken) verf\u00fcgbar auf anfrage<br \/>\nCode:          206S4<br \/>\nFahrzeug:           BMW 320i E46<br \/>\nBaujahr:             2000<br \/>\nKilometer:               131.000 Km<br \/>\nLeistung:      110KW  PS<br \/>\nHubraum:            2000 ccm<br \/>\nHinweise:             Das Ersatzteil wurde gepr\u00fcft und ist selbstverst\u00e4ndlich voll funktionst\u00fcchtig!<\/p>\n<p>Versand:             Versand nur in der Schweiz m\u00f6glich. Im Ausland ist der  Transport K\u00e4uferseits.<br \/>\nGarantie:             3 Monate Garantie. Bitte beachten Sie, dass die Gew\u00e4hrleistung nur g\u00fcltig ist, wenn der Ersatzteileinbau durch eine Fachwerstatt\/Meisterwerstatt erfolgt. Das Ein- und Ausbau des Ersatzteiles kann nicht an uns verrechnet werden. <\/p>\n<p>Kontakt<br \/>\nAdresse:              Autoverwertung Brun<br \/>\n                             M\u00f6\u00f6slimatten 13<br \/>\n                             6218 Ettiswil<br \/>\nTelefon:               0041 (041) 980 27 47<br \/>\nTelefax:               0041 (041) 980 03 47<\/p>\n<p>E-Mail:<br \/>\nWeb:<br \/>\nWir bieten Ihnen  weitere gebrauchte Autoteile zum Kauf an.  <\/p>\n<p>Der Preis ist verhandelbar.<\/p>\n","protected":false},"excerpt":{"rendered":"<p>Technische Daten Ersatzteil: Motoren f\u00fcr andere Auto (Marken) verf\u00fcgbar auf anfrage Code: 206S4 Fahrzeug: BMW 320i E46 Baujahr: 2000 Kilometer: 131.000 Km Leistung: 110KW PS Hubraum: 2000 ccm Hinweise: Das Ersatzteil wurde gepr\u00fcft und ist selbstverst\u00e4ndlich voll funktionst\u00fcchtig! Versand: Versand nur in der Schweiz m\u00f6glich. Im Ausland ist der Transport K\u00e4uferseits. Garantie: 3 Monate Garantie.&hellip; <a class=\"more-link\" href=\"https:\/\/occasions-teile.ch\/fr\/produkt\/206s4-motor-bmw-320i-e46-jg2000-110kw\/\">Poursuivre la lecture <span class=\"screen-reader-text\">206S4 Motor BMW 320i E46 JG2000 110KW<\/span><\/a><\/p>\n","protected":false},"featured_media":109223,"template":"","meta":[],"product_brand":[],"product_cat":[1510,1509,494,495,496],"product_tag":[],"class_list":{"0":"post-109224","1":"product","2":"type-product","3":"status-publish","4":"has-post-thumbnail","6":"product_cat-de_3-serien-320","7":"product_cat-de_bmw","8":"product_cat-de-motor","9":"product_cat-de-motor-de-motor","10":"product_cat-de-motor-de-motor-de-motor","11":"product_shipping_class-tarif-4","12":"entry","14":"first","15":"instock","16":"sold-individually","17":"taxable","18":"shipping-taxable","19":"purchasable","20":"product-type-simple"},"jetpack_sharing_enabled":true,"_links":{"self":[{"href":"https:\/\/occasions-teile.ch\/fr\/wp-json\/wp\/v2\/product\/109224","targetHints":{"allow":["GET"]}}],"collection":[{"href":"https:\/\/occasions-teile.ch\/fr\/wp-json\/wp\/v2\/product"}],"about":[{"href":"https:\/\/occasions-teile.ch\/fr\/wp-json\/wp\/v2\/types\/product"}],"wp:featuredmedia":[{"embeddable":true,"href":"https:\/\/occasions-teile.ch\/fr\/wp-json\/wp\/v2\/media\/109223"}],"wp:attachment":[{"href":"https:\/\/occasions-teile.ch\/fr\/wp-json\/wp\/v2\/media?parent=109224"}],"wp:term":[{"taxonomy":"product_brand","embeddable":true,"href":"https:\/\/occasions-teile.ch\/fr\/wp-json\/wp\/v2\/product_brand?post=109224"},{"taxonomy":"product_cat","embeddable":true,"href":"https:\/\/occasions-teile.ch\/fr\/wp-json\/wp\/v2\/product_cat?post=109224"},{"taxonomy":"product_tag","embeddable":true,"href":"https:\/\/occasions-teile.ch\/fr\/wp-json\/wp\/v2\/product_tag?post=109224"}],"curies":[{"name":"wp","href":"https:\/\/api.w.org\/{rel}","templated":true}]}}