{"id":108846,"date":"2023-10-30T18:34:07","date_gmt":"2023-10-30T18:34:07","guid":{"rendered":"https:\/\/occasions-teile.ch\/product\/k8-motor-mazda-mx3-1-8l-v6-bj93\/"},"modified":"2023-10-30T18:34:07","modified_gmt":"2023-10-30T18:34:07","slug":"k8-motor-mazda-mx3-1-8l-v6-bj93","status":"publish","type":"product","link":"https:\/\/occasions-teile.ch\/fr\/produkt\/k8-motor-mazda-mx3-1-8l-v6-bj93\/","title":{"rendered":"K8 Motor Mazda MX3 1.8l V6 BJ93"},"content":{"rendered":"<p>Technische Daten<\/p>\n<p>Ersatzteil: Motoren F\u00fcr andere Fahrzeuge (Marken) verf\u00fcgbar auf anfrage: 041 980 27 47<br \/>\nCode:       K8<\/p>\n<p>Fahrzeug:  Mazda MX3 1,8l<br \/>\nBaujahr:     1993<br \/>\nKilometer:  165000 Km<br \/>\nLeistung:    KW PS<br \/>\nHubraum:  1800 ccm<br \/>\nTyp:<br \/>\nHinweise: Das Ersatzteil wurde gepr\u00fcft und ist selbstverst\u00e4ndlich voll funktionst\u00fcchtig!<\/p>\n<p>Versand: Versand nur in der Schweiz m\u00f6glich. Im Ausland ist der Transport k\u00e4uferseits.<br \/>\nGarantie: 3 Monate Garantie. Bitte beachten Sie, dass die Gew\u00e4hrleistung nur g\u00fcltig ist, wenn der Ersatzteileinbau durch eine Fachwerkstatt\/Meisterwerkstatt erfolgt. Das Ein- und Ausbau des Ersatzteiles kann nicht an uns verrechnet werden. <\/p>\n<p>Kontakt<br \/>\nAdresse: Autoverwertung Brun AG<br \/>\nM\u00f6\u00f6slimatten 13<br \/>\n6218 Ettiswil<br \/>\nTelefon: 0041 (041) 980 27 47<br \/>\nTelefax: 0041 (041) 980 03 47<\/p>\n<p>E-Mail:<br \/>\nWeb:<br \/>\nWir bieten Ihnen weitere gebrauchte Autoteile zum Kauf an. <\/p>\n<p>Der Preis ist verhandelbar.<\/p>\n","protected":false},"excerpt":{"rendered":"<p>Technische Daten Ersatzteil: Motoren F\u00fcr andere Fahrzeuge (Marken) verf\u00fcgbar auf anfrage: 041 980 27 47 Code: K8 Fahrzeug: Mazda MX3 1,8l Baujahr: 1993 Kilometer: 165000 Km Leistung: KW PS Hubraum: 1800 ccm Typ: Hinweise: Das Ersatzteil wurde gepr\u00fcft und ist selbstverst\u00e4ndlich voll funktionst\u00fcchtig! Versand: Versand nur in der Schweiz m\u00f6glich. Im Ausland ist der Transport&hellip; <a class=\"more-link\" href=\"https:\/\/occasions-teile.ch\/fr\/produkt\/k8-motor-mazda-mx3-1-8l-v6-bj93\/\">Poursuivre la lecture <span class=\"screen-reader-text\">K8 Motor Mazda MX3 1.8l V6 BJ93<\/span><\/a><\/p>\n","protected":false},"featured_media":108844,"template":"","meta":[],"product_brand":[],"product_cat":[1309,1308,494,495,496],"product_tag":[],"class_list":{"0":"post-108846","1":"product","2":"type-product","3":"status-publish","4":"has-post-thumbnail","6":"product_cat-de_3","7":"product_cat-de_mazda","8":"product_cat-de-motor","9":"product_cat-de-motor-de-motor","10":"product_cat-de-motor-de-motor-de-motor","11":"product_shipping_class-tarif-4","12":"entry","14":"first","15":"instock","16":"sold-individually","17":"taxable","18":"shipping-taxable","19":"purchasable","20":"product-type-simple"},"jetpack_sharing_enabled":true,"_links":{"self":[{"href":"https:\/\/occasions-teile.ch\/fr\/wp-json\/wp\/v2\/product\/108846","targetHints":{"allow":["GET"]}}],"collection":[{"href":"https:\/\/occasions-teile.ch\/fr\/wp-json\/wp\/v2\/product"}],"about":[{"href":"https:\/\/occasions-teile.ch\/fr\/wp-json\/wp\/v2\/types\/product"}],"wp:featuredmedia":[{"embeddable":true,"href":"https:\/\/occasions-teile.ch\/fr\/wp-json\/wp\/v2\/media\/108844"}],"wp:attachment":[{"href":"https:\/\/occasions-teile.ch\/fr\/wp-json\/wp\/v2\/media?parent=108846"}],"wp:term":[{"taxonomy":"product_brand","embeddable":true,"href":"https:\/\/occasions-teile.ch\/fr\/wp-json\/wp\/v2\/product_brand?post=108846"},{"taxonomy":"product_cat","embeddable":true,"href":"https:\/\/occasions-teile.ch\/fr\/wp-json\/wp\/v2\/product_cat?post=108846"},{"taxonomy":"product_tag","embeddable":true,"href":"https:\/\/occasions-teile.ch\/fr\/wp-json\/wp\/v2\/product_tag?post=108846"}],"curies":[{"name":"wp","href":"https:\/\/api.w.org\/{rel}","templated":true}]}}