{"id":106126,"date":"2023-10-29T19:54:20","date_gmt":"2023-10-29T19:54:20","guid":{"rendered":"https:\/\/occasions-teile.ch\/product\/45jx14h2et45-leichtmetallrader-opel-agila-1-2l-12v-jg05\/"},"modified":"2023-10-29T19:54:20","modified_gmt":"2023-10-29T19:54:20","slug":"45jx14h2et45-leichtmetallrader-opel-agila-1-2l-12v-jg05","status":"publish","type":"product","link":"https:\/\/occasions-teile.ch\/fr\/produkt\/45jx14h2et45-leichtmetallrader-opel-agila-1-2l-12v-jg05\/","title":{"rendered":"4,5Jx14H2ET45 Leichtmetallr\u00e4der Opel Agila 1.2l 12V JG05"},"content":{"rendered":"<p>Technische Daten<\/p>\n<p>Ersatzteil:   Leichtmetallr\u00e4der f\u00fcr andere Fahrzeugen (Marken) verf\u00fcgbar auf anfrage. Tel.041 980 27 47                                                          Mobil.        076 589 27 47<br \/>\nCode: <\/p>\n<p>Fahrzeug:   Opel Agile 1.2l 12V<br \/>\nBaujahr:      2005<br \/>\nKilometer:   163485 Km<br \/>\nLeistung:     59KW  80PS<br \/>\nHubraum:    1200 ccm<br \/>\nTyp:             1OA905<br \/>\nHinweise: Das Ersatzteil wurde gepr\u00fcft und ist selbstverst\u00e4ndlich voll funktionst\u00fcchtig!<\/p>\n<p>Versand: Versand nur in der Schweiz m\u00f6glich. Im Ausland ist der Transport k\u00e4uferseits.<br \/>\nGarantie: 3 Monate Garantie. Bitte beachten Sie, dass die Gew\u00e4hrleistung nur g\u00fcltig ist, wenn der Ersatzteileinbau durch eine Fachwerkstatt\/Meisterwerkstatt erfolgt. Das Ein- und Ausbau des Ersatzteiles kann nicht an uns verrechnet werden. <\/p>\n<p>Kontakt<br \/>\nAdresse: Autoverwertung Brun AG<br \/>\nM\u00f6\u00f6slimatten 13<br \/>\n6218 Ettiswil<br \/>\nTelefon: 0041 (041) 980 27 47<br \/>\nTelefax: 0041 (041) 980 03 47<\/p>\n<p>E-Mail:<br \/>\nWeb:<br \/>\nWir bieten Ihnen weitere gebrauchte Autoteile zum Kauf an. <\/p>\n<p>Der Preis ist verhandelbar.<\/p>\n","protected":false},"excerpt":{"rendered":"<p>Technische Daten Ersatzteil: Leichtmetallr\u00e4der f\u00fcr andere Fahrzeugen (Marken) verf\u00fcgbar auf anfrage. Tel.041 980 27 47 Mobil. 076 589 27 47 Code: Fahrzeug: Opel Agile 1.2l 12V Baujahr: 2005 Kilometer: 163485 Km Leistung: 59KW 80PS Hubraum: 1200 ccm Typ: 1OA905 Hinweise: Das Ersatzteil wurde gepr\u00fcft und ist selbstverst\u00e4ndlich voll funktionst\u00fcchtig! Versand: Versand nur in der Schweiz&hellip; <a class=\"more-link\" href=\"https:\/\/occasions-teile.ch\/fr\/produkt\/45jx14h2et45-leichtmetallrader-opel-agila-1-2l-12v-jg05\/\">Poursuivre la lecture <span class=\"screen-reader-text\">4,5Jx14H2ET45 Leichtmetallr\u00e4der Opel Agila 1.2l 12V JG05<\/span><\/a><\/p>\n","protected":false},"featured_media":106125,"template":"","meta":[],"product_brand":[],"product_cat":[3593,1176,1175,613,550],"product_tag":[],"class_list":{"0":"post-106126","1":"product","2":"type-product","3":"status-publish","4":"has-post-thumbnail","6":"product_cat-de_slug_opel_agila_308","7":"product_cat-de-alufelgen-felgensatz","8":"product_cat-de-felgensatz","9":"product_cat-de_opel","10":"product_cat-de-raeder-reifen-felgen","11":"product_shipping_class-tarif-4","12":"entry","14":"first","15":"instock","16":"sold-individually","17":"taxable","18":"shipping-taxable","19":"purchasable","20":"product-type-simple"},"jetpack_sharing_enabled":true,"_links":{"self":[{"href":"https:\/\/occasions-teile.ch\/fr\/wp-json\/wp\/v2\/product\/106126","targetHints":{"allow":["GET"]}}],"collection":[{"href":"https:\/\/occasions-teile.ch\/fr\/wp-json\/wp\/v2\/product"}],"about":[{"href":"https:\/\/occasions-teile.ch\/fr\/wp-json\/wp\/v2\/types\/product"}],"wp:featuredmedia":[{"embeddable":true,"href":"https:\/\/occasions-teile.ch\/fr\/wp-json\/wp\/v2\/media\/106125"}],"wp:attachment":[{"href":"https:\/\/occasions-teile.ch\/fr\/wp-json\/wp\/v2\/media?parent=106126"}],"wp:term":[{"taxonomy":"product_brand","embeddable":true,"href":"https:\/\/occasions-teile.ch\/fr\/wp-json\/wp\/v2\/product_brand?post=106126"},{"taxonomy":"product_cat","embeddable":true,"href":"https:\/\/occasions-teile.ch\/fr\/wp-json\/wp\/v2\/product_cat?post=106126"},{"taxonomy":"product_tag","embeddable":true,"href":"https:\/\/occasions-teile.ch\/fr\/wp-json\/wp\/v2\/product_tag?post=106126"}],"curies":[{"name":"wp","href":"https:\/\/api.w.org\/{rel}","templated":true}]}}