{"id":103928,"date":"2023-10-29T17:25:35","date_gmt":"2023-10-29T17:25:35","guid":{"rendered":"https:\/\/occasions-teile.ch\/product\/p30616077-getriebe-volvo-v40-2-0t-jg02\/"},"modified":"2023-10-29T17:25:35","modified_gmt":"2023-10-29T17:25:35","slug":"p30616077-getriebe-volvo-v40-2-0t-jg02","status":"publish","type":"product","link":"https:\/\/occasions-teile.ch\/fr\/produkt\/p30616077-getriebe-volvo-v40-2-0t-jg02\/","title":{"rendered":"P30616077 Getriebe Volvo V40 2.0T JG02"},"content":{"rendered":"<p>Technische Daten<\/p>\n<p>Ersatzteil:  Getrieben f\u00fcr andere Fahrzeugen (Marken) verf\u00fcgbar auf anfrage. Tel.041 980 27 47.                                            Mobil.        076 589 27 47<br \/>\nCode: <\/p>\n<p>Fahrzeug:  Volvo V40 2.0 Turbo<br \/>\nBaujahr:     2002<br \/>\nKilometer:  138711 Km<br \/>\nLeistung:    121KW 165PS<br \/>\nHubraum:   1998 ccm<br \/>\nTyp:            1VA271<br \/>\nHinweise: Das Ersatzteil wurde gepr\u00fcft und ist selbstverst\u00e4ndlich voll funktionst\u00fcchtig!<\/p>\n<p>Versand: Versand nur in der Schweiz m\u00f6glich. Im Ausland ist der Transport k\u00e4uferseits.<br \/>\nGarantie: 3 Monate Garantie. Bitte beachten Sie, dass die Gew\u00e4hrleistung nur g\u00fcltig ist, wenn der Ersatzteileinbau durch eine Fachwerkstatt\/Meisterwerkstatt erfolgt. Das Ein- und Ausbau des Ersatzteiles kann nicht an uns verrechnet werden. <\/p>\n<p>Kontakt<br \/>\nAdresse: Autoverwertung Brun AG<br \/>\nM\u00f6\u00f6slimatten 13<br \/>\n6218 Ettiswil<br \/>\nTelefon: 0041 (041) 980 27 47<br \/>\nTelefax: 0041 (041) 980 03 47<\/p>\n<p>E-Mail:<br \/>\nWeb:<br \/>\nWir bieten Ihnen weitere gebrauchte Autoteile zum Kauf an. <\/p>\n<p>Der Preis ist verhandelbar.<\/p>\n","protected":false},"excerpt":{"rendered":"<p>Technische Daten Ersatzteil: Getrieben f\u00fcr andere Fahrzeugen (Marken) verf\u00fcgbar auf anfrage. Tel.041 980 27 47. Mobil. 076 589 27 47 Code: Fahrzeug: Volvo V40 2.0 Turbo Baujahr: 2002 Kilometer: 138711 Km Leistung: 121KW 165PS Hubraum: 1998 ccm Typ: 1VA271 Hinweise: Das Ersatzteil wurde gepr\u00fcft und ist selbstverst\u00e4ndlich voll funktionst\u00fcchtig! Versand: Versand nur in der Schweiz&hellip; <a class=\"more-link\" href=\"https:\/\/occasions-teile.ch\/fr\/produkt\/p30616077-getriebe-volvo-v40-2-0t-jg02\/\">Poursuivre la lecture <span class=\"screen-reader-text\">P30616077 Getriebe Volvo V40 2.0T JG02<\/span><\/a><\/p>\n","protected":false},"featured_media":103919,"template":"","meta":[],"product_brand":[],"product_cat":[648,650,649,3377,2903],"product_tag":[],"class_list":{"0":"post-103928","1":"product","2":"type-product","3":"status-publish","4":"has-post-thumbnail","6":"product_cat-de-getriebe-antrieb","7":"product_cat-de-schaltgetriebe-de-schaltgetriebe","8":"product_cat-de-schaltgetriebe","9":"product_cat-de_slug_volvo_v40_596","10":"product_cat-de_volvo","11":"product_shipping_class-tarif-4","12":"entry","14":"first","15":"instock","16":"sold-individually","17":"taxable","18":"shipping-taxable","19":"purchasable","20":"product-type-simple"},"jetpack_sharing_enabled":true,"_links":{"self":[{"href":"https:\/\/occasions-teile.ch\/fr\/wp-json\/wp\/v2\/product\/103928","targetHints":{"allow":["GET"]}}],"collection":[{"href":"https:\/\/occasions-teile.ch\/fr\/wp-json\/wp\/v2\/product"}],"about":[{"href":"https:\/\/occasions-teile.ch\/fr\/wp-json\/wp\/v2\/types\/product"}],"wp:featuredmedia":[{"embeddable":true,"href":"https:\/\/occasions-teile.ch\/fr\/wp-json\/wp\/v2\/media\/103919"}],"wp:attachment":[{"href":"https:\/\/occasions-teile.ch\/fr\/wp-json\/wp\/v2\/media?parent=103928"}],"wp:term":[{"taxonomy":"product_brand","embeddable":true,"href":"https:\/\/occasions-teile.ch\/fr\/wp-json\/wp\/v2\/product_brand?post=103928"},{"taxonomy":"product_cat","embeddable":true,"href":"https:\/\/occasions-teile.ch\/fr\/wp-json\/wp\/v2\/product_cat?post=103928"},{"taxonomy":"product_tag","embeddable":true,"href":"https:\/\/occasions-teile.ch\/fr\/wp-json\/wp\/v2\/product_tag?post=103928"}],"curies":[{"name":"wp","href":"https:\/\/api.w.org\/{rel}","templated":true}]}}