{"id":340,"date":"2022-10-25T07:02:48","date_gmt":"2022-10-25T07:02:48","guid":{"rendered":"https:\/\/occasions-teile.ch\/a-propos-de-nous\/"},"modified":"2023-02-16T14:07:14","modified_gmt":"2023-02-16T14:07:14","slug":"a-propos-de-nous","status":"publish","type":"page","link":"https:\/\/occasions-teile.ch\/fr\/a-propos-de-nous\/","title":{"rendered":"\u00c0 propos de nous"},"content":{"rendered":"<div class=\"wp-block-columns is-layout-flex wp-container-core-columns-is-layout-9d6595d7 wp-block-columns-is-layout-flex\"><div class=\"wp-block-column is-layout-flow wp-block-column-is-layout-flow\" style=\"flex-basis:66.66%\"><p>L&rsquo;entreprise Autoverwerung Brun AG a \u00e9t\u00e9 fond\u00e9e en 1986 par Walter Brun \u00e0 Ettiswil (LU).<\/p>\n\n<p>Recyclage et protection de l&rsquo;environnement<\/p>\n\n<p>\u00c0 une \u00e9poque o\u00f9 les ressources et les mati\u00e8res premi\u00e8res se font de plus en plus rares, le traitement, le recyclage et l&rsquo;\u00e9limination correcte sont des t\u00e2ches importantes pour notre soci\u00e9t\u00e9, mais aussi pour nous en tant qu&rsquo;entreprise.<\/p>\n\n<p>Chaque voiture est un d\u00e9p\u00f4t de mati\u00e8res recyclables. La voiture est compos\u00e9e \u00e0 plus de 70% de m\u00e9taux. L&rsquo;acier, l&rsquo;aluminium, le cuivre, le plomb et les m\u00e9taux pr\u00e9cieux sont extraits des voitures hors d&rsquo;usage. Dans de nombreux cas, ils remplacent d\u00e9j\u00e0 les ressources primaires en tant que mati\u00e8res premi\u00e8res secondaires et pr\u00e9servent l&rsquo;environnement.<\/p>\n\n<p>En utilisant des pi\u00e8ces d\u00e9tach\u00e9es automobiles usag\u00e9es, nous apportons une contribution pr\u00e9cieuse \u00e0 la protection de l&rsquo;environnement, en particulier \u00e0 la pr\u00e9servation des ressources.<\/p>\n\n<p>Dans notre centre de recyclage automobile, les v\u00e9hicules usag\u00e9s et accident\u00e9s sont d\u00e9mont\u00e9s dans les r\u00e8gles de l&rsquo;art et dans le respect de l&rsquo;environnement, conform\u00e9ment aux dispositions l\u00e9gales en vigueur. De nombreuses pi\u00e8ces de rechange r\u00e9utilisables sont ainsi d\u00e9mont\u00e9es et envoy\u00e9es au recyclage. Nous disposons ainsi d&rsquo;un grand stock de pi\u00e8ces de rechange pour les moteurs, les bo\u00eetes de vitesses, les appareils de commande, les essieux, les distributeurs, les bobines d&rsquo;allumage, les syst\u00e8mes d&rsquo;\u00e9chappement, les pi\u00e8ces de carrosserie, etc. bref, tout ce qui est mont\u00e9 dans une voiture.<\/p><\/div>\n\n<div class=\"wp-block-column is-layout-flow wp-block-column-is-layout-flow\" style=\"flex-basis:33.33%\"><figure class=\"wp-block-image size-full is-resized\"><img loading=\"lazy\" decoding=\"async\" src=\"https:\/\/occasions-teile.ch\/wp-content\/uploads\/2023\/02\/Natur2-2.jpg\" alt=\"\" class=\"wp-image-594\" width=\"508\" height=\"260\" srcset=\"https:\/\/occasions-teile.ch\/wp-content\/uploads\/2023\/02\/Natur2-2.jpg 1024w, https:\/\/occasions-teile.ch\/wp-content\/uploads\/2023\/02\/Natur2-2-300x154.jpg 300w, https:\/\/occasions-teile.ch\/wp-content\/uploads\/2023\/02\/Natur2-2-768x393.jpg 768w, https:\/\/occasions-teile.ch\/wp-content\/uploads\/2023\/02\/Natur2-2-600x307.jpg 600w\" sizes=\"auto, (max-width: 508px) 100vw, 508px\" \/><\/figure><\/div><\/div>","protected":false},"excerpt":{"rendered":"<p>L&rsquo;entreprise Autoverwerung Brun AG a \u00e9t\u00e9 fond\u00e9e en 1986 par Walter Brun \u00e0 Ettiswil (LU). Recyclage et protection de l&rsquo;environnement \u00c0 une \u00e9poque o\u00f9 les ressources et les mati\u00e8res premi\u00e8res se font de plus en plus rares, le traitement, le recyclage et l&rsquo;\u00e9limination correcte sont des t\u00e2ches importantes pour notre soci\u00e9t\u00e9, mais aussi pour nous&hellip; <a class=\"more-link\" href=\"https:\/\/occasions-teile.ch\/fr\/a-propos-de-nous\/\">Poursuivre la lecture <span class=\"screen-reader-text\">\u00c0 propos de nous<\/span><\/a><\/p>\n","protected":false},"author":954,"featured_media":0,"parent":0,"menu_order":0,"comment_status":"closed","ping_status":"closed","template":"","meta":{"footnotes":""},"class_list":["post-340","page","type-page","status-publish","hentry","entry"],"jetpack_sharing_enabled":true,"_links":{"self":[{"href":"https:\/\/occasions-teile.ch\/fr\/wp-json\/wp\/v2\/pages\/340","targetHints":{"allow":["GET"]}}],"collection":[{"href":"https:\/\/occasions-teile.ch\/fr\/wp-json\/wp\/v2\/pages"}],"about":[{"href":"https:\/\/occasions-teile.ch\/fr\/wp-json\/wp\/v2\/types\/page"}],"author":[{"embeddable":true,"href":"https:\/\/occasions-teile.ch\/fr\/wp-json\/wp\/v2\/users\/954"}],"replies":[{"embeddable":true,"href":"https:\/\/occasions-teile.ch\/fr\/wp-json\/wp\/v2\/comments?post=340"}],"version-history":[{"count":0,"href":"https:\/\/occasions-teile.ch\/fr\/wp-json\/wp\/v2\/pages\/340\/revisions"}],"wp:attachment":[{"href":"https:\/\/occasions-teile.ch\/fr\/wp-json\/wp\/v2\/media?parent=340"}],"curies":[{"name":"wp","href":"https:\/\/api.w.org\/{rel}","templated":true}]}}