{"id":983,"date":"2023-03-07T16:45:18","date_gmt":"2023-03-07T16:45:18","guid":{"rendered":"https:\/\/occasions-teile.ch\/product\/opel-combo-federbeine-stossdaempfer-hinten\/"},"modified":"2024-10-14T00:02:48","modified_gmt":"2024-10-14T00:02:48","slug":"opel-combo-federbeine-stossdaempfer-hinten","status":"publish","type":"product","link":"https:\/\/occasions-teile.ch\/en\/produkt\/opel-combo-federbeine-stossdaempfer-hinten\/","title":{"rendered":"Opel Combo Federbeine\/Sto\u00dfd\u00e4mpfer hinten"},"content":{"rendered":"<p><span><b>Technische Daten<\/b><\/p>\n<p> Fahrzeug: Opel Combo<br \/>\n Chassis Nr.: W0L6ZYC1AG9572266<br \/>\n Baujahr: 2015<br \/>\n Kilometer: 126547 KM<br \/>\n Leistung: 90 KW<br \/>\n Hubraum: 1300 ccm<br \/>\n Typ: 3OB124<br \/>\n Farbcode: White\/Weiss<br \/>\n Hinweise: &#8211;<\/p>\n<p> Versand: Versand nur in der Schweiz m\u00f6glich.Im Ausland ist der Transport k\u00e4uferseits.<br \/>\n Garantie: 3 Monate Garantie. Bitte beachten Sie, dass die Gew\u00e4hrleistung nur g\u00fcltig ist, wenn der Ersatzteileinbau durch eine Fachwerkstatt\/Meisterwerkstatt erfolgt. Das Ein- und Ausbau des Ersatzteiles kann nicht an uns verrechnet werden. <\/p>\n<p> Ersatzteil: f\u00fcr andere Fahrzeugen (Marken) verf\u00fcgbar auf anfrage. Tel.041 980 27 47. Mobil. 076 589 27 47<\/p>\n<p> Kontakt<br \/>\n  Adresse: Autoverwertung Brun AG<br \/>\n           M\u00f6\u00f6slimatten 13<br \/>\n           6218 Ettiswil<br \/>\n  Telefon: 0041 (041) 980 27 47<br \/>\n  Telefax: 0041 (041) 980 03 47<\/p>\n<p> Wir bieten Ihnen weitere gebrauchte Autoteile zum Kauf an.<br \/>\n<\/span><\/p>\n","protected":false},"excerpt":{"rendered":"<p>Technische Daten Fahrzeug: Opel Combo Chassis Nr.: W0L6ZYC1AG9572266 Baujahr: 2015 Kilometer: 126547 KM Leistung: 90 KW Hubraum: 1300 ccm Typ: 3OB124 Farbcode: White\/Weiss Hinweise: &#8211; Versand: Versand nur in der Schweiz m\u00f6glich.Im Ausland ist der Transport k\u00e4uferseits. Garantie: 3 Monate Garantie. Bitte beachten Sie, dass die Gew\u00e4hrleistung nur g\u00fcltig ist, wenn der Ersatzteileinbau durch eine&hellip; <a class=\"more-link\" href=\"https:\/\/occasions-teile.ch\/en\/produkt\/opel-combo-federbeine-stossdaempfer-hinten\/\">Continue reading <span class=\"screen-reader-text\">Opel Combo Federbeine\/Sto\u00dfd\u00e4mpfer hinten<\/span><\/a><\/p>\n","protected":false},"featured_media":329324,"template":"","meta":[],"product_brand":[],"product_cat":[614,14670,23741,14258,541,762,813,613,612],"product_tag":[],"class_list":{"0":"post-983","1":"product","2":"type-product","3":"status-publish","4":"has-post-thumbnail","6":"product_cat-de_combo","7":"product_cat-de-e-d15dt","8":"product_cat-de-e-d15dt-de_combo-de_opel-manufacturer-277","9":"product_cat-de-ed15dt-cargo","10":"product_cat-de-fahrwerk-lenkung","11":"product_cat-de-federbeine-stossdaempfer","12":"product_cat-de-federbeine-stossdaempfer-hinten","13":"product_cat-de_opel","14":"product_cat-de-w0l6zyc1ag9572266","15":"product_shipping_class-tarif-1","16":"entry","18":"first","19":"instock","20":"taxable","21":"shipping-taxable","22":"purchasable","23":"product-type-simple"},"jetpack_sharing_enabled":true,"_links":{"self":[{"href":"https:\/\/occasions-teile.ch\/en\/wp-json\/wp\/v2\/product\/983","targetHints":{"allow":["GET"]}}],"collection":[{"href":"https:\/\/occasions-teile.ch\/en\/wp-json\/wp\/v2\/product"}],"about":[{"href":"https:\/\/occasions-teile.ch\/en\/wp-json\/wp\/v2\/types\/product"}],"wp:featuredmedia":[{"embeddable":true,"href":"https:\/\/occasions-teile.ch\/en\/wp-json\/wp\/v2\/media\/329324"}],"wp:attachment":[{"href":"https:\/\/occasions-teile.ch\/en\/wp-json\/wp\/v2\/media?parent=983"}],"wp:term":[{"taxonomy":"product_brand","embeddable":true,"href":"https:\/\/occasions-teile.ch\/en\/wp-json\/wp\/v2\/product_brand?post=983"},{"taxonomy":"product_cat","embeddable":true,"href":"https:\/\/occasions-teile.ch\/en\/wp-json\/wp\/v2\/product_cat?post=983"},{"taxonomy":"product_tag","embeddable":true,"href":"https:\/\/occasions-teile.ch\/en\/wp-json\/wp\/v2\/product_tag?post=983"}],"curies":[{"name":"wp","href":"https:\/\/api.w.org\/{rel}","templated":true}]}}