{"id":96603,"date":"2023-10-19T10:07:13","date_gmt":"2023-10-19T10:07:13","guid":{"rendered":"https:\/\/occasions-teile.ch\/product\/ford-kuga-rueckleuchte-rechts\/"},"modified":"2024-05-30T01:05:54","modified_gmt":"2024-05-30T01:05:54","slug":"ford-kuga-rueckleuchte-rechts","status":"publish","type":"product","link":"https:\/\/occasions-teile.ch\/en\/produkt\/ford-kuga-rueckleuchte-rechts\/","title":{"rendered":"Ford Kuga  R\u00fcckleuchte rechts"},"content":{"rendered":"<p><span><b>Technische Daten<\/b><\/p>\n<p> Fahrzeug: Ford Kuga<br \/>\n Chassis Nr.: WF0AXXWPMAHM80872<br \/>\n Baujahr: 2017<br \/>\n Kilometer: 114100 KM<br \/>\n Leistung: 179 KW<br \/>\n Hubraum: 1997 ccm<br \/>\n Typ: 1FK313<br \/>\n Farbcode: Black<br \/>\n Hinweise: &#8211;<\/p>\n<p> Versand: Versand nur in der Schweiz m\u00f6glich.Im Ausland ist der Transport k\u00e4uferseits.<br \/>\n Garantie: 3 Monate Garantie. Bitte beachten Sie, dass die Gew\u00e4hrleistung nur g\u00fcltig ist, wenn der Ersatzteileinbau durch eine Fachwerkstatt\/Meisterwerkstatt erfolgt. Das Ein- und Ausbau des Ersatzteiles kann nicht an uns verrechnet werden. <\/p>\n<p> Ersatzteil: f\u00fcr andere Fahrzeugen (Marken) verf\u00fcgbar auf anfrage. Tel.041 980 27 47. Mobil. 076 589 27 47<\/p>\n<p> Kontakt<br \/>\n  Adresse: Autoverwertung Brun AG<br \/>\n           M\u00f6\u00f6slimatten 13<br \/>\n           6218 Ettiswil<br \/>\n  Telefon: 0041 (041) 980 27 47<br \/>\n  Telefax: 0041 (041) 980 03 47<\/p>\n<p> Wir bieten Ihnen weitere gebrauchte Autoteile zum Kauf an.<br \/>\n<\/span><\/p>\n","protected":false},"excerpt":{"rendered":"<p>Technische Daten Fahrzeug: Ford Kuga Chassis Nr.: WF0AXXWPMAHM80872 Baujahr: 2017 Kilometer: 114100 KM Leistung: 179 KW Hubraum: 1997 ccm Typ: 1FK313 Farbcode: Black Hinweise: &#8211; Versand: Versand nur in der Schweiz m\u00f6glich.Im Ausland ist der Transport k\u00e4uferseits. Garantie: 3 Monate Garantie. Bitte beachten Sie, dass die Gew\u00e4hrleistung nur g\u00fcltig ist, wenn der Ersatzteileinbau durch eine&hellip; <a class=\"more-link\" href=\"https:\/\/occasions-teile.ch\/en\/produkt\/ford-kuga-rueckleuchte-rechts\/\">Continue reading <span class=\"screen-reader-text\">Ford Kuga  R\u00fcckleuchte rechts<\/span><\/a><\/p>\n","protected":false},"featured_media":96600,"template":"","meta":[],"product_brand":[],"product_cat":[2752,23918,524,527,1125,1129,1592,1586,1589,521,2745,2748,2742,1121,1127,1128,1123,2747,2741,2744],"product_tag":[],"class_list":{"0":"post-96603","1":"product","2":"type-product","3":"status-publish","4":"has-post-thumbnail","6":"product_cat-de-2-0-tdci-de_kuga-de_ford-manufacturer","7":"product_cat-de-2-0-tdci-de_kuga-de_ford-manufacturer-140","8":"product_cat-en-body-rear","9":"product_cat-fr-carrosserie-arriere","10":"product_cat-fr-feu-arriere","11":"product_cat-fr-feu-arriere-droit","12":"product_cat-fr_ford","13":"product_cat-de_ford","14":"product_cat-en_ford","15":"product_cat-de-karosserie-heck","16":"product_cat-en_kuga","17":"product_cat-fr_kuga","18":"product_cat-de_kuga","19":"product_cat-de-rueckleuchte","20":"product_cat-de-rueckleuchte-rechts","21":"product_cat-en-tail-light-right","22":"product_cat-en-taillight","23":"product_cat-fr-wf0axxwpmahm80872-200000220","24":"product_cat-de-wf0axxwpmahm80872-200000220","25":"product_cat-en-wf0axxwpmahm80872-200000220","26":"product_shipping_class-tarif-1","27":"entry","29":"first","30":"instock","31":"taxable","32":"shipping-taxable","33":"purchasable","34":"product-type-simple"},"jetpack_sharing_enabled":true,"_links":{"self":[{"href":"https:\/\/occasions-teile.ch\/en\/wp-json\/wp\/v2\/product\/96603","targetHints":{"allow":["GET"]}}],"collection":[{"href":"https:\/\/occasions-teile.ch\/en\/wp-json\/wp\/v2\/product"}],"about":[{"href":"https:\/\/occasions-teile.ch\/en\/wp-json\/wp\/v2\/types\/product"}],"wp:featuredmedia":[{"embeddable":true,"href":"https:\/\/occasions-teile.ch\/en\/wp-json\/wp\/v2\/media\/96600"}],"wp:attachment":[{"href":"https:\/\/occasions-teile.ch\/en\/wp-json\/wp\/v2\/media?parent=96603"}],"wp:term":[{"taxonomy":"product_brand","embeddable":true,"href":"https:\/\/occasions-teile.ch\/en\/wp-json\/wp\/v2\/product_brand?post=96603"},{"taxonomy":"product_cat","embeddable":true,"href":"https:\/\/occasions-teile.ch\/en\/wp-json\/wp\/v2\/product_cat?post=96603"},{"taxonomy":"product_tag","embeddable":true,"href":"https:\/\/occasions-teile.ch\/en\/wp-json\/wp\/v2\/product_tag?post=96603"}],"curies":[{"name":"wp","href":"https:\/\/api.w.org\/{rel}","templated":true}]}}