{"id":93491,"date":"2023-09-25T09:41:13","date_gmt":"2023-09-25T09:41:13","guid":{"rendered":"https:\/\/occasions-teile.ch\/product\/vw-caddy-schaltbetaetigung-schaltkulisse\/"},"modified":"2024-05-26T16:50:30","modified_gmt":"2024-05-26T16:50:30","slug":"vw-caddy-schaltbetaetigung-schaltkulisse","status":"publish","type":"product","link":"https:\/\/occasions-teile.ch\/en\/produkt\/vw-caddy-schaltbetaetigung-schaltkulisse\/","title":{"rendered":"VW Caddy  Schaltbet\u00e4tigung Schaltkulisse"},"content":{"rendered":"<p><span><b>Technische Daten<\/b><\/p>\n<p> Fahrzeug: VW Caddy<br \/>\n Chassis Nr.: WV1ZZZ2KZLX111620<br \/>\n Baujahr: 2020<br \/>\n Kilometer: 61613 KM<br \/>\n Leistung: 150 KW<br \/>\n Hubraum: 1968 ccm<br \/>\n Typ: 3VF418<br \/>\n Farbcode: Yellow<br \/>\n Hinweise: &#8211;<\/p>\n<p> Versand: Versand nur in der Schweiz m\u00f6glich.Im Ausland ist der Transport k\u00e4uferseits.<br \/>\n Garantie: 3 Monate Garantie. Bitte beachten Sie, dass die Gew\u00e4hrleistung nur g\u00fcltig ist, wenn der Ersatzteileinbau durch eine Fachwerkstatt\/Meisterwerkstatt erfolgt. Das Ein- und Ausbau des Ersatzteiles kann nicht an uns verrechnet werden. <\/p>\n<p> Ersatzteil: f\u00fcr andere Fahrzeugen (Marken) verf\u00fcgbar auf anfrage. Tel.041 980 27 47. Mobil. 076 589 27 47<\/p>\n<p> Kontakt<br \/>\n  Adresse: Autoverwertung Brun AG<br \/>\n           M\u00f6\u00f6slimatten 13<br \/>\n           6218 Ettiswil<br \/>\n  Telefon: 0041 (041) 980 27 47<br \/>\n  Telefax: 0041 (041) 980 03 47<\/p>\n<p> Wir bieten Ihnen weitere gebrauchte Autoteile zum Kauf an.<br \/>\n<\/span><\/p>\n","protected":false},"excerpt":{"rendered":"<p>Technische Daten Fahrzeug: VW Caddy Chassis Nr.: WV1ZZZ2KZLX111620 Baujahr: 2020 Kilometer: 61613 KM Leistung: 150 KW Hubraum: 1968 ccm Typ: 3VF418 Farbcode: Yellow Hinweise: &#8211; Versand: Versand nur in der Schweiz m\u00f6glich.Im Ausland ist der Transport k\u00e4uferseits. Garantie: 3 Monate Garantie. Bitte beachten Sie, dass die Gew\u00e4hrleistung nur g\u00fcltig ist, wenn der Ersatzteileinbau durch eine&hellip; <a class=\"more-link\" href=\"https:\/\/occasions-teile.ch\/en\/produkt\/vw-caddy-schaltbetaetigung-schaltkulisse\/\">Continue reading <span class=\"screen-reader-text\">VW Caddy  Schaltbet\u00e4tigung Schaltkulisse<\/span><\/a><\/p>\n","protected":false},"featured_media":93488,"template":"","meta":[],"product_brand":[],"product_cat":[1628,1628,1628,909,910,648,648,23659,909,910,909,910,648,1280,1280,1280,2492,2492,2492],"product_tag":[],"class_list":{"0":"post-93491","1":"product","2":"type-product","3":"status-publish","4":"has-post-thumbnail","6":"product_cat-de_caddy","9":"product_cat-de-schaltbetaetigung","10":"product_cat-de-schaltbetaetigung-de-schaltbetaetigung","11":"product_cat-de-getriebe-antrieb","13":"product_cat-de-iv-kasten-de_caddy-de_volkswagen-manufacturer-60","19":"product_cat-de_volkswagen","22":"product_cat-de-wv1zzz2kzlx111620-20000218","25":"product_shipping_class-tarif-1","26":"entry","28":"first","29":"instock","30":"taxable","31":"shipping-taxable","32":"purchasable","33":"product-type-simple"},"jetpack_sharing_enabled":true,"_links":{"self":[{"href":"https:\/\/occasions-teile.ch\/en\/wp-json\/wp\/v2\/product\/93491","targetHints":{"allow":["GET"]}}],"collection":[{"href":"https:\/\/occasions-teile.ch\/en\/wp-json\/wp\/v2\/product"}],"about":[{"href":"https:\/\/occasions-teile.ch\/en\/wp-json\/wp\/v2\/types\/product"}],"wp:featuredmedia":[{"embeddable":true,"href":"https:\/\/occasions-teile.ch\/en\/wp-json\/wp\/v2\/media\/93488"}],"wp:attachment":[{"href":"https:\/\/occasions-teile.ch\/en\/wp-json\/wp\/v2\/media?parent=93491"}],"wp:term":[{"taxonomy":"product_brand","embeddable":true,"href":"https:\/\/occasions-teile.ch\/en\/wp-json\/wp\/v2\/product_brand?post=93491"},{"taxonomy":"product_cat","embeddable":true,"href":"https:\/\/occasions-teile.ch\/en\/wp-json\/wp\/v2\/product_cat?post=93491"},{"taxonomy":"product_tag","embeddable":true,"href":"https:\/\/occasions-teile.ch\/en\/wp-json\/wp\/v2\/product_tag?post=93491"}],"curies":[{"name":"wp","href":"https:\/\/api.w.org\/{rel}","templated":true}]}}