{"id":91919,"date":"2023-09-22T00:16:24","date_gmt":"2023-09-22T00:16:24","guid":{"rendered":"https:\/\/occasions-teile.ch\/product\/audi-a6-bremszange-bremssattel-hinten\/"},"modified":"2024-05-28T19:01:25","modified_gmt":"2024-05-28T19:01:25","slug":"audi-a6-bremszange-bremssattel-hinten","status":"publish","type":"product","link":"https:\/\/occasions-teile.ch\/en\/produkt\/audi-a6-bremszange-bremssattel-hinten\/","title":{"rendered":"Audi A6  Bremszange Bremssattel hinten"},"content":{"rendered":"<p><b>Technische Daten<\/b><\/p>\n<p>Fahrzeug: Audi A6<br \/>\nChassis Nr.: WAUZZZ4G8EN103179<br \/>\nBaujahr: 2014<br \/>\nKilometer: 265966 KM<br \/>\nLeistung: 177 KW<br \/>\nHubraum: 1968 ccm<br \/>\nTyp: 1AD238<br \/>\nFarbcode: Black<br \/>\nHinweise: &#8211;<\/p>\n<p>Versand: Versand nur in der Schweiz m\u00f6glich.Im Ausland ist der Transport k\u00e4uferseits.<br \/>\nGarantie: 3 Monate Garantie. Bitte beachten Sie, dass die Gew\u00e4hrleistung nur g\u00fcltig ist, wenn der Ersatzteileinbau durch eine Fachwerkstatt\/Meisterwerkstatt erfolgt. Das Ein- und Ausbau des Ersatzteiles kann nicht an uns verrechnet werden.<\/p>\n<p>Ersatzteil: f\u00fcr andere Fahrzeugen (Marken) verf\u00fcgbar auf anfrage. Tel.041 980 27 47. Mobil. 076 589 27 47<\/p>\n<p>Kontakt<br \/>\nAdresse: Autoverwertung Brun AG<br \/>\nM\u00f6\u00f6slimatten 13<br \/>\n6218 Ettiswil<br \/>\nTelefon: 0041 (041) 980 27 47<br \/>\nTelefax: 0041 (041) 980 03 47<\/p>\n<p>Wir bieten Ihnen weitere gebrauchte Autoteile zum Kauf an.<\/p>\n","protected":false},"excerpt":{"rendered":"<p>Technische Daten Fahrzeug: Audi A6 Chassis Nr.: WAUZZZ4G8EN103179 Baujahr: 2014 Kilometer: 265966 KM Leistung: 177 KW Hubraum: 1968 ccm Typ: 1AD238 Farbcode: Black Hinweise: &#8211; Versand: Versand nur in der Schweiz m\u00f6glich.Im Ausland ist der Transport k\u00e4uferseits. Garantie: 3 Monate Garantie. Bitte beachten Sie, dass die Gew\u00e4hrleistung nur g\u00fcltig ist, wenn der Ersatzteileinbau durch eine&hellip; <a class=\"more-link\" href=\"https:\/\/occasions-teile.ch\/en\/produkt\/audi-a6-bremszange-bremssattel-hinten\/\">Continue reading <span class=\"screen-reader-text\">Audi A6  Bremszange Bremssattel hinten<\/span><\/a><\/p>\n","protected":false},"featured_media":91916,"template":"","meta":[],"product_brand":[],"product_cat":[23796,2469,458,530,777,1086,2468],"product_tag":[],"class_list":{"0":"post-91919","1":"product","2":"type-product","3":"status-publish","4":"has-post-thumbnail","6":"product_cat-de-2-0tdi-4g-de_a6-de_audi-manufacturer-16","7":"product_cat-de_a6","8":"product_cat-de_audi","9":"product_cat-de-bremse-bremsanlage","10":"product_cat-de-bremssatteltraeger","11":"product_cat-de-bremszange-bremssattel-hinten","12":"product_cat-de-wauzzz4g8en103179-20000215","13":"product_shipping_class-tarif-1","14":"entry","16":"first","17":"instock","18":"taxable","19":"shipping-taxable","20":"purchasable","21":"product-type-simple"},"jetpack_sharing_enabled":true,"_links":{"self":[{"href":"https:\/\/occasions-teile.ch\/en\/wp-json\/wp\/v2\/product\/91919","targetHints":{"allow":["GET"]}}],"collection":[{"href":"https:\/\/occasions-teile.ch\/en\/wp-json\/wp\/v2\/product"}],"about":[{"href":"https:\/\/occasions-teile.ch\/en\/wp-json\/wp\/v2\/types\/product"}],"wp:featuredmedia":[{"embeddable":true,"href":"https:\/\/occasions-teile.ch\/en\/wp-json\/wp\/v2\/media\/91916"}],"wp:attachment":[{"href":"https:\/\/occasions-teile.ch\/en\/wp-json\/wp\/v2\/media?parent=91919"}],"wp:term":[{"taxonomy":"product_brand","embeddable":true,"href":"https:\/\/occasions-teile.ch\/en\/wp-json\/wp\/v2\/product_brand?post=91919"},{"taxonomy":"product_cat","embeddable":true,"href":"https:\/\/occasions-teile.ch\/en\/wp-json\/wp\/v2\/product_cat?post=91919"},{"taxonomy":"product_tag","embeddable":true,"href":"https:\/\/occasions-teile.ch\/en\/wp-json\/wp\/v2\/product_tag?post=91919"}],"curies":[{"name":"wp","href":"https:\/\/api.w.org\/{rel}","templated":true}]}}