{"id":88847,"date":"2023-09-19T23:09:01","date_gmt":"2023-09-19T23:09:01","guid":{"rendered":"https:\/\/occasions-teile.ch\/product\/renault-megane-belag-kofferboden\/"},"modified":"2024-05-24T23:22:16","modified_gmt":"2024-05-24T23:22:16","slug":"renault-megane-belag-kofferboden","status":"publish","type":"product","link":"https:\/\/occasions-teile.ch\/en\/produkt\/renault-megane-belag-kofferboden\/","title":{"rendered":"Renault M\u00e9gane  Belag Kofferboden"},"content":{"rendered":"<p><span><b>Technische Daten<\/b><\/p>\n<p> Fahrzeug: Renault M\u00e9gane<br \/>\n Chassis Nr.: VF1KZ1V0642520771<br \/>\n Baujahr: 2010<br \/>\n Kilometer: 121540 KM<br \/>\n Leistung: 131 KW<br \/>\n Hubraum: 1397 ccm<br \/>\n Typ: 1rb121<br \/>\n Farbcode: silber<br \/>\n Hinweise: &#8211;<\/p>\n<p> Versand: Versand nur in der Schweiz m\u00f6glich.Im Ausland ist der Transport k\u00e4uferseits.<br \/>\n Garantie: 3 Monate Garantie. Bitte beachten Sie, dass die Gew\u00e4hrleistung nur g\u00fcltig ist, wenn der Ersatzteileinbau durch eine Fachwerkstatt\/Meisterwerkstatt erfolgt. Das Ein- und Ausbau des Ersatzteiles kann nicht an uns verrechnet werden. <\/p>\n<p> Ersatzteil: f\u00fcr andere Fahrzeugen (Marken) verf\u00fcgbar auf anfrage. Tel.041 980 27 47. Mobil. 076 589 27 47<\/p>\n<p> Kontakt<br \/>\n  Adresse: Autoverwertung Brun AG<br \/>\n           M\u00f6\u00f6slimatten 13<br \/>\n           6218 Ettiswil<br \/>\n  Telefon: 0041 (041) 980 27 47<br \/>\n  Telefax: 0041 (041) 980 03 47<\/p>\n<p> Wir bieten Ihnen weitere gebrauchte Autoteile zum Kauf an.<br \/>\n<\/span><\/p>\n","protected":false},"excerpt":{"rendered":"<p>Technische Daten Fahrzeug: Renault M\u00e9gane Chassis Nr.: VF1KZ1V0642520771 Baujahr: 2010 Kilometer: 121540 KM Leistung: 131 KW Hubraum: 1397 ccm Typ: 1rb121 Farbcode: silber Hinweise: &#8211; Versand: Versand nur in der Schweiz m\u00f6glich.Im Ausland ist der Transport k\u00e4uferseits. Garantie: 3 Monate Garantie. Bitte beachten Sie, dass die Gew\u00e4hrleistung nur g\u00fcltig ist, wenn der Ersatzteileinbau durch eine&hellip; <a class=\"more-link\" href=\"https:\/\/occasions-teile.ch\/en\/produkt\/renault-megane-belag-kofferboden\/\">Continue reading <span class=\"screen-reader-text\">Renault M\u00e9gane  Belag Kofferboden<\/span><\/a><\/p>\n","protected":false},"featured_media":88844,"template":"","meta":[],"product_brand":[],"product_cat":[1207,1208,925,23593,804,810,807,2443,2445,2441,2433,2436,2439,1209,923,921,2442,2444,1887],"product_tag":[],"class_list":{"0":"post-88847","1":"product","2":"type-product","3":"status-publish","4":"has-post-thumbnail","6":"product_cat-de-belag-kofferboden","7":"product_cat-en-coating-case-bottom","8":"product_cat-fr-habillage-couverture-du-coffre","9":"product_cat-de-iii-grandtour-1-4-tce-de_megane-de_renault-manufacturer-41","10":"product_cat-de-innenraum","11":"product_cat-fr-interieur","12":"product_cat-en-interior","13":"product_cat-en_megane","14":"product_cat-fr_megane","15":"product_cat-de_megane","16":"product_cat-de_renault","17":"product_cat-en_renault","18":"product_cat-fr_renault","19":"product_cat-fr-revetement-fond-de-valise","20":"product_cat-en-trimcovertrunk","21":"product_cat-de-verkleidungabdeckungkofferraum","22":"product_cat-en-vf1kz1v0642520771-20000147","23":"product_cat-fr-vf1kz1v0642520771-20000147","24":"product_cat-de-vf1kz1v0642520771","25":"product_shipping_class-tarif-2","26":"entry","28":"first","29":"instock","30":"taxable","31":"shipping-taxable","32":"purchasable","33":"product-type-simple"},"jetpack_sharing_enabled":true,"_links":{"self":[{"href":"https:\/\/occasions-teile.ch\/en\/wp-json\/wp\/v2\/product\/88847","targetHints":{"allow":["GET"]}}],"collection":[{"href":"https:\/\/occasions-teile.ch\/en\/wp-json\/wp\/v2\/product"}],"about":[{"href":"https:\/\/occasions-teile.ch\/en\/wp-json\/wp\/v2\/types\/product"}],"wp:featuredmedia":[{"embeddable":true,"href":"https:\/\/occasions-teile.ch\/en\/wp-json\/wp\/v2\/media\/88844"}],"wp:attachment":[{"href":"https:\/\/occasions-teile.ch\/en\/wp-json\/wp\/v2\/media?parent=88847"}],"wp:term":[{"taxonomy":"product_brand","embeddable":true,"href":"https:\/\/occasions-teile.ch\/en\/wp-json\/wp\/v2\/product_brand?post=88847"},{"taxonomy":"product_cat","embeddable":true,"href":"https:\/\/occasions-teile.ch\/en\/wp-json\/wp\/v2\/product_cat?post=88847"},{"taxonomy":"product_tag","embeddable":true,"href":"https:\/\/occasions-teile.ch\/en\/wp-json\/wp\/v2\/product_tag?post=88847"}],"curies":[{"name":"wp","href":"https:\/\/api.w.org\/{rel}","templated":true}]}}