{"id":88247,"date":"2023-09-19T17:19:46","date_gmt":"2023-09-19T17:19:46","guid":{"rendered":"https:\/\/occasions-teile.ch\/product\/renault-megane-notrad-reserverad\/"},"modified":"2024-05-24T23:17:09","modified_gmt":"2024-05-24T23:17:09","slug":"renault-megane-notrad-reserverad","status":"publish","type":"product","link":"https:\/\/occasions-teile.ch\/en\/produkt\/renault-megane-notrad-reserverad\/","title":{"rendered":"Renault M\u00e9gane  Notrad\/Reserverad"},"content":{"rendered":"<p><span><b>Technische Daten<\/b><\/p>\n<p> Fahrzeug: Renault M\u00e9gane<br \/>\n Chassis Nr.: VF1KZ1V0642520771<br \/>\n Baujahr: 2010<br \/>\n Kilometer: 121540 KM<br \/>\n Leistung: 131 KW<br \/>\n Hubraum: 1397 ccm<br \/>\n Typ: 1rb121<br \/>\n Farbcode: silber<br \/>\n Hinweise: 205\/55R16<\/p>\n<p> Versand: Versand nur in der Schweiz m\u00f6glich.Im Ausland ist der Transport k\u00e4uferseits.<br \/>\n Garantie: 3 Monate Garantie. Bitte beachten Sie, dass die Gew\u00e4hrleistung nur g\u00fcltig ist, wenn der Ersatzteileinbau durch eine Fachwerkstatt\/Meisterwerkstatt erfolgt. Das Ein- und Ausbau des Ersatzteiles kann nicht an uns verrechnet werden. <\/p>\n<p> Ersatzteil: f\u00fcr andere Fahrzeugen (Marken) verf\u00fcgbar auf anfrage. Tel.041 980 27 47. Mobil. 076 589 27 47<\/p>\n<p> Kontakt<br \/>\n  Adresse: Autoverwertung Brun AG<br \/>\n           M\u00f6\u00f6slimatten 13<br \/>\n           6218 Ettiswil<br \/>\n  Telefon: 0041 (041) 980 27 47<br \/>\n  Telefax: 0041 (041) 980 03 47<\/p>\n<p> Wir bieten Ihnen weitere gebrauchte Autoteile zum Kauf an.<br \/>\n<\/span><\/p>\n","protected":false},"excerpt":{"rendered":"<p>Technische Daten Fahrzeug: Renault M\u00e9gane Chassis Nr.: VF1KZ1V0642520771 Baujahr: 2010 Kilometer: 121540 KM Leistung: 131 KW Hubraum: 1397 ccm Typ: 1rb121 Farbcode: silber Hinweise: 205\/55R16 Versand: Versand nur in der Schweiz m\u00f6glich.Im Ausland ist der Transport k\u00e4uferseits. Garantie: 3 Monate Garantie. Bitte beachten Sie, dass die Gew\u00e4hrleistung nur g\u00fcltig ist, wenn der Ersatzteileinbau durch eine&hellip; <a class=\"more-link\" href=\"https:\/\/occasions-teile.ch\/en\/produkt\/renault-megane-notrad-reserverad\/\">Continue reading <span class=\"screen-reader-text\">Renault M\u00e9gane  Notrad\/Reserverad<\/span><\/a><\/p>\n","protected":false},"featured_media":88244,"template":"","meta":[],"product_brand":[],"product_cat":[23593,2441,1177,1178,550,2433,1887],"product_tag":[],"class_list":{"0":"post-88247","1":"product","2":"type-product","3":"status-publish","4":"has-post-thumbnail","6":"product_cat-de-iii-grandtour-1-4-tce-de_megane-de_renault-manufacturer-41","7":"product_cat-de_megane","8":"product_cat-de-notrad-reserverad","9":"product_cat-de-notrad-reserverad-de-notrad-reserverad","10":"product_cat-de-raeder-reifen-felgen","11":"product_cat-de_renault","12":"product_cat-de-vf1kz1v0642520771","13":"product_shipping_class-tarif-1","14":"entry","16":"first","17":"instock","18":"taxable","19":"shipping-taxable","20":"purchasable","21":"product-type-simple"},"jetpack_sharing_enabled":true,"_links":{"self":[{"href":"https:\/\/occasions-teile.ch\/en\/wp-json\/wp\/v2\/product\/88247","targetHints":{"allow":["GET"]}}],"collection":[{"href":"https:\/\/occasions-teile.ch\/en\/wp-json\/wp\/v2\/product"}],"about":[{"href":"https:\/\/occasions-teile.ch\/en\/wp-json\/wp\/v2\/types\/product"}],"wp:featuredmedia":[{"embeddable":true,"href":"https:\/\/occasions-teile.ch\/en\/wp-json\/wp\/v2\/media\/88244"}],"wp:attachment":[{"href":"https:\/\/occasions-teile.ch\/en\/wp-json\/wp\/v2\/media?parent=88247"}],"wp:term":[{"taxonomy":"product_brand","embeddable":true,"href":"https:\/\/occasions-teile.ch\/en\/wp-json\/wp\/v2\/product_brand?post=88247"},{"taxonomy":"product_cat","embeddable":true,"href":"https:\/\/occasions-teile.ch\/en\/wp-json\/wp\/v2\/product_cat?post=88247"},{"taxonomy":"product_tag","embeddable":true,"href":"https:\/\/occasions-teile.ch\/en\/wp-json\/wp\/v2\/product_tag?post=88247"}],"curies":[{"name":"wp","href":"https:\/\/api.w.org\/{rel}","templated":true}]}}