{"id":8773,"date":"2023-04-06T07:51:14","date_gmt":"2023-04-06T07:51:14","guid":{"rendered":"https:\/\/occasions-teile.ch\/product\/volkswagen-golf-klimakompressor-kompressor-klima-2\/"},"modified":"2024-05-25T22:24:31","modified_gmt":"2024-05-25T22:24:31","slug":"volkswagen-golf-klimakompressor-kompressor-klima-2","status":"publish","type":"product","link":"https:\/\/occasions-teile.ch\/en\/produkt\/volkswagen-golf-klimakompressor-kompressor-klima-2\/","title":{"rendered":"Volkswagen Golf  Klimakompressor Kompressor Klima"},"content":{"rendered":"<p><span><b>Technische Daten<\/b><\/p>\n<p> Fahrzeug: Volkswagen Golf<br \/>\n Chassis Nr.: WVWZZZ1KZCW341118<br \/>\n Baujahr: 2012<br \/>\n Kilometer: 212581 KM<br \/>\n Leistung: 235 KW<br \/>\n Hubraum: 2000 ccm<br \/>\n Typ: x<br \/>\n Farbcode: rot<br \/>\n Hinweise: &#8211;<\/p>\n<p> Versand: Versand nur in der Schweiz m\u00f6glich.Im Ausland ist der Transport k\u00e4uferseits.<br \/>\n Garantie: 3 Monate Garantie. Bitte beachten Sie, dass die Gew\u00e4hrleistung nur g\u00fcltig ist, wenn der Ersatzteileinbau durch eine Fachwerkstatt\/Meisterwerkstatt erfolgt. Das Ein- und Ausbau des Ersatzteiles kann nicht an uns verrechnet werden. <\/p>\n<p> Ersatzteil: f\u00fcr andere Fahrzeugen (Marken) verf\u00fcgbar auf anfrage. Tel.041 980 27 47. Mobil. 076 589 27 47<\/p>\n<p> Kontakt<br \/>\n  Adresse: Autoverwertung Brun AG<br \/>\n           M\u00f6\u00f6slimatten 13<br \/>\n           6218 Ettiswil<br \/>\n  Telefon: 0041 (041) 980 27 47<br \/>\n  Telefax: 0041 (041) 980 03 47<\/p>\n<p> Wir bieten Ihnen weitere gebrauchte Autoteile zum Kauf an.<br \/>\n<\/span><\/p>\n","protected":false},"excerpt":{"rendered":"<p>Technische Daten Fahrzeug: Volkswagen Golf Chassis Nr.: WVWZZZ1KZCW341118 Baujahr: 2012 Kilometer: 212581 KM Leistung: 235 KW Hubraum: 2000 ccm Typ: x Farbcode: rot Hinweise: &#8211; Versand: Versand nur in der Schweiz m\u00f6glich.Im Ausland ist der Transport k\u00e4uferseits. Garantie: 3 Monate Garantie. Bitte beachten Sie, dass die Gew\u00e4hrleistung nur g\u00fcltig ist, wenn der Ersatzteileinbau durch eine&hellip; <a class=\"more-link\" href=\"https:\/\/occasions-teile.ch\/en\/produkt\/volkswagen-golf-klimakompressor-kompressor-klima-2\/\">Continue reading <span class=\"screen-reader-text\">Volkswagen Golf  Klimakompressor Kompressor Klima<\/span><\/a><\/p>\n","protected":false},"featured_media":8772,"template":"","meta":[],"product_brand":[],"product_cat":[23630,1281,711,713,712,1280,1520],"product_tag":[],"class_list":{"0":"post-8773","1":"product","2":"type-product","3":"status-publish","4":"has-post-thumbnail","6":"product_cat-de-6-2-0gti-de_golf-de_volkswagen","7":"product_cat-de_golf","8":"product_cat-de-heizung-klima","9":"product_cat-de-kompressor-klima","10":"product_cat-de-kompressorklima","11":"product_cat-de_volkswagen","12":"product_cat-de-wvwzzz1kzcw341118","13":"product_shipping_class-tarif-1","14":"entry","16":"first","17":"instock","18":"taxable","19":"shipping-taxable","20":"purchasable","21":"product-type-simple"},"jetpack_sharing_enabled":true,"_links":{"self":[{"href":"https:\/\/occasions-teile.ch\/en\/wp-json\/wp\/v2\/product\/8773","targetHints":{"allow":["GET"]}}],"collection":[{"href":"https:\/\/occasions-teile.ch\/en\/wp-json\/wp\/v2\/product"}],"about":[{"href":"https:\/\/occasions-teile.ch\/en\/wp-json\/wp\/v2\/types\/product"}],"wp:featuredmedia":[{"embeddable":true,"href":"https:\/\/occasions-teile.ch\/en\/wp-json\/wp\/v2\/media\/8772"}],"wp:attachment":[{"href":"https:\/\/occasions-teile.ch\/en\/wp-json\/wp\/v2\/media?parent=8773"}],"wp:term":[{"taxonomy":"product_brand","embeddable":true,"href":"https:\/\/occasions-teile.ch\/en\/wp-json\/wp\/v2\/product_brand?post=8773"},{"taxonomy":"product_cat","embeddable":true,"href":"https:\/\/occasions-teile.ch\/en\/wp-json\/wp\/v2\/product_cat?post=8773"},{"taxonomy":"product_tag","embeddable":true,"href":"https:\/\/occasions-teile.ch\/en\/wp-json\/wp\/v2\/product_tag?post=8773"}],"curies":[{"name":"wp","href":"https:\/\/api.w.org\/{rel}","templated":true}]}}