{"id":8754,"date":"2023-04-06T07:11:37","date_gmt":"2023-04-06T07:11:37","guid":{"rendered":"https:\/\/occasions-teile.ch\/product\/bmw-3-serien-320-hoehenstandssensor\/"},"modified":"2024-05-29T18:26:38","modified_gmt":"2024-05-29T18:26:38","slug":"bmw-3-serien-320-hoehenstandssensor","status":"publish","type":"product","link":"https:\/\/occasions-teile.ch\/en\/produkt\/bmw-3-serien-320-hoehenstandssensor\/","title":{"rendered":"BMW 3-serien 320 H\u00f6henstandssensor"},"content":{"rendered":"<p><span><b>Technische Daten<\/b><\/p>\n<p> Fahrzeug: BMW 3-serien 320<br \/>\n Chassis Nr.: WBA3K31010F681450<br \/>\n Baujahr: 2014<br \/>\n Kilometer: 220000 KM<br \/>\n Leistung: 184 KW<br \/>\n Hubraum: 1995 ccm<br \/>\n Typ: x<br \/>\n Farbcode: Black<br \/>\n Hinweise: &#8211;<\/p>\n<p> Versand: Versand nur in der Schweiz m\u00f6glich.Im Ausland ist der Transport k\u00e4uferseits.<br \/>\n Garantie: 3 Monate Garantie. Bitte beachten Sie, dass die Gew\u00e4hrleistung nur g\u00fcltig ist, wenn der Ersatzteileinbau durch eine Fachwerkstatt\/Meisterwerkstatt erfolgt. Das Ein- und Ausbau des Ersatzteiles kann nicht an uns verrechnet werden. <\/p>\n<p> Ersatzteil: f\u00fcr andere Fahrzeugen (Marken) verf\u00fcgbar auf anfrage. Tel.041 980 27 47. Mobil. 076 589 27 47<\/p>\n<p> Kontakt<br \/>\n  Adresse: Autoverwertung Brun AG<br \/>\n           M\u00f6\u00f6slimatten 13<br \/>\n           6218 Ettiswil<br \/>\n  Telefon: 0041 (041) 980 27 47<br \/>\n  Telefax: 0041 (041) 980 03 47<\/p>\n<p> Wir bieten Ihnen weitere gebrauchte Autoteile zum Kauf an.<br \/>\n<\/span><\/p>\n","protected":false},"excerpt":{"rendered":"<p>Technische Daten Fahrzeug: BMW 3-serien 320 Chassis Nr.: WBA3K31010F681450 Baujahr: 2014 Kilometer: 220000 KM Leistung: 184 KW Hubraum: 1995 ccm Typ: x Farbcode: Black Hinweise: &#8211; Versand: Versand nur in der Schweiz m\u00f6glich.Im Ausland ist der Transport k\u00e4uferseits. Garantie: 3 Monate Garantie. Bitte beachten Sie, dass die Gew\u00e4hrleistung nur g\u00fcltig ist, wenn der Ersatzteileinbau durch&hellip; <a class=\"more-link\" href=\"https:\/\/occasions-teile.ch\/en\/produkt\/bmw-3-serien-320-hoehenstandssensor\/\">Continue reading <span class=\"screen-reader-text\">BMW 3-serien 320 H\u00f6henstandssensor<\/span><\/a><\/p>\n","protected":false},"featured_media":8748,"template":"","meta":[],"product_brand":[],"product_cat":[1513,1513,1513,1512,1512,1512,1518,1079,624,624,624,23909,1518,1518,1079,1079,1511,1511,1511],"product_tag":[],"class_list":{"0":"post-8754","1":"product","2":"type-product","3":"status-publish","4":"has-post-thumbnail","6":"product_cat-en_3-serien-320","9":"product_cat-en_bmw","12":"product_cat-en-ride-height-sensor","13":"product_cat-en-sensorsother","14":"product_cat-en-electrics-control-units","17":"product_cat-de-f31-2-0d-de_3-serien-320-de_bmw-manufacturer-5","22":"product_cat-en-wba3k31010f681450","25":"product_shipping_class-tarif-1-en","26":"entry","28":"first","29":"instock","30":"taxable","31":"shipping-taxable","32":"purchasable","33":"product-type-simple"},"jetpack_sharing_enabled":true,"_links":{"self":[{"href":"https:\/\/occasions-teile.ch\/en\/wp-json\/wp\/v2\/product\/8754","targetHints":{"allow":["GET"]}}],"collection":[{"href":"https:\/\/occasions-teile.ch\/en\/wp-json\/wp\/v2\/product"}],"about":[{"href":"https:\/\/occasions-teile.ch\/en\/wp-json\/wp\/v2\/types\/product"}],"wp:featuredmedia":[{"embeddable":true,"href":"https:\/\/occasions-teile.ch\/en\/wp-json\/wp\/v2\/media\/8748"}],"wp:attachment":[{"href":"https:\/\/occasions-teile.ch\/en\/wp-json\/wp\/v2\/media?parent=8754"}],"wp:term":[{"taxonomy":"product_brand","embeddable":true,"href":"https:\/\/occasions-teile.ch\/en\/wp-json\/wp\/v2\/product_brand?post=8754"},{"taxonomy":"product_cat","embeddable":true,"href":"https:\/\/occasions-teile.ch\/en\/wp-json\/wp\/v2\/product_cat?post=8754"},{"taxonomy":"product_tag","embeddable":true,"href":"https:\/\/occasions-teile.ch\/en\/wp-json\/wp\/v2\/product_tag?post=8754"}],"curies":[{"name":"wp","href":"https:\/\/api.w.org\/{rel}","templated":true}]}}