{"id":76588,"date":"2023-08-23T06:26:06","date_gmt":"2023-08-23T06:26:06","guid":{"rendered":"https:\/\/occasions-teile.ch\/product\/bmw-x-serien-x1-querlenker-hinten-links-3\/"},"modified":"2024-05-27T17:25:31","modified_gmt":"2024-05-27T17:25:31","slug":"bmw-x-serien-x1-querlenker-hinten-links-3","status":"publish","type":"product","link":"https:\/\/occasions-teile.ch\/en\/produkt\/bmw-x-serien-x1-querlenker-hinten-links-3\/","title":{"rendered":"BMW X-serien X1 Querlenker hinten links"},"content":{"rendered":"<p><span><b>Technische Daten<\/b><\/p>\n<p> Fahrzeug: BMW X-serien X1<br \/>\n Chassis Nr.: WBAVP71030VW68240<br \/>\n Baujahr: 2014<br \/>\n Kilometer: 123583 KM<br \/>\n Leistung: 143 KW<br \/>\n Hubraum: 1995 ccm<br \/>\n Typ: 1BC492<br \/>\n Farbcode: grau<br \/>\n Hinweise: &#8211;<\/p>\n<p> Versand: Versand nur in der Schweiz m\u00f6glich.Im Ausland ist der Transport k\u00e4uferseits.<br \/>\n Garantie: 3 Monate Garantie. Bitte beachten Sie, dass die Gew\u00e4hrleistung nur g\u00fcltig ist, wenn der Ersatzteileinbau durch eine Fachwerkstatt\/Meisterwerkstatt erfolgt. Das Ein- und Ausbau des Ersatzteiles kann nicht an uns verrechnet werden. <\/p>\n<p> Ersatzteil: f\u00fcr andere Fahrzeugen (Marken) verf\u00fcgbar auf anfrage. Tel.041 980 27 47. Mobil. 076 589 27 47<\/p>\n<p> Kontakt<br \/>\n  Adresse: Autoverwertung Brun AG<br \/>\n           M\u00f6\u00f6slimatten 13<br \/>\n           6218 Ettiswil<br \/>\n  Telefon: 0041 (041) 980 27 47<br \/>\n  Telefax: 0041 (041) 980 03 47<\/p>\n<p> Wir bieten Ihnen weitere gebrauchte Autoteile zum Kauf an.<br \/>\n<\/span><\/p>\n","protected":false},"excerpt":{"rendered":"<p>Technische Daten Fahrzeug: BMW X-serien X1 Chassis Nr.: WBAVP71030VW68240 Baujahr: 2014 Kilometer: 123583 KM Leistung: 143 KW Hubraum: 1995 ccm Typ: 1BC492 Farbcode: grau Hinweise: &#8211; Versand: Versand nur in der Schweiz m\u00f6glich.Im Ausland ist der Transport k\u00e4uferseits. Garantie: 3 Monate Garantie. Bitte beachten Sie, dass die Gew\u00e4hrleistung nur g\u00fcltig ist, wenn der Ersatzteileinbau durch&hellip; <a class=\"more-link\" href=\"https:\/\/occasions-teile.ch\/en\/produkt\/bmw-x-serien-x1-querlenker-hinten-links-3\/\">Continue reading <span class=\"screen-reader-text\">BMW X-serien X1 Querlenker hinten links<\/span><\/a><\/p>\n","protected":false},"featured_media":76585,"template":"","meta":[],"product_brand":[],"product_cat":[23721,1509,1512,1515,793,1461,544,541,789,1092,547,2322,2324,2326,791,1460,2327,2323,2325],"product_tag":[],"class_list":{"0":"post-76588","1":"product","2":"type-product","3":"status-publish","4":"has-post-thumbnail","6":"product_cat-de-18d-xd-de_x-serien-x1-de_bmw-manufacturer-32","7":"product_cat-de_bmw","8":"product_cat-en_bmw","9":"product_cat-fr_bmw","10":"product_cat-fr-bras-de-suspension","11":"product_cat-fr-bras-de-suspension-arriere-gauche","12":"product_cat-en-chassis-steering","13":"product_cat-de-fahrwerk-lenkung","14":"product_cat-de-querlenker","15":"product_cat-de-querlenker-hinten-links","16":"product_cat-fr-train-de-roulement-direction","17":"product_cat-de-wbavp71030vw68240-20000202","18":"product_cat-en-wbavp71030vw68240-20000202","19":"product_cat-fr-wbavp71030vw68240-20000202","20":"product_cat-en-wishbone","21":"product_cat-en-wishbone-front-left-en-wishbone","22":"product_cat-fr_x-serien-x1","23":"product_cat-de_x-serien-x1","24":"product_cat-en_x-serien-x1","25":"product_shipping_class-tarif-1","26":"entry","28":"first","29":"instock","30":"taxable","31":"shipping-taxable","32":"purchasable","33":"product-type-simple"},"jetpack_sharing_enabled":true,"_links":{"self":[{"href":"https:\/\/occasions-teile.ch\/en\/wp-json\/wp\/v2\/product\/76588","targetHints":{"allow":["GET"]}}],"collection":[{"href":"https:\/\/occasions-teile.ch\/en\/wp-json\/wp\/v2\/product"}],"about":[{"href":"https:\/\/occasions-teile.ch\/en\/wp-json\/wp\/v2\/types\/product"}],"wp:featuredmedia":[{"embeddable":true,"href":"https:\/\/occasions-teile.ch\/en\/wp-json\/wp\/v2\/media\/76585"}],"wp:attachment":[{"href":"https:\/\/occasions-teile.ch\/en\/wp-json\/wp\/v2\/media?parent=76588"}],"wp:term":[{"taxonomy":"product_brand","embeddable":true,"href":"https:\/\/occasions-teile.ch\/en\/wp-json\/wp\/v2\/product_brand?post=76588"},{"taxonomy":"product_cat","embeddable":true,"href":"https:\/\/occasions-teile.ch\/en\/wp-json\/wp\/v2\/product_cat?post=76588"},{"taxonomy":"product_tag","embeddable":true,"href":"https:\/\/occasions-teile.ch\/en\/wp-json\/wp\/v2\/product_tag?post=76588"}],"curies":[{"name":"wp","href":"https:\/\/api.w.org\/{rel}","templated":true}]}}