{"id":72431,"date":"2023-07-29T09:34:35","date_gmt":"2023-07-29T09:34:35","guid":{"rendered":"https:\/\/occasions-teile.ch\/product\/audi-a3-spiegel-aussenspiegel-vorne-6\/"},"modified":"2024-05-28T00:26:07","modified_gmt":"2024-05-28T00:26:07","slug":"audi-a3-spiegel-aussenspiegel-vorne-4","status":"publish","type":"product","link":"https:\/\/occasions-teile.ch\/en\/produkt\/audi-a3-spiegel-aussenspiegel-vorne-4\/","title":{"rendered":"Audi A3  Spiegel Au\u00dfenspiegel vorne"},"content":{"rendered":"<p><span><b>Technische Daten<\/b><\/p>\n<p> Fahrzeug: Audi A3<br \/>\n Chassis Nr.: WAUZZZ8P0BA104758<br \/>\n Baujahr: 2011<br \/>\n Kilometer: 125820 KM<br \/>\n Leistung: 160 KW<br \/>\n Hubraum: 1798 ccm<br \/>\n Typ: 1AC612<br \/>\n Farbcode: White\/Weiss<br \/>\n Hinweise: &#8211;<\/p>\n<p> Versand: Versand nur in der Schweiz m\u00f6glich.Im Ausland ist der Transport k\u00e4uferseits.<br \/>\n Garantie: 3 Monate Garantie. Bitte beachten Sie, dass die Gew\u00e4hrleistung nur g\u00fcltig ist, wenn der Ersatzteileinbau durch eine Fachwerkstatt\/Meisterwerkstatt erfolgt. Das Ein- und Ausbau des Ersatzteiles kann nicht an uns verrechnet werden. <\/p>\n<p> Ersatzteil: f\u00fcr andere Fahrzeugen (Marken) verf\u00fcgbar auf anfrage. Tel.041 980 27 47. Mobil. 076 589 27 47<\/p>\n<p> Kontakt<br \/>\n  Adresse: Autoverwertung Brun AG<br \/>\n           M\u00f6\u00f6slimatten 13<br \/>\n           6218 Ettiswil<br \/>\n  Telefon: 0041 (041) 980 27 47<br \/>\n  Telefax: 0041 (041) 980 03 47<\/p>\n<p> Wir bieten Ihnen weitere gebrauchte Autoteile zum Kauf an.<br \/>\n<\/span><\/p>\n","protected":false},"excerpt":{"rendered":"<p>Technische Daten Fahrzeug: Audi A3 Chassis Nr.: WAUZZZ8P0BA104758 Baujahr: 2011 Kilometer: 125820 KM Leistung: 160 KW Hubraum: 1798 ccm Typ: 1AC612 Farbcode: White\/Weiss Hinweise: &#8211; Versand: Versand nur in der Schweiz m\u00f6glich.Im Ausland ist der Transport k\u00e4uferseits. Garantie: 3 Monate Garantie. Bitte beachten Sie, dass die Gew\u00e4hrleistung nur g\u00fcltig ist, wenn der Ersatzteileinbau durch eine&hellip; <a class=\"more-link\" href=\"https:\/\/occasions-teile.ch\/en\/produkt\/audi-a3-spiegel-aussenspiegel-vorne-4\/\">Continue reading <span class=\"screen-reader-text\">Audi A3  Spiegel Au\u00dfenspiegel vorne<\/span><\/a><\/p>\n","protected":false},"featured_media":72428,"template":"","meta":[],"product_brand":[],"product_cat":[23733,2143,2139,2141,458,461,464,768,488,491,770,771,485,772,773,769,2297,2298,2299],"product_tag":[],"class_list":{"0":"post-72431","1":"product","2":"type-product","3":"status-publish","4":"has-post-thumbnail","6":"product_cat-de-8p-1-8tfsi-quattro-de_a3-de_audi-manufacturer-30","7":"product_cat-fr_a3","8":"product_cat-de_a3","9":"product_cat-en_a3","10":"product_cat-de_audi","11":"product_cat-en_audi","12":"product_cat-fr_audi","13":"product_cat-de-aussenspiegel","14":"product_cat-en-body-center","15":"product_cat-fr-centre-de-la-carrosserie","16":"product_cat-en-exterior-mirror","17":"product_cat-en-exterior-mirrors-complete","18":"product_cat-de-karosserie-mitte","19":"product_cat-fr-retroviseur-exterieur","20":"product_cat-fr-retroviseur-exterieur-complet","21":"product_cat-de-spiegel-aussenspiegel-vorne","22":"product_cat-de-wauzzz8p0ba104758-20000198","23":"product_cat-en-wauzzz8p0ba104758-20000198","24":"product_cat-fr-wauzzz8p0ba104758-20000198","25":"product_shipping_class-tarif-1","26":"entry","28":"first","29":"instock","30":"taxable","31":"shipping-taxable","32":"purchasable","33":"product-type-simple"},"jetpack_sharing_enabled":true,"_links":{"self":[{"href":"https:\/\/occasions-teile.ch\/en\/wp-json\/wp\/v2\/product\/72431","targetHints":{"allow":["GET"]}}],"collection":[{"href":"https:\/\/occasions-teile.ch\/en\/wp-json\/wp\/v2\/product"}],"about":[{"href":"https:\/\/occasions-teile.ch\/en\/wp-json\/wp\/v2\/types\/product"}],"wp:featuredmedia":[{"embeddable":true,"href":"https:\/\/occasions-teile.ch\/en\/wp-json\/wp\/v2\/media\/72428"}],"wp:attachment":[{"href":"https:\/\/occasions-teile.ch\/en\/wp-json\/wp\/v2\/media?parent=72431"}],"wp:term":[{"taxonomy":"product_brand","embeddable":true,"href":"https:\/\/occasions-teile.ch\/en\/wp-json\/wp\/v2\/product_brand?post=72431"},{"taxonomy":"product_cat","embeddable":true,"href":"https:\/\/occasions-teile.ch\/en\/wp-json\/wp\/v2\/product_cat?post=72431"},{"taxonomy":"product_tag","embeddable":true,"href":"https:\/\/occasions-teile.ch\/en\/wp-json\/wp\/v2\/product_tag?post=72431"}],"curies":[{"name":"wp","href":"https:\/\/api.w.org\/{rel}","templated":true}]}}