{"id":70456,"date":"2023-07-25T13:28:34","date_gmt":"2023-07-25T13:28:34","guid":{"rendered":"https:\/\/occasions-teile.ch\/product\/vw-touran-fahrersitz\/"},"modified":"2024-05-29T15:46:16","modified_gmt":"2024-05-29T15:46:16","slug":"vw-touran-fahrersitz","status":"publish","type":"product","link":"https:\/\/occasions-teile.ch\/en\/produkt\/vw-touran-fahrersitz\/","title":{"rendered":"VW Touran  Fahrersitz"},"content":{"rendered":"<p><span><b>Technische Daten<\/b><\/p>\n<p> Fahrzeug: VW Touran<br \/>\n Chassis Nr.: WVGZZZ1TZHW080310<br \/>\n Baujahr: 2017<br \/>\n Kilometer: 91273 KM<br \/>\n Leistung: 110 KW<br \/>\n Hubraum: 1197 ccm<br \/>\n Typ: 1VF891<br \/>\n Farbcode: White\/Weiss<br \/>\n Hinweise: &#8211;<\/p>\n<p> Versand: Versand nur in der Schweiz m\u00f6glich.Im Ausland ist der Transport k\u00e4uferseits.<br \/>\n Garantie: 3 Monate Garantie. Bitte beachten Sie, dass die Gew\u00e4hrleistung nur g\u00fcltig ist, wenn der Ersatzteileinbau durch eine Fachwerkstatt\/Meisterwerkstatt erfolgt. Das Ein- und Ausbau des Ersatzteiles kann nicht an uns verrechnet werden. <\/p>\n<p> Ersatzteil: f\u00fcr andere Fahrzeugen (Marken) verf\u00fcgbar auf anfrage. Tel.041 980 27 47. Mobil. 076 589 27 47<\/p>\n<p> Kontakt<br \/>\n  Adresse: Autoverwertung Brun AG<br \/>\n           M\u00f6\u00f6slimatten 13<br \/>\n           6218 Ettiswil<br \/>\n  Telefon: 0041 (041) 980 27 47<br \/>\n  Telefax: 0041 (041) 980 03 47<\/p>\n<p> Wir bieten Ihnen weitere gebrauchte Autoteile zum Kauf an.<br \/>\n<\/span><\/p>\n","protected":false},"excerpt":{"rendered":"<p>Technische Daten Fahrzeug: VW Touran Chassis Nr.: WVGZZZ1TZHW080310 Baujahr: 2017 Kilometer: 91273 KM Leistung: 110 KW Hubraum: 1197 ccm Typ: 1VF891 Farbcode: White\/Weiss Hinweise: &#8211; Versand: Versand nur in der Schweiz m\u00f6glich.Im Ausland ist der Transport k\u00e4uferseits. Garantie: 3 Monate Garantie. Bitte beachten Sie, dass die Gew\u00e4hrleistung nur g\u00fcltig ist, wenn der Ersatzteileinbau durch eine&hellip; <a class=\"more-link\" href=\"https:\/\/occasions-teile.ch\/en\/produkt\/vw-touran-fahrersitz\/\">Continue reading <span class=\"screen-reader-text\">VW Touran  Fahrersitz<\/span><\/a><\/p>\n","protected":false},"featured_media":70452,"template":"","meta":[],"product_brand":[],"product_cat":[23890,1538,1819,1818,804,810,807,1536,1820,1534,2172,2174,2176,1280,1283,1286,2274,2275,2273],"product_tag":[],"class_list":{"0":"post-70456","1":"product","2":"type-product","3":"status-publish","4":"has-post-thumbnail","6":"product_cat-de-1-2tsi-de_touran-de_volkswagen-manufacturer-36","7":"product_cat-fr-autres","8":"product_cat-en-drivers-seat","9":"product_cat-de-fahrersitz","10":"product_cat-de-innenraum","11":"product_cat-fr-interieur","12":"product_cat-en-interior","13":"product_cat-en-other-en-interior","14":"product_cat-fr-siege-du-conducteur","15":"product_cat-de-sonstiges-de-innenraum","16":"product_cat-de_touran","17":"product_cat-en_touran","18":"product_cat-fr_touran","19":"product_cat-de_volkswagen","20":"product_cat-en_volkswagen","21":"product_cat-fr_volkswagen","22":"product_cat-en-wvgzzz1tzhw080310-20000196","23":"product_cat-fr-wvgzzz1tzhw080310-20000196","24":"product_cat-de-wvgzzz1tzhw080310-20000196","25":"product_shipping_class-tarif-4","26":"entry","28":"first","29":"instock","30":"taxable","31":"shipping-taxable","32":"purchasable","33":"product-type-simple"},"jetpack_sharing_enabled":true,"_links":{"self":[{"href":"https:\/\/occasions-teile.ch\/en\/wp-json\/wp\/v2\/product\/70456","targetHints":{"allow":["GET"]}}],"collection":[{"href":"https:\/\/occasions-teile.ch\/en\/wp-json\/wp\/v2\/product"}],"about":[{"href":"https:\/\/occasions-teile.ch\/en\/wp-json\/wp\/v2\/types\/product"}],"wp:featuredmedia":[{"embeddable":true,"href":"https:\/\/occasions-teile.ch\/en\/wp-json\/wp\/v2\/media\/70452"}],"wp:attachment":[{"href":"https:\/\/occasions-teile.ch\/en\/wp-json\/wp\/v2\/media?parent=70456"}],"wp:term":[{"taxonomy":"product_brand","embeddable":true,"href":"https:\/\/occasions-teile.ch\/en\/wp-json\/wp\/v2\/product_brand?post=70456"},{"taxonomy":"product_cat","embeddable":true,"href":"https:\/\/occasions-teile.ch\/en\/wp-json\/wp\/v2\/product_cat?post=70456"},{"taxonomy":"product_tag","embeddable":true,"href":"https:\/\/occasions-teile.ch\/en\/wp-json\/wp\/v2\/product_tag?post=70456"}],"curies":[{"name":"wp","href":"https:\/\/api.w.org\/{rel}","templated":true}]}}