{"id":67987,"date":"2023-07-12T08:32:19","date_gmt":"2023-07-12T08:32:19","guid":{"rendered":"https:\/\/occasions-teile.ch\/product\/vw-golf-fensterheberschalter-schalter-aussenspiegel\/"},"modified":"2024-05-29T03:44:06","modified_gmt":"2024-05-29T03:44:06","slug":"vw-golf-fensterheberschalter-schalter-aussenspiegel","status":"publish","type":"product","link":"https:\/\/occasions-teile.ch\/en\/produkt\/vw-golf-fensterheberschalter-schalter-aussenspiegel\/","title":{"rendered":"VW Golf  Fensterheberschalter Schalter Aussenspiegel"},"content":{"rendered":"<p><span><b>Technische Daten<\/b><\/p>\n<p> Fahrzeug: VW Golf<br \/>\n Chassis Nr.: WVWZZZ1KZCP158796<br \/>\n Baujahr: 2012<br \/>\n Kilometer: 170007 KM<br \/>\n Leistung: 86 KW<br \/>\n Hubraum: 1197 ccm<br \/>\n Typ: 1VD779<br \/>\n Farbcode: rot<br \/>\n Hinweise: &#8211;<\/p>\n<p> Versand: Versand nur in der Schweiz m\u00f6glich.Im Ausland ist der Transport k\u00e4uferseits.<br \/>\n Garantie: 3 Monate Garantie. Bitte beachten Sie, dass die Gew\u00e4hrleistung nur g\u00fcltig ist, wenn der Ersatzteileinbau durch eine Fachwerkstatt\/Meisterwerkstatt erfolgt. Das Ein- und Ausbau des Ersatzteiles kann nicht an uns verrechnet werden. <\/p>\n<p> Ersatzteil: f\u00fcr andere Fahrzeugen (Marken) verf\u00fcgbar auf anfrage. Tel.041 980 27 47. Mobil. 076 589 27 47<\/p>\n<p> Kontakt<br \/>\n  Adresse: Autoverwertung Brun AG<br \/>\n           M\u00f6\u00f6slimatten 13<br \/>\n           6218 Ettiswil<br \/>\n  Telefon: 0041 (041) 980 27 47<br \/>\n  Telefax: 0041 (041) 980 03 47<\/p>\n<p> Wir bieten Ihnen weitere gebrauchte Autoteile zum Kauf an.<br \/>\n<\/span><\/p>\n","protected":false},"excerpt":{"rendered":"<p>Technische Daten Fahrzeug: VW Golf Chassis Nr.: WVWZZZ1KZCP158796 Baujahr: 2012 Kilometer: 170007 KM Leistung: 86 KW Hubraum: 1197 ccm Typ: 1VD779 Farbcode: rot Hinweise: &#8211; Versand: Versand nur in der Schweiz m\u00f6glich.Im Ausland ist der Transport k\u00e4uferseits. Garantie: 3 Monate Garantie. Bitte beachten Sie, dass die Gew\u00e4hrleistung nur g\u00fcltig ist, wenn der Ersatzteileinbau durch eine&hellip; <a class=\"more-link\" href=\"https:\/\/occasions-teile.ch\/en\/produkt\/vw-golf-fensterheberschalter-schalter-aussenspiegel\/\">Continue reading <span class=\"screen-reader-text\">VW Golf  Fensterheberschalter Schalter Aussenspiegel<\/span><\/a><\/p>\n","protected":false},"featured_media":67981,"template":"","meta":[],"product_brand":[],"product_cat":[627,624,621,774,1281,1284,1287,628,776,622,625,775,23531,1283,1286,1280,2168,2169,2170],"product_tag":[],"class_list":{"0":"post-67987","1":"product","2":"type-product","3":"status-publish","4":"has-post-thumbnail","6":"product_cat-fr-electricite-dispositifs-de-commande","7":"product_cat-en-electrics-control-units","8":"product_cat-de-elektrik-steuergeraete","9":"product_cat-de-fensterheberschalter-schalter-aussenspiegel","10":"product_cat-de_golf","11":"product_cat-en_golf","12":"product_cat-fr_golf","13":"product_cat-fr-interrupteur","14":"product_cat-fr-interrupteur-retroviseur-exterieur","15":"product_cat-de-schalter","16":"product_cat-en-switch","17":"product_cat-en-switch-exterior-mirror","18":"product_cat-de-vi-1-2tsi-de_golf-de_volkswagen-manufacturer-32","19":"product_cat-en_volkswagen","20":"product_cat-fr_volkswagen","21":"product_cat-de_volkswagen","22":"product_cat-de-wvwzzz1kzcp158796-20000184","23":"product_cat-en-wvwzzz1kzcp158796-20000184","24":"product_cat-fr-wvwzzz1kzcp158796-20000184","25":"product_shipping_class-tarif-1","26":"entry","28":"first","29":"instock","30":"taxable","31":"shipping-taxable","32":"purchasable","33":"product-type-simple"},"jetpack_sharing_enabled":true,"_links":{"self":[{"href":"https:\/\/occasions-teile.ch\/en\/wp-json\/wp\/v2\/product\/67987","targetHints":{"allow":["GET"]}}],"collection":[{"href":"https:\/\/occasions-teile.ch\/en\/wp-json\/wp\/v2\/product"}],"about":[{"href":"https:\/\/occasions-teile.ch\/en\/wp-json\/wp\/v2\/types\/product"}],"wp:featuredmedia":[{"embeddable":true,"href":"https:\/\/occasions-teile.ch\/en\/wp-json\/wp\/v2\/media\/67981"}],"wp:attachment":[{"href":"https:\/\/occasions-teile.ch\/en\/wp-json\/wp\/v2\/media?parent=67987"}],"wp:term":[{"taxonomy":"product_brand","embeddable":true,"href":"https:\/\/occasions-teile.ch\/en\/wp-json\/wp\/v2\/product_brand?post=67987"},{"taxonomy":"product_cat","embeddable":true,"href":"https:\/\/occasions-teile.ch\/en\/wp-json\/wp\/v2\/product_cat?post=67987"},{"taxonomy":"product_tag","embeddable":true,"href":"https:\/\/occasions-teile.ch\/en\/wp-json\/wp\/v2\/product_tag?post=67987"}],"curies":[{"name":"wp","href":"https:\/\/api.w.org\/{rel}","templated":true}]}}