{"id":65444,"date":"2023-07-07T09:15:08","date_gmt":"2023-07-07T09:15:08","guid":{"rendered":"https:\/\/occasions-teile.ch\/product\/volkswagen-vw-golf-geblaesemotor-luefter-innenraum-3\/"},"modified":"2024-05-29T03:48:46","modified_gmt":"2024-05-29T03:48:46","slug":"volkswagen-vw-golf-geblaesemotor-luefter-innenraum-3","status":"publish","type":"product","link":"https:\/\/occasions-teile.ch\/en\/produkt\/volkswagen-vw-golf-geblaesemotor-luefter-innenraum-3\/","title":{"rendered":"Volkswagen VW Golf  Gebl\u00e4semotor L\u00fcfter Innenraum"},"content":{"rendered":"<p><span><b>Technische Daten<\/b><\/p>\n<p> Fahrzeug: Volkswagen VW Golf<br \/>\n Chassis Nr.: WVWZZZ1KZCP158796<br \/>\n Baujahr: 2012<br \/>\n Kilometer: 170007 KM<br \/>\n Leistung: 86 KW<br \/>\n Hubraum: 1197 ccm<br \/>\n Typ: 1VD779<br \/>\n Farbcode: rot<br \/>\n Hinweise: &#8211;<\/p>\n<p> Versand: Versand nur in der Schweiz m\u00f6glich.Im Ausland ist der Transport k\u00e4uferseits.<br \/>\n Garantie: 3 Monate Garantie. Bitte beachten Sie, dass die Gew\u00e4hrleistung nur g\u00fcltig ist, wenn der Ersatzteileinbau durch eine Fachwerkstatt\/Meisterwerkstatt erfolgt. Das Ein- und Ausbau des Ersatzteiles kann nicht an uns verrechnet werden. <\/p>\n<p> Ersatzteil: f\u00fcr andere Fahrzeugen (Marken) verf\u00fcgbar auf anfrage. Tel.041 980 27 47. Mobil. 076 589 27 47<\/p>\n<p> Kontakt<br \/>\n  Adresse: Autoverwertung Brun AG<br \/>\n           M\u00f6\u00f6slimatten 13<br \/>\n           6218 Ettiswil<br \/>\n  Telefon: 0041 (041) 980 27 47<br \/>\n  Telefax: 0041 (041) 980 03 47<\/p>\n<p> Wir bieten Ihnen weitere gebrauchte Autoteile zum Kauf an.<br \/>\n<\/span><\/p>\n","protected":false},"excerpt":{"rendered":"<p>Technische Daten Fahrzeug: Volkswagen VW Golf Chassis Nr.: WVWZZZ1KZCP158796 Baujahr: 2012 Kilometer: 170007 KM Leistung: 86 KW Hubraum: 1197 ccm Typ: 1VD779 Farbcode: rot Hinweise: &#8211; Versand: Versand nur in der Schweiz m\u00f6glich.Im Ausland ist der Transport k\u00e4uferseits. Garantie: 3 Monate Garantie. Bitte beachten Sie, dass die Gew\u00e4hrleistung nur g\u00fcltig ist, wenn der Ersatzteileinbau durch&hellip; <a class=\"more-link\" href=\"https:\/\/occasions-teile.ch\/en\/produkt\/volkswagen-vw-golf-geblaesemotor-luefter-innenraum-3\/\">Continue reading <span class=\"screen-reader-text\">Volkswagen VW Golf  Gebl\u00e4semotor L\u00fcfter Innenraum<\/span><\/a><\/p>\n","protected":false},"featured_media":65438,"template":"","meta":[],"product_brand":[],"product_cat":[861,860,717,859,858,1284,1287,1281,714,711,862,863,23531,1283,1286,1280,2168,2169,2170],"product_tag":[],"class_list":{"0":"post-65444","1":"product","2":"type-product","3":"status-publish","4":"has-post-thumbnail","6":"product_cat-en-blower-motor-fan-interior-en-blower-motor-fan-interior","7":"product_cat-en-blower-motor-fan-interior","8":"product_cat-fr-chauffage-climatisation","9":"product_cat-de-geblaesemotor-luefter-innenraum","10":"product_cat-de-geblaesemotor-luefterinnenraum","11":"product_cat-en_golf","12":"product_cat-fr_golf","13":"product_cat-de_golf","14":"product_cat-en-heating-air-conditioning","15":"product_cat-de-heizung-klima","16":"product_cat-fr-moteur-de-ventilateur-interieur-du-ventilateur","17":"product_cat-fr-moteur-de-ventilateur-interieur-du-ventilateur-fr-moteur-de-ventilateur-interieur-du-ventilateur","18":"product_cat-de-vi-1-2tsi-de_golf-de_volkswagen-manufacturer-32","19":"product_cat-en_volkswagen","20":"product_cat-fr_volkswagen","21":"product_cat-de_volkswagen","22":"product_cat-de-wvwzzz1kzcp158796-20000184","23":"product_cat-en-wvwzzz1kzcp158796-20000184","24":"product_cat-fr-wvwzzz1kzcp158796-20000184","25":"product_shipping_class-tarif-1","26":"entry","28":"first","29":"instock","30":"taxable","31":"shipping-taxable","32":"purchasable","33":"product-type-simple"},"jetpack_sharing_enabled":true,"_links":{"self":[{"href":"https:\/\/occasions-teile.ch\/en\/wp-json\/wp\/v2\/product\/65444","targetHints":{"allow":["GET"]}}],"collection":[{"href":"https:\/\/occasions-teile.ch\/en\/wp-json\/wp\/v2\/product"}],"about":[{"href":"https:\/\/occasions-teile.ch\/en\/wp-json\/wp\/v2\/types\/product"}],"wp:featuredmedia":[{"embeddable":true,"href":"https:\/\/occasions-teile.ch\/en\/wp-json\/wp\/v2\/media\/65438"}],"wp:attachment":[{"href":"https:\/\/occasions-teile.ch\/en\/wp-json\/wp\/v2\/media?parent=65444"}],"wp:term":[{"taxonomy":"product_brand","embeddable":true,"href":"https:\/\/occasions-teile.ch\/en\/wp-json\/wp\/v2\/product_brand?post=65444"},{"taxonomy":"product_cat","embeddable":true,"href":"https:\/\/occasions-teile.ch\/en\/wp-json\/wp\/v2\/product_cat?post=65444"},{"taxonomy":"product_tag","embeddable":true,"href":"https:\/\/occasions-teile.ch\/en\/wp-json\/wp\/v2\/product_tag?post=65444"}],"curies":[{"name":"wp","href":"https:\/\/api.w.org\/{rel}","templated":true}]}}