{"id":65059,"date":"2023-07-07T08:06:51","date_gmt":"2023-07-07T08:06:51","guid":{"rendered":"https:\/\/occasions-teile.ch\/product\/audi-a3-motor-fensterheber-hinten-2\/"},"modified":"2024-05-27T21:59:26","modified_gmt":"2024-05-27T21:59:26","slug":"audi-a3-motor-fensterheber-hinten-2","status":"publish","type":"product","link":"https:\/\/occasions-teile.ch\/en\/produkt\/audi-a3-motor-fensterheber-hinten-2\/","title":{"rendered":"Audi A3  Motor Fensterheber hinten"},"content":{"rendered":"<p><span><b>Technische Daten<\/b><\/p>\n<p> Fahrzeug: Audi A3<br \/>\n Chassis Nr.: WAUZZZ8V8E1011523<br \/>\n Baujahr: 2014<br \/>\n Kilometer: 185000 KM<br \/>\n Leistung: 150 KW<br \/>\n Hubraum: 1968 ccm<br \/>\n Typ: X<br \/>\n Farbcode: silber<br \/>\n Hinweise: &#8211;<\/p>\n<p> Versand: Versand nur in der Schweiz m\u00f6glich.Im Ausland ist der Transport k\u00e4uferseits.<br \/>\n Garantie: 3 Monate Garantie. Bitte beachten Sie, dass die Gew\u00e4hrleistung nur g\u00fcltig ist, wenn der Ersatzteileinbau durch eine Fachwerkstatt\/Meisterwerkstatt erfolgt. Das Ein- und Ausbau des Ersatzteiles kann nicht an uns verrechnet werden. <\/p>\n<p> Ersatzteil: f\u00fcr andere Fahrzeugen (Marken) verf\u00fcgbar auf anfrage. Tel.041 980 27 47. Mobil. 076 589 27 47<\/p>\n<p> Kontakt<br \/>\n  Adresse: Autoverwertung Brun AG<br \/>\n           M\u00f6\u00f6slimatten 13<br \/>\n           6218 Ettiswil<br \/>\n  Telefon: 0041 (041) 980 27 47<br \/>\n  Telefax: 0041 (041) 980 03 47<\/p>\n<p> Wir bieten Ihnen weitere gebrauchte Autoteile zum Kauf an.<br \/>\n<\/span><\/p>\n","protected":false},"excerpt":{"rendered":"<p>Technische Daten Fahrzeug: Audi A3 Chassis Nr.: WAUZZZ8V8E1011523 Baujahr: 2014 Kilometer: 185000 KM Leistung: 150 KW Hubraum: 1968 ccm Typ: X Farbcode: silber Hinweise: &#8211; Versand: Versand nur in der Schweiz m\u00f6glich.Im Ausland ist der Transport k\u00e4uferseits. Garantie: 3 Monate Garantie. Bitte beachten Sie, dass die Gew\u00e4hrleistung nur g\u00fcltig ist, wenn der Ersatzteileinbau durch eine&hellip; <a class=\"more-link\" href=\"https:\/\/occasions-teile.ch\/en\/produkt\/audi-a3-motor-fensterheber-hinten-2\/\">Continue reading <span class=\"screen-reader-text\">Audi A3  Motor Fensterheber hinten<\/span><\/a><\/p>\n","protected":false},"featured_media":65056,"template":"","meta":[],"product_brand":[],"product_cat":[23729,2143,2139,2141,458,461,464,627,624,621,1478,1482,1483,1479,1481,1480,2140,2142,2138],"product_tag":[],"class_list":{"0":"post-65059","1":"product","2":"type-product","3":"status-publish","4":"has-post-thumbnail","6":"product_cat-de-8v-2-0tdi-de_a3-de_audi-manufacturer-17","7":"product_cat-fr_a3","8":"product_cat-de_a3","9":"product_cat-en_a3","10":"product_cat-de_audi","11":"product_cat-en_audi","12":"product_cat-fr_audi","13":"product_cat-fr-electricite-dispositifs-de-commande","14":"product_cat-en-electrics-control-units","15":"product_cat-de-elektrik-steuergeraete","16":"product_cat-de-fensterheberheckklappeschiebedach","17":"product_cat-fr-leve-vitreshayontoit-ouvrant","18":"product_cat-fr-moteur-leve-vitres-arriere","19":"product_cat-de-motor-fensterheber-hinten","20":"product_cat-en-motor-lift-rear-window","21":"product_cat-en-power-windowstailgatesunroof","22":"product_cat-en-wauzzz8v8e1011523-20000178","23":"product_cat-fr-wauzzz8v8e1011523-20000178","24":"product_cat-de-wauzzz8v8e1011523-20000178","25":"product_shipping_class-tarif-1","26":"entry","28":"first","29":"instock","30":"taxable","31":"shipping-taxable","32":"purchasable","33":"product-type-simple"},"jetpack_sharing_enabled":true,"_links":{"self":[{"href":"https:\/\/occasions-teile.ch\/en\/wp-json\/wp\/v2\/product\/65059","targetHints":{"allow":["GET"]}}],"collection":[{"href":"https:\/\/occasions-teile.ch\/en\/wp-json\/wp\/v2\/product"}],"about":[{"href":"https:\/\/occasions-teile.ch\/en\/wp-json\/wp\/v2\/types\/product"}],"wp:featuredmedia":[{"embeddable":true,"href":"https:\/\/occasions-teile.ch\/en\/wp-json\/wp\/v2\/media\/65056"}],"wp:attachment":[{"href":"https:\/\/occasions-teile.ch\/en\/wp-json\/wp\/v2\/media?parent=65059"}],"wp:term":[{"taxonomy":"product_brand","embeddable":true,"href":"https:\/\/occasions-teile.ch\/en\/wp-json\/wp\/v2\/product_brand?post=65059"},{"taxonomy":"product_cat","embeddable":true,"href":"https:\/\/occasions-teile.ch\/en\/wp-json\/wp\/v2\/product_cat?post=65059"},{"taxonomy":"product_tag","embeddable":true,"href":"https:\/\/occasions-teile.ch\/en\/wp-json\/wp\/v2\/product_tag?post=65059"}],"curies":[{"name":"wp","href":"https:\/\/api.w.org\/{rel}","templated":true}]}}