{"id":54408,"date":"2023-06-20T08:16:08","date_gmt":"2023-06-20T08:16:08","guid":{"rendered":"https:\/\/occasions-teile.ch\/product\/peugeot-boxer-kombiinstrument-tacho\/"},"modified":"2024-05-26T14:34:55","modified_gmt":"2024-05-26T14:34:55","slug":"peugeot-boxer-kombiinstrument-tacho","status":"publish","type":"product","link":"https:\/\/occasions-teile.ch\/en\/produkt\/peugeot-boxer-kombiinstrument-tacho\/","title":{"rendered":"Peugeot Boxer  Kombiinstrument, Tacho"},"content":{"rendered":"<p><span><b>Technische Daten<\/b><\/p>\n<p> Fahrzeug: Peugeot Boxer<br \/>\n Chassis Nr.: VF3YCTMFB12207040<br \/>\n Baujahr: 2012<br \/>\n Kilometer: 160188 KM<br \/>\n Leistung: 131 KW<br \/>\n Hubraum: 2198 ccm<br \/>\n Typ: 3PA581<br \/>\n Farbcode: White\/Weiss<br \/>\n Hinweise: &#8211;<\/p>\n<p> Versand: Versand nur in der Schweiz m\u00f6glich.Im Ausland ist der Transport k\u00e4uferseits.<br \/>\n Garantie: 3 Monate Garantie. Bitte beachten Sie, dass die Gew\u00e4hrleistung nur g\u00fcltig ist, wenn der Ersatzteileinbau durch eine Fachwerkstatt\/Meisterwerkstatt erfolgt. Das Ein- und Ausbau des Ersatzteiles kann nicht an uns verrechnet werden. <\/p>\n<p> Ersatzteil: f\u00fcr andere Fahrzeugen (Marken) verf\u00fcgbar auf anfrage. Tel.041 980 27 47. Mobil. 076 589 27 47<\/p>\n<p> Kontakt<br \/>\n  Adresse: Autoverwertung Brun AG<br \/>\n           M\u00f6\u00f6slimatten 13<br \/>\n           6218 Ettiswil<br \/>\n  Telefon: 0041 (041) 980 27 47<br \/>\n  Telefax: 0041 (041) 980 03 47<\/p>\n<p> Wir bieten Ihnen weitere gebrauchte Autoteile zum Kauf an.<br \/>\n<\/span><\/p>\n","protected":false},"excerpt":{"rendered":"<p>Technische Daten Fahrzeug: Peugeot Boxer Chassis Nr.: VF3YCTMFB12207040 Baujahr: 2012 Kilometer: 160188 KM Leistung: 131 KW Hubraum: 2198 ccm Typ: 3PA581 Farbcode: White\/Weiss Hinweise: &#8211; Versand: Versand nur in der Schweiz m\u00f6glich.Im Ausland ist der Transport k\u00e4uferseits. Garantie: 3 Monate Garantie. Bitte beachten Sie, dass die Gew\u00e4hrleistung nur g\u00fcltig ist, wenn der Ersatzteileinbau durch eine&hellip; <a class=\"more-link\" href=\"https:\/\/occasions-teile.ch\/en\/produkt\/peugeot-boxer-kombiinstrument-tacho\/\">Continue reading <span class=\"screen-reader-text\">Peugeot Boxer  Kombiinstrument, Tacho<\/span><\/a><\/p>\n","protected":false},"featured_media":54405,"template":"","meta":[],"product_brand":[],"product_cat":[23657,2110,2110,2110,823,621,621,621,823,823,1184,1184,1184,822,822,822,2109,2109,2109],"product_tag":[],"class_list":{"0":"post-54408","1":"product","2":"type-product","3":"status-publish","4":"has-post-thumbnail","6":"product_cat-de-2-2-hdi-130-de_boxer-de_peugeot-manufacturer-26","7":"product_cat-de_boxer","10":"product_cat-de-kombiinstrument-tacho","11":"product_cat-de-elektrik-steuergeraete","16":"product_cat-de_peugeot","19":"product_cat-de-tachoanzeigegeraete","22":"product_cat-de-vf3yctmfb12207040-20000179","25":"product_shipping_class-tarif-1","26":"entry","28":"first","29":"instock","30":"taxable","31":"shipping-taxable","32":"purchasable","33":"product-type-simple"},"jetpack_sharing_enabled":true,"_links":{"self":[{"href":"https:\/\/occasions-teile.ch\/en\/wp-json\/wp\/v2\/product\/54408","targetHints":{"allow":["GET"]}}],"collection":[{"href":"https:\/\/occasions-teile.ch\/en\/wp-json\/wp\/v2\/product"}],"about":[{"href":"https:\/\/occasions-teile.ch\/en\/wp-json\/wp\/v2\/types\/product"}],"wp:featuredmedia":[{"embeddable":true,"href":"https:\/\/occasions-teile.ch\/en\/wp-json\/wp\/v2\/media\/54405"}],"wp:attachment":[{"href":"https:\/\/occasions-teile.ch\/en\/wp-json\/wp\/v2\/media?parent=54408"}],"wp:term":[{"taxonomy":"product_brand","embeddable":true,"href":"https:\/\/occasions-teile.ch\/en\/wp-json\/wp\/v2\/product_brand?post=54408"},{"taxonomy":"product_cat","embeddable":true,"href":"https:\/\/occasions-teile.ch\/en\/wp-json\/wp\/v2\/product_cat?post=54408"},{"taxonomy":"product_tag","embeddable":true,"href":"https:\/\/occasions-teile.ch\/en\/wp-json\/wp\/v2\/product_tag?post=54408"}],"curies":[{"name":"wp","href":"https:\/\/api.w.org\/{rel}","templated":true}]}}