{"id":49229,"date":"2023-06-14T23:01:37","date_gmt":"2023-06-14T23:01:37","guid":{"rendered":"https:\/\/occasions-teile.ch\/product\/volkswagen-vw-golf-geblaesemotor-luefter-innenraum\/"},"modified":"2024-05-28T02:23:14","modified_gmt":"2024-05-28T02:23:14","slug":"volkswagen-vw-golf-geblaesemotor-luefter-innenraum","status":"publish","type":"product","link":"https:\/\/occasions-teile.ch\/en\/produkt\/volkswagen-vw-golf-geblaesemotor-luefter-innenraum\/","title":{"rendered":"Volkswagen VW Golf  Gebl\u00e4semotor\/L\u00fcfter Innenraum"},"content":{"rendered":"<p><span><b>Technische Daten<\/b><\/p>\n<p> Fahrzeug: Volkswagen VW Golf<br \/>\n Chassis Nr.: WVWZZZAUZEP506926<br \/>\n Baujahr: 2013<br \/>\n Kilometer: 125214 KM<br \/>\n Leistung: 122 KW<br \/>\n Hubraum: 1395 ccm<br \/>\n Typ: 1VE619<br \/>\n Farbcode: &#8211;<br \/>\n Hinweise: &#8211;<\/p>\n<p> Versand: Versand nur in der Schweiz m\u00f6glich.Im Ausland ist der Transport k\u00e4uferseits.<br \/>\n Garantie: 3 Monate Garantie. Bitte beachten Sie, dass die Gew\u00e4hrleistung nur g\u00fcltig ist, wenn der Ersatzteileinbau durch eine Fachwerkstatt\/Meisterwerkstatt erfolgt. Das Ein- und Ausbau des Ersatzteiles kann nicht an uns verrechnet werden. <\/p>\n<p> Ersatzteil: f\u00fcr andere Fahrzeugen (Marken) verf\u00fcgbar auf anfrage. Tel.041 980 27 47. Mobil. 076 589 27 47<\/p>\n<p> Kontakt<br \/>\n  Adresse: Autoverwertung Brun AG<br \/>\n           M\u00f6\u00f6slimatten 13<br \/>\n           6218 Ettiswil<br \/>\n  Telefon: 0041 (041) 980 27 47<br \/>\n  Telefax: 0041 (041) 980 03 47<\/p>\n<p> Wir bieten Ihnen weitere gebrauchte Autoteile zum Kauf an.<br \/>\n<\/span><\/p>\n","protected":false},"excerpt":{"rendered":"<p>Technische Daten Fahrzeug: Volkswagen VW Golf Chassis Nr.: WVWZZZAUZEP506926 Baujahr: 2013 Kilometer: 125214 KM Leistung: 122 KW Hubraum: 1395 ccm Typ: 1VE619 Farbcode: &#8211; Hinweise: &#8211; Versand: Versand nur in der Schweiz m\u00f6glich.Im Ausland ist der Transport k\u00e4uferseits. Garantie: 3 Monate Garantie. Bitte beachten Sie, dass die Gew\u00e4hrleistung nur g\u00fcltig ist, wenn der Ersatzteileinbau durch&hellip; <a class=\"more-link\" href=\"https:\/\/occasions-teile.ch\/en\/produkt\/volkswagen-vw-golf-geblaesemotor-luefter-innenraum\/\">Continue reading <span class=\"screen-reader-text\">Volkswagen VW Golf  Gebl\u00e4semotor\/L\u00fcfter Innenraum<\/span><\/a><\/p>\n","protected":false},"featured_media":49226,"template":"","meta":[],"product_brand":[],"product_cat":[23736,858,859,711,859,858,1281,1281,1281,711,711,858,859,1280,1280,1280,1279,1279,1279],"product_tag":[],"class_list":{"0":"post-49229","1":"product","2":"type-product","3":"status-publish","4":"has-post-thumbnail","6":"product_cat-de-7-1-4tsi-variant-de_golf-de_volkswagen-manufacturer-30","7":"product_cat-de-geblaesemotor-luefterinnenraum","8":"product_cat-de-geblaesemotor-luefter-innenraum","9":"product_cat-de-heizung-klima","12":"product_cat-de_golf","19":"product_cat-de_volkswagen","22":"product_cat-de-wvwzzzauzep506926","25":"product_shipping_class-tarif-1","26":"entry","28":"first","29":"instock","30":"taxable","31":"shipping-taxable","32":"purchasable","33":"product-type-simple"},"jetpack_sharing_enabled":true,"_links":{"self":[{"href":"https:\/\/occasions-teile.ch\/en\/wp-json\/wp\/v2\/product\/49229","targetHints":{"allow":["GET"]}}],"collection":[{"href":"https:\/\/occasions-teile.ch\/en\/wp-json\/wp\/v2\/product"}],"about":[{"href":"https:\/\/occasions-teile.ch\/en\/wp-json\/wp\/v2\/types\/product"}],"wp:featuredmedia":[{"embeddable":true,"href":"https:\/\/occasions-teile.ch\/en\/wp-json\/wp\/v2\/media\/49226"}],"wp:attachment":[{"href":"https:\/\/occasions-teile.ch\/en\/wp-json\/wp\/v2\/media?parent=49229"}],"wp:term":[{"taxonomy":"product_brand","embeddable":true,"href":"https:\/\/occasions-teile.ch\/en\/wp-json\/wp\/v2\/product_brand?post=49229"},{"taxonomy":"product_cat","embeddable":true,"href":"https:\/\/occasions-teile.ch\/en\/wp-json\/wp\/v2\/product_cat?post=49229"},{"taxonomy":"product_tag","embeddable":true,"href":"https:\/\/occasions-teile.ch\/en\/wp-json\/wp\/v2\/product_tag?post=49229"}],"curies":[{"name":"wp","href":"https:\/\/api.w.org\/{rel}","templated":true}]}}