{"id":49124,"date":"2023-06-14T22:54:37","date_gmt":"2023-06-14T22:54:37","guid":{"rendered":"https:\/\/occasions-teile.ch\/product\/fiat-500-stossstange-stossfaenger-hinten-2\/"},"modified":"2024-06-13T12:13:21","modified_gmt":"2024-06-13T12:13:21","slug":"fiat-500-stossstange-stossfaenger-hinten-2","status":"publish","type":"product","link":"https:\/\/occasions-teile.ch\/en\/produkt\/fiat-500-stossstange-stossfaenger-hinten-2\/","title":{"rendered":"Fiat 500  Stossstange Stossf\u00e4nger hinten"},"content":{"rendered":"<p><b>Technische Daten<\/b><\/p>\n<p>Fahrzeug: Fiat 500<br \/>\nChassis Nr.: ZFA3120000JA20119<br \/>\nBaujahr: 2018<br \/>\nKilometer: 96758 KM<br \/>\nLeistung: 80 KW<br \/>\nHubraum: 875 ccm<br \/>\nTyp: 1FC477<br \/>\nFarbcode: &#8211;<br \/>\nHinweise: Achtung Kratzer Seite links vorhanden!!!<\/p>\n<p>Versand: Versand nur in der Schweiz m\u00f6glich.Im Ausland ist der Transport k\u00e4uferseits.<br \/>\nGarantie: 3 Monate Garantie. Bitte beachten Sie, dass die Gew\u00e4hrleistung nur g\u00fcltig ist, wenn der Ersatzteileinbau durch eine Fachwerkstatt\/Meisterwerkstatt erfolgt. Das Ein- und Ausbau des Ersatzteiles kann nicht an uns verrechnet werden.<\/p>\n<p>Ersatzteil: f\u00fcr andere Fahrzeugen (Marken) verf\u00fcgbar auf anfrage. Tel.041 980 27 47. Mobil. 076 589 27 47<\/p>\n<p>Kontakt<br \/>\nAdresse: Autoverwertung Brun AG<br \/>\nM\u00f6\u00f6slimatten 13<br \/>\n6218 Ettiswil<br \/>\nTelefon: 0041 (041) 980 27 47<br \/>\nTelefax: 0041 (041) 980 03 47<\/p>\n<p>Wir bieten Ihnen weitere gebrauchte Autoteile zum Kauf an.<\/p>\n","protected":false},"excerpt":{"rendered":"<p>Technische Daten Fahrzeug: Fiat 500 Chassis Nr.: ZFA3120000JA20119 Baujahr: 2018 Kilometer: 96758 KM Leistung: 80 KW Hubraum: 875 ccm Typ: 1FC477 Farbcode: &#8211; Hinweise: Achtung Kratzer Seite links vorhanden!!! Versand: Versand nur in der Schweiz m\u00f6glich.Im Ausland ist der Transport k\u00e4uferseits. Garantie: 3 Monate Garantie. Bitte beachten Sie, dass die Gew\u00e4hrleistung nur g\u00fcltig ist, wenn&hellip; <a class=\"more-link\" href=\"https:\/\/occasions-teile.ch\/en\/produkt\/fiat-500-stossstange-stossfaenger-hinten-2\/\">Continue reading <span class=\"screen-reader-text\">Fiat 500  Stossstange Stossf\u00e4nger hinten<\/span><\/a><\/p>\n","protected":false},"featured_media":49115,"template":"","meta":[],"product_brand":[],"product_cat":[1378,1377,521,750,751,23641,1376],"product_tag":[],"class_list":{"0":"post-49124","1":"product","2":"type-product","3":"status-publish","4":"has-post-thumbnail","6":"product_cat-de_500","7":"product_cat-de_fiat","8":"product_cat-de-karosserie-heck","9":"product_cat-de-stossfaengerhintenteile","10":"product_cat-de-stossstange-stossfaenger-hinten","11":"product_cat-de-twinair-tb-8v-de_500-de_fiat-manufacturer-22","12":"product_cat-de-zfa3120000ja20119","13":"product_shipping_class-tarif-2","14":"entry","16":"first","17":"instock","18":"taxable","19":"shipping-taxable","20":"purchasable","21":"product-type-simple"},"jetpack_sharing_enabled":true,"_links":{"self":[{"href":"https:\/\/occasions-teile.ch\/en\/wp-json\/wp\/v2\/product\/49124","targetHints":{"allow":["GET"]}}],"collection":[{"href":"https:\/\/occasions-teile.ch\/en\/wp-json\/wp\/v2\/product"}],"about":[{"href":"https:\/\/occasions-teile.ch\/en\/wp-json\/wp\/v2\/types\/product"}],"wp:featuredmedia":[{"embeddable":true,"href":"https:\/\/occasions-teile.ch\/en\/wp-json\/wp\/v2\/media\/49115"}],"wp:attachment":[{"href":"https:\/\/occasions-teile.ch\/en\/wp-json\/wp\/v2\/media?parent=49124"}],"wp:term":[{"taxonomy":"product_brand","embeddable":true,"href":"https:\/\/occasions-teile.ch\/en\/wp-json\/wp\/v2\/product_brand?post=49124"},{"taxonomy":"product_cat","embeddable":true,"href":"https:\/\/occasions-teile.ch\/en\/wp-json\/wp\/v2\/product_cat?post=49124"},{"taxonomy":"product_tag","embeddable":true,"href":"https:\/\/occasions-teile.ch\/en\/wp-json\/wp\/v2\/product_tag?post=49124"}],"curies":[{"name":"wp","href":"https:\/\/api.w.org\/{rel}","templated":true}]}}