{"id":48509,"date":"2023-06-14T22:22:05","date_gmt":"2023-06-14T22:22:05","guid":{"rendered":"https:\/\/occasions-teile.ch\/product\/mazda-3-kombiinstrument-tacho-2\/"},"modified":"2024-05-25T20:02:58","modified_gmt":"2024-05-25T20:02:58","slug":"mazda-3-kombiinstrument-tacho-2","status":"publish","type":"product","link":"https:\/\/occasions-teile.ch\/en\/produkt\/mazda-3-kombiinstrument-tacho-2\/","title":{"rendered":"Mazda 3  Kombiinstrument, Tacho"},"content":{"rendered":"<p><span><b>Technische Daten<\/b><\/p>\n<p> Fahrzeug: Mazda 3<br \/>\n Chassis Nr.: JMZBM547621174166<br \/>\n Baujahr: 2015<br \/>\n Kilometer: 139803 KM<br \/>\n Leistung: 165 KW<br \/>\n Hubraum: 1998 ccm<br \/>\n Typ: 1MA961<br \/>\n Farbcode: &#8211;<br \/>\n Hinweise: &#8211;<\/p>\n<p> Versand: Versand nur in der Schweiz m\u00f6glich.Im Ausland ist der Transport k\u00e4uferseits.<br \/>\n Garantie: 3 Monate Garantie. Bitte beachten Sie, dass die Gew\u00e4hrleistung nur g\u00fcltig ist, wenn der Ersatzteileinbau durch eine Fachwerkstatt\/Meisterwerkstatt erfolgt. Das Ein- und Ausbau des Ersatzteiles kann nicht an uns verrechnet werden. <\/p>\n<p> Ersatzteil: f\u00fcr andere Fahrzeugen (Marken) verf\u00fcgbar auf anfrage. Tel.041 980 27 47. Mobil. 076 589 27 47<\/p>\n<p> Kontakt<br \/>\n  Adresse: Autoverwertung Brun AG<br \/>\n           M\u00f6\u00f6slimatten 13<br \/>\n           6218 Ettiswil<br \/>\n  Telefon: 0041 (041) 980 27 47<br \/>\n  Telefax: 0041 (041) 980 03 47<\/p>\n<p> Wir bieten Ihnen weitere gebrauchte Autoteile zum Kauf an.<br \/>\n<\/span><\/p>\n","protected":false},"excerpt":{"rendered":"<p>Technische Daten Fahrzeug: Mazda 3 Chassis Nr.: JMZBM547621174166 Baujahr: 2015 Kilometer: 139803 KM Leistung: 165 KW Hubraum: 1998 ccm Typ: 1MA961 Farbcode: &#8211; Hinweise: &#8211; Versand: Versand nur in der Schweiz m\u00f6glich.Im Ausland ist der Transport k\u00e4uferseits. Garantie: 3 Monate Garantie. Bitte beachten Sie, dass die Gew\u00e4hrleistung nur g\u00fcltig ist, wenn der Ersatzteileinbau durch eine&hellip; <a class=\"more-link\" href=\"https:\/\/occasions-teile.ch\/en\/produkt\/mazda-3-kombiinstrument-tacho-2\/\">Continue reading <span class=\"screen-reader-text\">Mazda 3  Kombiinstrument, Tacho<\/span><\/a><\/p>\n","protected":false},"featured_media":48506,"template":"","meta":[],"product_brand":[],"product_cat":[1309,621,1307,823,1308,23625,822],"product_tag":[],"class_list":{"0":"post-48509","1":"product","2":"type-product","3":"status-publish","4":"has-post-thumbnail","6":"product_cat-de_3","7":"product_cat-de-elektrik-steuergeraete","8":"product_cat-de-jmzbm547621174166","9":"product_cat-de-kombiinstrument-tacho","10":"product_cat-de_mazda","11":"product_cat-de-skyg-165-hb-de_3-de_mazda-manufacturer-38","12":"product_cat-de-tachoanzeigegeraete","13":"product_shipping_class-tarif-1","14":"entry","16":"first","17":"instock","18":"taxable","19":"shipping-taxable","20":"purchasable","21":"product-type-simple"},"jetpack_sharing_enabled":true,"_links":{"self":[{"href":"https:\/\/occasions-teile.ch\/en\/wp-json\/wp\/v2\/product\/48509","targetHints":{"allow":["GET"]}}],"collection":[{"href":"https:\/\/occasions-teile.ch\/en\/wp-json\/wp\/v2\/product"}],"about":[{"href":"https:\/\/occasions-teile.ch\/en\/wp-json\/wp\/v2\/types\/product"}],"wp:featuredmedia":[{"embeddable":true,"href":"https:\/\/occasions-teile.ch\/en\/wp-json\/wp\/v2\/media\/48506"}],"wp:attachment":[{"href":"https:\/\/occasions-teile.ch\/en\/wp-json\/wp\/v2\/media?parent=48509"}],"wp:term":[{"taxonomy":"product_brand","embeddable":true,"href":"https:\/\/occasions-teile.ch\/en\/wp-json\/wp\/v2\/product_brand?post=48509"},{"taxonomy":"product_cat","embeddable":true,"href":"https:\/\/occasions-teile.ch\/en\/wp-json\/wp\/v2\/product_cat?post=48509"},{"taxonomy":"product_tag","embeddable":true,"href":"https:\/\/occasions-teile.ch\/en\/wp-json\/wp\/v2\/product_tag?post=48509"}],"curies":[{"name":"wp","href":"https:\/\/api.w.org\/{rel}","templated":true}]}}