{"id":47534,"date":"2023-06-14T21:20:20","date_gmt":"2023-06-14T21:20:20","guid":{"rendered":"https:\/\/occasions-teile.ch\/product\/mercedes-benz-citan-fluegel-6\/"},"modified":"2024-05-25T11:21:20","modified_gmt":"2024-05-25T11:21:20","slug":"mercedes-benz-citan-fluegel-6","status":"publish","type":"product","link":"https:\/\/occasions-teile.ch\/en\/produkt\/mercedes-benz-citan-fluegel-6\/","title":{"rendered":"Mercedes-Benz Citan  Fl\u00fcgel"},"content":{"rendered":"<p><span><b>Technische Daten<\/b><\/p>\n<p> Fahrzeug: Mercedes-Benz Citan<br \/>\n Chassis Nr.: WDF4156031U265612<br \/>\n Baujahr: 2019<br \/>\n Kilometer: 80000 KM<br \/>\n Leistung: 114 KW<br \/>\n Hubraum: 1197 ccm<br \/>\n Typ: 3MM671<br \/>\n Farbcode: &#8211;<br \/>\n Hinweise: Achtung Beulen vorhanden <\/p>\n<p> Versand: Versand nur in der Schweiz m\u00f6glich.Im Ausland ist der Transport k\u00e4uferseits.<br \/>\n Garantie: 3 Monate Garantie. Bitte beachten Sie, dass die Gew\u00e4hrleistung nur g\u00fcltig ist, wenn der Ersatzteileinbau durch eine Fachwerkstatt\/Meisterwerkstatt erfolgt. Das Ein- und Ausbau des Ersatzteiles kann nicht an uns verrechnet werden. <\/p>\n<p> Ersatzteil: f\u00fcr andere Fahrzeugen (Marken) verf\u00fcgbar auf anfrage. Tel.041 980 27 47. Mobil. 076 589 27 47<\/p>\n<p> Kontakt<br \/>\n  Adresse: Autoverwertung Brun AG<br \/>\n           M\u00f6\u00f6slimatten 13<br \/>\n           6218 Ettiswil<br \/>\n  Telefon: 0041 (041) 980 27 47<br \/>\n  Telefax: 0041 (041) 980 03 47<\/p>\n<p> Wir bieten Ihnen weitere gebrauchte Autoteile zum Kauf an.<br \/>\n<\/span><\/p>\n","protected":false},"excerpt":{"rendered":"<p>Technische Daten Fahrzeug: Mercedes-Benz Citan Chassis Nr.: WDF4156031U265612 Baujahr: 2019 Kilometer: 80000 KM Leistung: 114 KW Hubraum: 1197 ccm Typ: 3MM671 Farbcode: &#8211; Hinweise: Achtung Beulen vorhanden Versand: Versand nur in der Schweiz m\u00f6glich.Im Ausland ist der Transport k\u00e4uferseits. Garantie: 3 Monate Garantie. Bitte beachten Sie, dass die Gew\u00e4hrleistung nur g\u00fcltig ist, wenn der Ersatzteileinbau&hellip; <a class=\"more-link\" href=\"https:\/\/occasions-teile.ch\/en\/produkt\/mercedes-benz-citan-fluegel-6\/\">Continue reading <span class=\"screen-reader-text\">Mercedes-Benz Citan  Fl\u00fcgel<\/span><\/a><\/p>\n","protected":false},"featured_media":47531,"template":"","meta":[],"product_brand":[],"product_cat":[23611,488,491,1263,1260,1257,489,1276,485,1259,1256,1262,492,1278,486,1255,1261,1258,1277],"product_tag":[],"class_list":{"0":"post-47534","1":"product","2":"type-product","3":"status-publish","4":"has-post-thumbnail","6":"product_cat-de-112-de_citan-de_mercedes-benz-manufacturer-11","7":"product_cat-en-body-center","8":"product_cat-fr-centre-de-la-carrosserie","9":"product_cat-fr_citan","10":"product_cat-en_citan","11":"product_cat-de_citan","12":"product_cat-en-doors","13":"product_cat-de-fluegel","14":"product_cat-de-karosserie-mitte","15":"product_cat-en_mercedes-benz","16":"product_cat-de_mercedes-benz","17":"product_cat-fr_mercedes-benz","18":"product_cat-fr-portes","19":"product_cat-fr-portes-battantes","20":"product_cat-de-tueren","21":"product_cat-de-wdf4156031u265612","22":"product_cat-fr-wdf4156031u265612","23":"product_cat-en-wdf4156031u265612","24":"product_cat-en-wing-doors","25":"product_shipping_class-tarif-3","26":"entry","28":"first","29":"instock","30":"taxable","31":"shipping-taxable","32":"purchasable","33":"product-type-simple"},"jetpack_sharing_enabled":true,"_links":{"self":[{"href":"https:\/\/occasions-teile.ch\/en\/wp-json\/wp\/v2\/product\/47534","targetHints":{"allow":["GET"]}}],"collection":[{"href":"https:\/\/occasions-teile.ch\/en\/wp-json\/wp\/v2\/product"}],"about":[{"href":"https:\/\/occasions-teile.ch\/en\/wp-json\/wp\/v2\/types\/product"}],"wp:featuredmedia":[{"embeddable":true,"href":"https:\/\/occasions-teile.ch\/en\/wp-json\/wp\/v2\/media\/47531"}],"wp:attachment":[{"href":"https:\/\/occasions-teile.ch\/en\/wp-json\/wp\/v2\/media?parent=47534"}],"wp:term":[{"taxonomy":"product_brand","embeddable":true,"href":"https:\/\/occasions-teile.ch\/en\/wp-json\/wp\/v2\/product_brand?post=47534"},{"taxonomy":"product_cat","embeddable":true,"href":"https:\/\/occasions-teile.ch\/en\/wp-json\/wp\/v2\/product_cat?post=47534"},{"taxonomy":"product_tag","embeddable":true,"href":"https:\/\/occasions-teile.ch\/en\/wp-json\/wp\/v2\/product_tag?post=47534"}],"curies":[{"name":"wp","href":"https:\/\/api.w.org\/{rel}","templated":true}]}}