{"id":46952,"date":"2023-06-14T20:50:39","date_gmt":"2023-06-14T20:50:39","guid":{"rendered":"https:\/\/occasions-teile.ch\/product\/fiat-punto-antriebswelle-vorn-links-2\/"},"modified":"2024-05-29T17:17:05","modified_gmt":"2024-05-29T17:17:05","slug":"fiat-punto-antriebswelle-vorn-links-2","status":"publish","type":"product","link":"https:\/\/occasions-teile.ch\/en\/produkt\/fiat-punto-antriebswelle-vorn-links-2\/","title":{"rendered":"Fiat Punto  Antriebswelle vorn links"},"content":{"rendered":"<p><span><b>Technische Daten<\/b><\/p>\n<p> Fahrzeug: Fiat Punto<br \/>\n Chassis Nr.: ZFA1990000P023879<br \/>\n Baujahr: 2014<br \/>\n Kilometer: 104375 KM<br \/>\n Leistung: 135 KW<br \/>\n Hubraum: 1368 ccm<br \/>\n Typ: 1FB787<br \/>\n Farbcode: White\/Weiss<br \/>\n Hinweise: &#8211;<\/p>\n<p> Versand: Versand nur in der Schweiz m\u00f6glich.Im Ausland ist der Transport k\u00e4uferseits.<br \/>\n Garantie: 3 Monate Garantie. Bitte beachten Sie, dass die Gew\u00e4hrleistung nur g\u00fcltig ist, wenn der Ersatzteileinbau durch eine Fachwerkstatt\/Meisterwerkstatt erfolgt. Das Ein- und Ausbau des Ersatzteiles kann nicht an uns verrechnet werden. <\/p>\n<p> Ersatzteil: f\u00fcr andere Fahrzeugen (Marken) verf\u00fcgbar auf anfrage. Tel.041 980 27 47. Mobil. 076 589 27 47<\/p>\n<p> Kontakt<br \/>\n  Adresse: Autoverwertung Brun AG<br \/>\n           M\u00f6\u00f6slimatten 13<br \/>\n           6218 Ettiswil<br \/>\n  Telefon: 0041 (041) 980 27 47<br \/>\n  Telefax: 0041 (041) 980 03 47<\/p>\n<p> Wir bieten Ihnen weitere gebrauchte Autoteile zum Kauf an.<br \/>\n<\/span><\/p>\n","protected":false},"excerpt":{"rendered":"<p>Technische Daten Fahrzeug: Fiat Punto Chassis Nr.: ZFA1990000P023879 Baujahr: 2014 Kilometer: 104375 KM Leistung: 135 KW Hubraum: 1368 ccm Typ: 1FB787 Farbcode: White\/Weiss Hinweise: &#8211; Versand: Versand nur in der Schweiz m\u00f6glich.Im Ausland ist der Transport k\u00e4uferseits. Garantie: 3 Monate Garantie. Bitte beachten Sie, dass die Gew\u00e4hrleistung nur g\u00fcltig ist, wenn der Ersatzteileinbau durch eine&hellip; <a class=\"more-link\" href=\"https:\/\/occasions-teile.ch\/en\/produkt\/fiat-punto-antriebswelle-vorn-links-2\/\">Continue reading <span class=\"screen-reader-text\">Fiat Punto  Antriebswelle vorn links<\/span><\/a><\/p>\n","protected":false},"featured_media":46949,"template":"","meta":[],"product_brand":[],"product_cat":[23907,784,783,788,787,786,785,1377,1380,1383,651,648,1436,1438,1440,654,1437,1439,1435],"product_tag":[],"class_list":{"0":"post-46952","1":"product","2":"type-product","3":"status-publish","4":"has-post-thumbnail","6":"product_cat-de-1-4tb-16v-de_punto-de_fiat-manufacturer-27","7":"product_cat-de-antriebswelle-vorn-links","8":"product_cat-de-antriebswellen","9":"product_cat-fr-arbre-dentrainement-avant-gauche","10":"product_cat-fr-arbres-de-transmission","11":"product_cat-en-drive-shaft-front-left","12":"product_cat-en-drive-shafts","13":"product_cat-de_fiat","14":"product_cat-en_fiat","15":"product_cat-fr_fiat","16":"product_cat-en-gearbox-drive","17":"product_cat-de-getriebe-antrieb","18":"product_cat-de_punto","19":"product_cat-en_punto","20":"product_cat-fr_punto","21":"product_cat-fr-transmission-entrainement","22":"product_cat-en-zfa1990000p023879","23":"product_cat-fr-zfa1990000p023879","24":"product_cat-de-zfa1990000p023879","25":"product_shipping_class-tarif-1","26":"entry","28":"first","29":"instock","30":"taxable","31":"shipping-taxable","32":"purchasable","33":"product-type-simple"},"jetpack_sharing_enabled":true,"_links":{"self":[{"href":"https:\/\/occasions-teile.ch\/en\/wp-json\/wp\/v2\/product\/46952","targetHints":{"allow":["GET"]}}],"collection":[{"href":"https:\/\/occasions-teile.ch\/en\/wp-json\/wp\/v2\/product"}],"about":[{"href":"https:\/\/occasions-teile.ch\/en\/wp-json\/wp\/v2\/types\/product"}],"wp:featuredmedia":[{"embeddable":true,"href":"https:\/\/occasions-teile.ch\/en\/wp-json\/wp\/v2\/media\/46949"}],"wp:attachment":[{"href":"https:\/\/occasions-teile.ch\/en\/wp-json\/wp\/v2\/media?parent=46952"}],"wp:term":[{"taxonomy":"product_brand","embeddable":true,"href":"https:\/\/occasions-teile.ch\/en\/wp-json\/wp\/v2\/product_brand?post=46952"},{"taxonomy":"product_cat","embeddable":true,"href":"https:\/\/occasions-teile.ch\/en\/wp-json\/wp\/v2\/product_cat?post=46952"},{"taxonomy":"product_tag","embeddable":true,"href":"https:\/\/occasions-teile.ch\/en\/wp-json\/wp\/v2\/product_tag?post=46952"}],"curies":[{"name":"wp","href":"https:\/\/api.w.org\/{rel}","templated":true}]}}