{"id":43240,"date":"2023-06-07T15:30:46","date_gmt":"2023-06-07T15:30:46","guid":{"rendered":"https:\/\/occasions-teile.ch\/product\/alfa-romeo-giulia-antriebswelle-hinten-links-2\/"},"modified":"2024-05-29T23:47:41","modified_gmt":"2024-05-29T23:47:41","slug":"alfa-romeo-giulia-antriebswelle-hinten-links-2","status":"publish","type":"product","link":"https:\/\/occasions-teile.ch\/en\/produkt\/alfa-romeo-giulia-antriebswelle-hinten-links-2\/","title":{"rendered":"Alfa Romeo Giulia  Antriebswelle hinten links"},"content":{"rendered":"<p><span><b>Technische Daten<\/b><\/p>\n<p> Fahrzeug: Alfa Romeo Giulia<br \/>\n Chassis Nr.: ZAREAECU8H7525914<br \/>\n Baujahr: 2017<br \/>\n Kilometer: 109089 KM<br \/>\n Leistung: 150 KW<br \/>\n Hubraum: 2143 ccm<br \/>\n Typ: 1XP835<br \/>\n Farbcode: Black<br \/>\n Hinweise: &#8211;<\/p>\n<p> Versand: Versand nur in der Schweiz m\u00f6glich.Im Ausland ist der Transport k\u00e4uferseits.<br \/>\n Garantie: 3 Monate Garantie. Bitte beachten Sie, dass die Gew\u00e4hrleistung nur g\u00fcltig ist, wenn der Ersatzteileinbau durch eine Fachwerkstatt\/Meisterwerkstatt erfolgt. Das Ein- und Ausbau des Ersatzteiles kann nicht an uns verrechnet werden. <\/p>\n<p> Ersatzteil: f\u00fcr andere Fahrzeugen (Marken) verf\u00fcgbar auf anfrage. Tel.041 980 27 47. Mobil. 076 589 27 47<\/p>\n<p> Kontakt<br \/>\n  Adresse: Autoverwertung Brun AG<br \/>\n           M\u00f6\u00f6slimatten 13<br \/>\n           6218 Ettiswil<br \/>\n  Telefon: 0041 (041) 980 27 47<br \/>\n  Telefax: 0041 (041) 980 03 47<\/p>\n<p> Wir bieten Ihnen weitere gebrauchte Autoteile zum Kauf an.<br \/>\n<\/span><\/p>\n","protected":false},"excerpt":{"rendered":"<p>Technische Daten Fahrzeug: Alfa Romeo Giulia Chassis Nr.: ZAREAECU8H7525914 Baujahr: 2017 Kilometer: 109089 KM Leistung: 150 KW Hubraum: 2143 ccm Typ: 1XP835 Farbcode: Black Hinweise: &#8211; Versand: Versand nur in der Schweiz m\u00f6glich.Im Ausland ist der Transport k\u00e4uferseits. Garantie: 3 Monate Garantie. Bitte beachten Sie, dass die Gew\u00e4hrleistung nur g\u00fcltig ist, wenn der Ersatzteileinbau durch&hellip; <a class=\"more-link\" href=\"https:\/\/occasions-teile.ch\/en\/produkt\/alfa-romeo-giulia-antriebswelle-hinten-links-2\/\">Continue reading <span class=\"screen-reader-text\">Alfa Romeo Giulia  Antriebswelle hinten links<\/span><\/a><\/p>\n","protected":false},"featured_media":43237,"template":"","meta":[],"product_brand":[],"product_cat":[23916,474,468,471,1089,783,1091,787,1090,785,651,648,729,731,727,654,2092,2093,2091],"product_tag":[],"class_list":{"0":"post-43240","1":"product","2":"type-product","3":"status-publish","4":"has-post-thumbnail","6":"product_cat-de-952-2-2-d-de_giulia-de_alfa-romeo-manufacturer-71","7":"product_cat-fr_alfa-romeo","8":"product_cat-de_alfa-romeo","9":"product_cat-en_alfa-romeo","10":"product_cat-de-antriebswelle-hinten-links","11":"product_cat-de-antriebswellen","12":"product_cat-fr-arbre-dentrainement-arriere-gauche","13":"product_cat-fr-arbres-de-transmission","14":"product_cat-en-drive-shaft-rear-left","15":"product_cat-en-drive-shafts","16":"product_cat-en-gearbox-drive","17":"product_cat-de-getriebe-antrieb","18":"product_cat-en_giulia","19":"product_cat-fr_giulia","20":"product_cat-de_giulia","21":"product_cat-fr-transmission-entrainement","22":"product_cat-en-zareaecu8h7525914-20000175","23":"product_cat-fr-zareaecu8h7525914-20000175","24":"product_cat-de-zareaecu8h7525914-20000175","25":"product_shipping_class-tarif-1","26":"entry","28":"first","29":"instock","30":"taxable","31":"shipping-taxable","32":"purchasable","33":"product-type-simple"},"jetpack_sharing_enabled":true,"_links":{"self":[{"href":"https:\/\/occasions-teile.ch\/en\/wp-json\/wp\/v2\/product\/43240","targetHints":{"allow":["GET"]}}],"collection":[{"href":"https:\/\/occasions-teile.ch\/en\/wp-json\/wp\/v2\/product"}],"about":[{"href":"https:\/\/occasions-teile.ch\/en\/wp-json\/wp\/v2\/types\/product"}],"wp:featuredmedia":[{"embeddable":true,"href":"https:\/\/occasions-teile.ch\/en\/wp-json\/wp\/v2\/media\/43237"}],"wp:attachment":[{"href":"https:\/\/occasions-teile.ch\/en\/wp-json\/wp\/v2\/media?parent=43240"}],"wp:term":[{"taxonomy":"product_brand","embeddable":true,"href":"https:\/\/occasions-teile.ch\/en\/wp-json\/wp\/v2\/product_brand?post=43240"},{"taxonomy":"product_cat","embeddable":true,"href":"https:\/\/occasions-teile.ch\/en\/wp-json\/wp\/v2\/product_cat?post=43240"},{"taxonomy":"product_tag","embeddable":true,"href":"https:\/\/occasions-teile.ch\/en\/wp-json\/wp\/v2\/product_tag?post=43240"}],"curies":[{"name":"wp","href":"https:\/\/api.w.org\/{rel}","templated":true}]}}