{"id":41012,"date":"2023-06-05T07:35:56","date_gmt":"2023-06-05T07:35:56","guid":{"rendered":"https:\/\/occasions-teile.ch\/product\/volkswagen-polo-rueckbank-sitzbank-3\/"},"modified":"2024-05-26T11:01:45","modified_gmt":"2024-05-26T11:01:45","slug":"volkswagen-polo-rueckbank-sitzbank-3","status":"publish","type":"product","link":"https:\/\/occasions-teile.ch\/en\/produkt\/volkswagen-polo-rueckbank-sitzbank-3\/","title":{"rendered":"Volkswagen Polo  R\u00fcckbank Sitzbank"},"content":{"rendered":"<p><span><b>Technische Daten<\/b><\/p>\n<p> Fahrzeug: Volkswagen Polo<br \/>\n Chassis Nr.: WVWZZZAWZJY212978<br \/>\n Baujahr: 2018<br \/>\n Kilometer: 115256 KM<br \/>\n Leistung: 115 KW<br \/>\n Hubraum: 999 ccm<br \/>\n Typ: 1vg613<br \/>\n Farbcode: grau<br \/>\n Hinweise: &#8211;<\/p>\n<p> Versand: Versand nur in der Schweiz m\u00f6glich.Im Ausland ist der Transport k\u00e4uferseits.<br \/>\n Garantie: 3 Monate Garantie. Bitte beachten Sie, dass die Gew\u00e4hrleistung nur g\u00fcltig ist, wenn der Ersatzteileinbau durch eine Fachwerkstatt\/Meisterwerkstatt erfolgt. Das Ein- und Ausbau des Ersatzteiles kann nicht an uns verrechnet werden. <\/p>\n<p> Ersatzteil: f\u00fcr andere Fahrzeugen (Marken) verf\u00fcgbar auf anfrage. Tel.041 980 27 47. Mobil. 076 589 27 47<\/p>\n<p> Kontakt<br \/>\n  Adresse: Autoverwertung Brun AG<br \/>\n           M\u00f6\u00f6slimatten 13<br \/>\n           6218 Ettiswil<br \/>\n  Telefon: 0041 (041) 980 27 47<br \/>\n  Telefax: 0041 (041) 980 03 47<\/p>\n<p> Wir bieten Ihnen weitere gebrauchte Autoteile zum Kauf an.<br \/>\n<\/span><\/p>\n","protected":false},"excerpt":{"rendered":"<p>Technische Daten Fahrzeug: Volkswagen Polo Chassis Nr.: WVWZZZAWZJY212978 Baujahr: 2018 Kilometer: 115256 KM Leistung: 115 KW Hubraum: 999 ccm Typ: 1vg613 Farbcode: grau Hinweise: &#8211; Versand: Versand nur in der Schweiz m\u00f6glich.Im Ausland ist der Transport k\u00e4uferseits. Garantie: 3 Monate Garantie. Bitte beachten Sie, dass die Gew\u00e4hrleistung nur g\u00fcltig ist, wenn der Ersatzteileinbau durch eine&hellip; <a class=\"more-link\" href=\"https:\/\/occasions-teile.ch\/en\/produkt\/volkswagen-polo-rueckbank-sitzbank-3\/\">Continue reading <span class=\"screen-reader-text\">Volkswagen Polo  R\u00fcckbank Sitzbank<\/span><\/a><\/p>\n","protected":false},"featured_media":41009,"template":"","meta":[],"product_brand":[],"product_cat":[1538,1539,804,810,807,1536,1634,1636,1638,1537,1535,1534,23650,1286,1280,1283,2082,2083,2085],"product_tag":[],"class_list":{"0":"post-41012","1":"product","2":"type-product","3":"status-publish","4":"has-post-thumbnail","6":"product_cat-fr-autres","7":"product_cat-fr-banquette-arriere","8":"product_cat-de-innenraum","9":"product_cat-fr-interieur","10":"product_cat-en-interior","11":"product_cat-en-other-en-interior","12":"product_cat-de_polo","13":"product_cat-en_polo","14":"product_cat-fr_polo","15":"product_cat-en-rear-bench-seat","16":"product_cat-de-rueckbank-sitzbank","17":"product_cat-de-sonstiges-de-innenraum","18":"product_cat-de-vi-1-0tsi-de_polo-de_volkswagen-manufacturer-17","19":"product_cat-fr_volkswagen","20":"product_cat-de_volkswagen","21":"product_cat-en_volkswagen","22":"product_cat-de-wvwzzzawzjy212978","23":"product_cat-en-wvwzzzawzjy212978","24":"product_cat-fr-wvwzzzawzjy212978-vehicle-fr-2","25":"product_shipping_class-tarif-3","26":"entry","28":"first","29":"instock","30":"taxable","31":"shipping-taxable","32":"purchasable","33":"product-type-simple"},"jetpack_sharing_enabled":true,"_links":{"self":[{"href":"https:\/\/occasions-teile.ch\/en\/wp-json\/wp\/v2\/product\/41012","targetHints":{"allow":["GET"]}}],"collection":[{"href":"https:\/\/occasions-teile.ch\/en\/wp-json\/wp\/v2\/product"}],"about":[{"href":"https:\/\/occasions-teile.ch\/en\/wp-json\/wp\/v2\/types\/product"}],"wp:featuredmedia":[{"embeddable":true,"href":"https:\/\/occasions-teile.ch\/en\/wp-json\/wp\/v2\/media\/41009"}],"wp:attachment":[{"href":"https:\/\/occasions-teile.ch\/en\/wp-json\/wp\/v2\/media?parent=41012"}],"wp:term":[{"taxonomy":"product_brand","embeddable":true,"href":"https:\/\/occasions-teile.ch\/en\/wp-json\/wp\/v2\/product_brand?post=41012"},{"taxonomy":"product_cat","embeddable":true,"href":"https:\/\/occasions-teile.ch\/en\/wp-json\/wp\/v2\/product_cat?post=41012"},{"taxonomy":"product_tag","embeddable":true,"href":"https:\/\/occasions-teile.ch\/en\/wp-json\/wp\/v2\/product_tag?post=41012"}],"curies":[{"name":"wp","href":"https:\/\/api.w.org\/{rel}","templated":true}]}}