{"id":402856,"date":"2026-05-12T15:18:56","date_gmt":"2026-05-12T15:18:56","guid":{"rendered":"https:\/\/occasions-teile.ch\/product\/volvo-xc60-kuehlergrill\/"},"modified":"2026-05-12T15:19:00","modified_gmt":"2026-05-12T15:19:00","slug":"volvo-xc60-kuehlergrill","status":"publish","type":"product","link":"https:\/\/occasions-teile.ch\/en\/produkt\/volvo-xc60-kuehlergrill\/","title":{"rendered":"Volvo XC60  K\u00fchlergrill"},"content":{"rendered":"<p><span><b>Technische Daten<\/b><\/p>\n<p> Fahrzeug: Volvo XC60  T6 TE R-DESIGN EAWD<br \/>\n Chassis Nr.: YV1UZBFUDM1886214<br \/>\n Baujahr: 2021<br \/>\n Kilometer: 59723 KM<br \/>\n Leistung: 186 KW<br \/>\n Hubraum: 1969 ccm<br \/>\n Typ: 1VC291<br \/>\n Farbcode: dunkelgrau<br \/>\n Hinweise: Verkratzt<\/p>\n<p> Versand: Versand nur in der Schweiz m\u00f6glich.Im Ausland ist der Transport k\u00e4uferseits.<br \/>\n Garantie: 3 Monate Garantie. Bitte beachten Sie, dass die Gew\u00e4hrleistung nur g\u00fcltig ist, wenn der Ersatzteileinbau durch eine Fachwerkstatt\/Meisterwerkstatt erfolgt. Das Ein- und Ausbau des Ersatzteiles kann nicht an uns verrechnet werden. <\/p>\n<p> Ersatzteil: f\u00fcr andere Fahrzeugen (Marken) verf\u00fcgbar auf anfrage. Tel.041 980 27 47. Mobil. 076 589 27 47<\/p>\n<p> Kontakt<br \/>\n  Adresse: Autoverwertung Brun AG<br \/>\n           M\u00f6\u00f6slimatten 13<br \/>\n           6218 Ettiswil<br \/>\n  Telefon: 0041 (041) 980 27 47<br \/>\n  Telefax: 0041 (041) 980 03 47<\/p>\n<p> Wir bieten Ihnen weitere gebrauchte Autoteile zum Kauf an.<br \/>\n Tags: K\u00fchlergrill, Radiator grille , Grille de calandre<br \/>\n<\/span><\/p>\n","protected":false},"excerpt":{"rendered":"<p>Technische Daten Fahrzeug: Volvo XC60 T6 TE R-DESIGN EAWD Chassis Nr.: YV1UZBFUDM1886214 Baujahr: 2021 Kilometer: 59723 KM Leistung: 186 KW Hubraum: 1969 ccm Typ: 1VC291 Farbcode: dunkelgrau Hinweise: Verkratzt Versand: Versand nur in der Schweiz m\u00f6glich.Im Ausland ist der Transport k\u00e4uferseits. Garantie: 3 Monate Garantie. Bitte beachten Sie, dass die Gew\u00e4hrleistung nur g\u00fcltig ist, wenn&hellip; <a class=\"more-link\" href=\"https:\/\/occasions-teile.ch\/en\/produkt\/volvo-xc60-kuehlergrill\/\">Continue reading <span class=\"screen-reader-text\">Volvo XC60  K\u00fchlergrill<\/span><\/a><\/p>\n","protected":false},"featured_media":402853,"template":"","meta":[],"product_brand":[],"product_cat":[515,518,967,968,512,964,963,965,966,2903,2904,2905,3450,3451,3449,25016,25017,25018],"product_tag":[],"class_list":{"0":"post-402856","1":"product","2":"type-product","3":"status-publish","4":"has-post-thumbnail","6":"product_cat-en-body-front","7":"product_cat-fr-carrosserie-front","8":"product_cat-fr-grille-de-calandre","9":"product_cat-fr-grille-de-calandre-fr-grille-de-calandre","10":"product_cat-de-karosserie-front","11":"product_cat-de-kuehlergrill-de-kuehlergrill","12":"product_cat-de-kuehlergrill","13":"product_cat-en-radiator-grille","14":"product_cat-en-radiator-grille-en-radiator-grille","15":"product_cat-de_volvo","16":"product_cat-en_volvo","17":"product_cat-fr_volvo","18":"product_cat-en_slug_volvo_xc60_432","19":"product_cat-fr_slug_volvo_xc60_791","20":"product_cat-de_slug_volvo_xc60_973","21":"product_cat-de-yv1uzbfudm1886214-200000643","22":"product_cat-en-yv1uzbfudm1886214-200000643","23":"product_cat-fr-yv1uzbfudm1886214-200000643","24":"product_shipping_class-tarif-5","25":"entry","27":"first","28":"instock","29":"taxable","30":"shipping-taxable","31":"purchasable","32":"product-type-simple"},"jetpack_sharing_enabled":true,"_links":{"self":[{"href":"https:\/\/occasions-teile.ch\/en\/wp-json\/wp\/v2\/product\/402856","targetHints":{"allow":["GET"]}}],"collection":[{"href":"https:\/\/occasions-teile.ch\/en\/wp-json\/wp\/v2\/product"}],"about":[{"href":"https:\/\/occasions-teile.ch\/en\/wp-json\/wp\/v2\/types\/product"}],"wp:featuredmedia":[{"embeddable":true,"href":"https:\/\/occasions-teile.ch\/en\/wp-json\/wp\/v2\/media\/402853"}],"wp:attachment":[{"href":"https:\/\/occasions-teile.ch\/en\/wp-json\/wp\/v2\/media?parent=402856"}],"wp:term":[{"taxonomy":"product_brand","embeddable":true,"href":"https:\/\/occasions-teile.ch\/en\/wp-json\/wp\/v2\/product_brand?post=402856"},{"taxonomy":"product_cat","embeddable":true,"href":"https:\/\/occasions-teile.ch\/en\/wp-json\/wp\/v2\/product_cat?post=402856"},{"taxonomy":"product_tag","embeddable":true,"href":"https:\/\/occasions-teile.ch\/en\/wp-json\/wp\/v2\/product_tag?post=402856"}],"curies":[{"name":"wp","href":"https:\/\/api.w.org\/{rel}","templated":true}]}}