{"id":402808,"date":"2026-05-12T13:48:10","date_gmt":"2026-05-12T13:48:10","guid":{"rendered":"https:\/\/occasions-teile.ch\/product\/vw-polo-zuendspule\/"},"modified":"2026-05-12T13:48:16","modified_gmt":"2026-05-12T13:48:16","slug":"vw-polo-zuendspule","status":"publish","type":"product","link":"https:\/\/occasions-teile.ch\/en\/produkt\/vw-polo-zuendspule\/","title":{"rendered":"VW Polo  Z\u00fcndspule"},"content":{"rendered":"<p><span><b>Technische Daten<\/b><\/p>\n<p> Fahrzeug: VW Polo  9N 1.416V<br \/>\n Chassis Nr.: WVWZZZ9NZ3D137062<br \/>\n Baujahr: 2003<br \/>\n Kilometer: 140046 KM<br \/>\n Leistung: 75 KW<br \/>\n Hubraum: 1390 ccm<br \/>\n Typ: 1VD130<br \/>\n Farbcode: silberblau<br \/>\n Hinweise: &#8211;<\/p>\n<p> Versand: Versand nur in der Schweiz m\u00f6glich.Im Ausland ist der Transport k\u00e4uferseits.<br \/>\n Garantie: 3 Monate Garantie. Bitte beachten Sie, dass die Gew\u00e4hrleistung nur g\u00fcltig ist, wenn der Ersatzteileinbau durch eine Fachwerkstatt\/Meisterwerkstatt erfolgt. Das Ein- und Ausbau des Ersatzteiles kann nicht an uns verrechnet werden. <\/p>\n<p> Ersatzteil: f\u00fcr andere Fahrzeugen (Marken) verf\u00fcgbar auf anfrage. Tel.041 980 27 47. Mobil. 076 589 27 47<\/p>\n<p> Kontakt<br \/>\n  Adresse: Autoverwertung Brun AG<br \/>\n           M\u00f6\u00f6slimatten 13<br \/>\n           6218 Ettiswil<br \/>\n  Telefon: 0041 (041) 980 27 47<br \/>\n  Telefax: 0041 (041) 980 03 47<\/p>\n<p> Wir bieten Ihnen weitere gebrauchte Autoteile zum Kauf an.<br \/>\n Tags: Z\u00fcndspule, Ignition coil, Bobine d&#8217;allumage<br \/>\n<\/span><\/p>\n","protected":false},"excerpt":{"rendered":"<p>Technische Daten Fahrzeug: VW Polo 9N 1.416V Chassis Nr.: WVWZZZ9NZ3D137062 Baujahr: 2003 Kilometer: 140046 KM Leistung: 75 KW Hubraum: 1390 ccm Typ: 1VD130 Farbcode: silberblau Hinweise: &#8211; Versand: Versand nur in der Schweiz m\u00f6glich.Im Ausland ist der Transport k\u00e4uferseits. Garantie: 3 Monate Garantie. Bitte beachten Sie, dass die Gew\u00e4hrleistung nur g\u00fcltig ist, wenn der Ersatzteileinbau&hellip; <a class=\"more-link\" href=\"https:\/\/occasions-teile.ch\/en\/produkt\/vw-polo-zuendspule\/\">Continue reading <span class=\"screen-reader-text\">VW Polo  Z\u00fcndspule<\/span><\/a><\/p>\n","protected":false},"featured_media":402805,"template":"","meta":[],"product_brand":[],"product_cat":[1269,661,659,1268,500,494,497,657,1636,1638,1634,1280,1283,1286,25012,25010,25011,1267],"product_tag":[],"class_list":{"0":"post-402808","1":"product","2":"type-product","3":"status-publish","4":"has-post-thumbnail","6":"product_cat-fr-bobine-dallumage-bougie-de-prechauffage","7":"product_cat-fr-commande-du-moteur-allumage","8":"product_cat-en-engine-control-ignition","9":"product_cat-en-ignition-coil-glow-plug","10":"product_cat-fr-moteur","11":"product_cat-de-motor","12":"product_cat-en-motor","13":"product_cat-de-motorsteuerung-zuendung","14":"product_cat-en_polo","15":"product_cat-fr_polo","16":"product_cat-de_polo","17":"product_cat-de_volkswagen","18":"product_cat-en_volkswagen","19":"product_cat-fr_volkswagen","20":"product_cat-fr-wvwzzz9nz3d137062-200000648","21":"product_cat-de-wvwzzz9nz3d137062-200000648","22":"product_cat-en-wvwzzz9nz3d137062-200000648","23":"product_cat-de-zuendspule-gluehkerze","24":"product_shipping_class-tarif-1","25":"entry","27":"first","28":"instock","29":"taxable","30":"shipping-taxable","31":"purchasable","32":"product-type-simple"},"jetpack_sharing_enabled":true,"_links":{"self":[{"href":"https:\/\/occasions-teile.ch\/en\/wp-json\/wp\/v2\/product\/402808","targetHints":{"allow":["GET"]}}],"collection":[{"href":"https:\/\/occasions-teile.ch\/en\/wp-json\/wp\/v2\/product"}],"about":[{"href":"https:\/\/occasions-teile.ch\/en\/wp-json\/wp\/v2\/types\/product"}],"wp:featuredmedia":[{"embeddable":true,"href":"https:\/\/occasions-teile.ch\/en\/wp-json\/wp\/v2\/media\/402805"}],"wp:attachment":[{"href":"https:\/\/occasions-teile.ch\/en\/wp-json\/wp\/v2\/media?parent=402808"}],"wp:term":[{"taxonomy":"product_brand","embeddable":true,"href":"https:\/\/occasions-teile.ch\/en\/wp-json\/wp\/v2\/product_brand?post=402808"},{"taxonomy":"product_cat","embeddable":true,"href":"https:\/\/occasions-teile.ch\/en\/wp-json\/wp\/v2\/product_cat?post=402808"},{"taxonomy":"product_tag","embeddable":true,"href":"https:\/\/occasions-teile.ch\/en\/wp-json\/wp\/v2\/product_tag?post=402808"}],"curies":[{"name":"wp","href":"https:\/\/api.w.org\/{rel}","templated":true}]}}